{"id":31162,"date":"2024-08-13T14:19:30","date_gmt":"2024-08-13T12:19:30","guid":{"rendered":"https:\/\/gtlan.com\/producto\/automatic-f-o-fusing-machine\/"},"modified":"2024-08-13T14:19:30","modified_gmt":"2024-08-13T12:19:30","slug":"automatic-f-o-fusing-machine","status":"publish","type":"product","link":"https:\/\/gtlan.com\/en\/producto\/automatic-f-o-fusing-machine\/","title":{"rendered":"Automatic F.O. Fusing machine"},"content":{"rendered":"<p><strong>Gtlan&#8217;s automatic fusion splicer allows you to perform a large number of fusions in a short period of time.  <\/strong>  Thanks to its core feed, losses in your O.F. installations will no longer be a problem.<\/p>\n<div class=\"ast-oembed-container \" style=\"height: 100%;\"><iframe title=\"Fusionadora de Fibra \u00d3ptica m\u00e1s r\u00e1pida 20AOFS - La Herramienta Esencial para T\u00e9cnicos de FO \ud83d\udca1\" width=\"500\" height=\"281\" src=\"https:\/\/www.youtube.com\/embed\/dpZ2XZrTFDM?feature=oembed\" frameborder=\"0\" allow=\"accelerometer; autoplay; clipboard-write; encrypted-media; gyroscope; picture-in-picture; web-share\" referrerpolicy=\"strict-origin-when-cross-origin\" allowfullscreen><\/iframe><\/div>\n<h3><\/h3>\n<h3>Main characteristics:<\/h3>\n<ol>\n<li>High-resolution 5-inch LCD display with the ability to rotate the screen depending on the position.<\/li>\n<li><span class=\"TextRun SCXW192567526 BCX8\" lang=\"ES-ES\" xml:lang=\"ES-ES\" data-contrast=\"auto\"><span class=\"NormalTextRun SCXW192567526 BCX8\">Dual interface, touch screen + keypad.<\/span><\/span><span class=\"EOP SCXW192567526 BCX8\" data-ccp-props=\"{}\"> <\/span><\/li>\n<li><span class=\"TextRun SCXW189881979 BCX8\" lang=\"ES-ES\" xml:lang=\"ES-ES\" data-contrast=\"auto\"><span class=\"NormalTextRun SCXW189881979 BCX8\">Average splice time: 8 seconds.<\/span><\/span><\/li>\n<li><span class=\"TextRun SCXW185194050 BCX8\" lang=\"ES-ES\" xml:lang=\"ES-ES\" data-contrast=\"auto\"><span class=\"NormalTextRun SCXW185194050 BCX8\">Average tube heating time: 20 seconds.<\/span><\/span><\/li>\n<li><span class=\"TextRun SCXW180271662 BCX8\" lang=\"ES-ES\" xml:lang=\"ES-ES\" data-contrast=\"auto\"><span class=\"NormalTextRun SCXW180271662 BCX8\">  Lithium battery: rechargeable, with up to 220 continuous splices and heating after a full charge.<\/span><\/span><span class=\"EOP SCXW180271662 BCX8\" data-ccp-props=\"{}\"> <\/span><\/li>\n<li><span class=\"TextRun SCXW206573777 BCX8\" lang=\"ES-ES\" xml:lang=\"ES-ES\" data-contrast=\"auto\"><span class=\"NormalTextRun SCXW206573777 BCX8\">Separate X- and Y-axis display at 520x, or 230x magnification.<\/span><\/span><\/li>\n<li>New patented fiber core alignment technology improves fusion strength and resistance.<\/li>\n<li>Different fusion modes: automatic, manual and fully realizable.<\/li>\n<li>USB port.<\/li>\n<\/ol>\n<h3>Accessories included:<\/h3>\n<ul>\n<li>Automatic fusion machine.<\/li>\n<li>Precision F.O. cutter<\/li>\n<li>Power adapter (charger).<\/li>\n<li>F.O. peeler<\/li>\n<li>Battery.<\/li>\n<li>Spare electrodes.<\/li>\n<li>Cooling tray for after oven use.<\/li>\n<li>CD with instructions.<\/li>\n<li>Quick reference guide.<\/li>\n<li>Wire stripping tool.<\/li>\n<li>Suitcase for transport.<\/li>\n<\/ul>\n","protected":false},"excerpt":{"rendered":"<h6><a href=\"https:\/\/gtlan.com\/wp-content\/uploads\/ftgtlan\/20AOFS.pdf\" target=\"_blank\" rel=\"noopener\"><strong>\u21e9 Technical Data Sheet <\/strong><strong>\u21e9 <\/strong> <\/a><\/h6>\n<p>Gtlan&#8217;s automatic fusion splicer allows you to <strong>perform a large number of fusions in a short period of time.<\/strong> Thanks to its core feed, losses in your F.O. installations will no longer be a problem.<\/p>\n<h6><\/h6>\n","protected":false},"featured_media":27590,"template":"","meta":{"site-sidebar-layout":"default","site-content-layout":"","ast-site-content-layout":"default","site-content-style":"default","site-sidebar-style":"default","ast-global-header-display":"","ast-banner-title-visibility":"","ast-main-header-display":"","ast-hfb-above-header-display":"","ast-hfb-below-header-display":"","ast-hfb-mobile-header-display":"","site-post-title":"","ast-breadcrumbs-content":"","ast-featured-img":"","footer-sml-layout":"","ast-disable-related-posts":"","theme-transparent-header-meta":"default","adv-header-id-meta":"","stick-header-meta":"","header-above-stick-meta":"","header-main-stick-meta":"","header-below-stick-meta":"","astra-migrate-meta-layouts":"default","ast-page-background-enabled":"default","ast-page-background-meta":{"desktop":{"background-color":"var(--ast-global-color-5)","background-image":"","background-repeat":"repeat","background-position":"center center","background-size":"auto","background-attachment":"scroll","background-type":"","background-media":"","overlay-type":"","overlay-color":"","overlay-opacity":"","overlay-gradient":""},"tablet":{"background-color":"","background-image":"","background-repeat":"repeat","background-position":"center center","background-size":"auto","background-attachment":"scroll","background-type":"","background-media":"","overlay-type":"","overlay-color":"","overlay-opacity":"","overlay-gradient":""},"mobile":{"background-color":"","background-image":"","background-repeat":"repeat","background-position":"center center","background-size":"auto","background-attachment":"scroll","background-type":"","background-media":"","overlay-type":"","overlay-color":"","overlay-opacity":"","overlay-gradient":""}},"ast-content-background-meta":{"desktop":{"background-color":"var(--ast-global-color-4)","background-image":"","background-repeat":"repeat","background-position":"center center","background-size":"auto","background-attachment":"scroll","background-type":"","background-media":"","overlay-type":"","overlay-color":"","overlay-opacity":"","overlay-gradient":""},"tablet":{"background-color":"var(--ast-global-color-4)","background-image":"","background-repeat":"repeat","background-position":"center center","background-size":"auto","background-attachment":"scroll","background-type":"","background-media":"","overlay-type":"","overlay-color":"","overlay-opacity":"","overlay-gradient":""},"mobile":{"background-color":"var(--ast-global-color-4)","background-image":"","background-repeat":"repeat","background-position":"center center","background-size":"auto","background-attachment":"scroll","background-type":"","background-media":"","overlay-type":"","overlay-color":"","overlay-opacity":"","overlay-gradient":""}}},"product_brand":[],"product_cat":[7961,4223,4217,7685],"product_tag":[5121,5119,5122,5111,5112,5114,5115,5116,5118],"class_list":{"0":"post-31162","1":"product","2":"type-product","3":"status-publish","4":"has-post-thumbnail","6":"product_cat-fiber-optic-fusion-splicers","7":"product_cat-fiber-optic-tools","8":"product_cat-fiber-optics","9":"product_cat-installation-tools-verification","10":"product_tag-fiber-installation-tools","11":"product_tag-fiber-optic-cables","12":"product_tag-fiber-testing-tools","13":"product_tag-om1-multimode-fiber","14":"product_tag-om2-multimode-fiber","15":"product_tag-om3-multimode-fiber","16":"product_tag-om4-multimode-fiber","17":"product_tag-os2-multimode-fiber","18":"product_tag-single-mode-ftth","19":"desktop-align-left","20":"tablet-align-left","21":"mobile-align-left","23":"first","24":"instock","25":"shipping-taxable","26":"product-type-simple"},"_links":{"self":[{"href":"https:\/\/gtlan.com\/en\/wp-json\/wp\/v2\/product\/31162","targetHints":{"allow":["GET"]}}],"collection":[{"href":"https:\/\/gtlan.com\/en\/wp-json\/wp\/v2\/product"}],"about":[{"href":"https:\/\/gtlan.com\/en\/wp-json\/wp\/v2\/types\/product"}],"wp:featuredmedia":[{"embeddable":true,"href":"https:\/\/gtlan.com\/en\/wp-json\/wp\/v2\/media\/27590"}],"wp:attachment":[{"href":"https:\/\/gtlan.com\/en\/wp-json\/wp\/v2\/media?parent=31162"}],"wp:term":[{"taxonomy":"product_brand","embeddable":true,"href":"https:\/\/gtlan.com\/en\/wp-json\/wp\/v2\/product_brand?post=31162"},{"taxonomy":"product_cat","embeddable":true,"href":"https:\/\/gtlan.com\/en\/wp-json\/wp\/v2\/product_cat?post=31162"},{"taxonomy":"product_tag","embeddable":true,"href":"https:\/\/gtlan.com\/en\/wp-json\/wp\/v2\/product_tag?post=31162"}],"curies":[{"name":"wp","href":"https:\/\/api.w.org\/{rel}","templated":true}]}}