{"id":29352,"date":"2025-03-13T13:39:10","date_gmt":"2025-03-13T12:39:10","guid":{"rendered":"https:\/\/gtlan.com\/blogue\/"},"modified":"2025-04-13T09:34:09","modified_gmt":"2025-04-13T07:34:09","slug":"blogue","status":"publish","type":"page","link":"https:\/\/gtlan.com\/pt-pt\/blogue\/","title":{"rendered":"Blogue"},"content":{"rendered":"\t\t<div data-elementor-type=\"wp-page\" data-elementor-id=\"29352\" class=\"elementor elementor-29352 elementor-25915\" data-elementor-post-type=\"page\">\n\t\t\t\t<div class=\"elementor-element elementor-element-331560e e-con-full e-flex e-con e-parent\" data-id=\"331560e\" data-element_type=\"container\" data-e-type=\"container\" data-settings=\"{&quot;background_background&quot;:&quot;classic&quot;}\">\n\t\t\t\t<div class=\"elementor-element elementor-element-ea26e2b elementor-widget elementor-widget-heading\" data-id=\"ea26e2b\" data-element_type=\"widget\" data-e-type=\"widget\" data-widget_type=\"heading.default\">\n\t\t\t\t<div class=\"elementor-widget-container\">\n\t\t\t\t\t<h2 class=\"elementor-heading-title elementor-size-default\">Blogue<\/h2>\t\t\t\t<\/div>\n\t\t\t\t<\/div>\n\t\t\t\t<\/div>\n\t\t<div class=\"elementor-element elementor-element-5fe127b e-flex e-con-boxed e-con e-parent\" data-id=\"5fe127b\" data-element_type=\"container\" data-e-type=\"container\">\n\t\t\t\t\t<div class=\"e-con-inner\">\n\t\t\t\t<div class=\"elementor-element elementor-element-4d1035c elementor-grid-3 elementor-grid-tablet-2 elementor-grid-mobile-1 elementor-posts--thumbnail-top elementor-widget elementor-widget-posts\" data-id=\"4d1035c\" data-element_type=\"widget\" data-e-type=\"widget\" data-settings=\"{&quot;classic_columns&quot;:&quot;3&quot;,&quot;classic_columns_tablet&quot;:&quot;2&quot;,&quot;classic_columns_mobile&quot;:&quot;1&quot;,&quot;classic_row_gap&quot;:{&quot;unit&quot;:&quot;px&quot;,&quot;size&quot;:35,&quot;sizes&quot;:[]},&quot;classic_row_gap_tablet&quot;:{&quot;unit&quot;:&quot;px&quot;,&quot;size&quot;:&quot;&quot;,&quot;sizes&quot;:[]},&quot;classic_row_gap_mobile&quot;:{&quot;unit&quot;:&quot;px&quot;,&quot;size&quot;:&quot;&quot;,&quot;sizes&quot;:[]}}\" data-widget_type=\"posts.classic\">\n\t\t\t\t<div class=\"elementor-widget-container\">\n\t\t\t\t\t\t\t<div class=\"elementor-posts-container elementor-posts elementor-posts--skin-classic elementor-grid\" role=\"list\">\n\t\t\t\t<article class=\"elementor-post elementor-grid-item post-32454 post type-post status-publish format-standard hentry category-noticias-pt-pt\" role=\"listitem\">\n\t\t\t\t<div class=\"elementor-post__text\">\n\t\t\t\t<h3 class=\"elementor-post__title\">\n\t\t\t<a href=\"https:\/\/gtlan.com\/pt-pt\/noticias-pt-pt\/cabo-utp-o-que-e-tipos-e-carateristicas\/\" >\n\t\t\t\tcabo utp: o que \u00e9, tipos e carater\u00edsticas\t\t\t<\/a>\n\t\t<\/h3>\n\t\t\t\t<div class=\"elementor-post__meta-data\">\n\t\t\t\t\t<span class=\"elementor-post-date\">\n\t\t\t5 de Junho de 2025\t\t<\/span>\n\t\t\t\t<span class=\"elementor-post-avatar\">\n\t\t\tSem coment\u00e1rios\t\t<\/span>\n\t\t\t\t<\/div>\n\t\t\t\t<div class=\"elementor-post__excerpt\">\n\t\t\t<p>O cabo cabo UTP \u00e9 uma das solu\u00e7\u00f5es mais comuns nas instala\u00e7\u00f5es de rede e no sector das comunica\u00e7\u00f5es, uma<\/p>\n\t\t<\/div>\n\t\t\n\t\t<a class=\"elementor-post__read-more\" href=\"https:\/\/gtlan.com\/pt-pt\/noticias-pt-pt\/cabo-utp-o-que-e-tipos-e-carateristicas\/\" aria-label=\"Read more about cabo utp: o que \u00e9, tipos e carater\u00edsticas\" tabindex=\"-1\" >\n\t\t\tL\u00ea mais \"\t\t<\/a>\n\n\t\t\t\t<\/div>\n\t\t\t\t<\/article>\n\t\t\t\t<article class=\"elementor-post elementor-grid-item post-32247 post type-post status-publish format-standard has-post-thumbnail hentry category-noticias-pt-pt\" role=\"listitem\">\n\t\t\t\t<a class=\"elementor-post__thumbnail__link\" href=\"https:\/\/gtlan.com\/pt-pt\/noticias-pt-pt\/cabo-cca-porque-e-que-e-uma-ma-escolha\/\" tabindex=\"-1\" >\n\t\t\t<div class=\"elementor-post__thumbnail\"><img fetchpriority=\"high\" decoding=\"async\" width=\"300\" height=\"183\" src=\"https:\/\/gtlan.com\/wp-content\/uploads\/cable-cca-300x183.jpg\" class=\"attachment-medium size-medium wp-image-32243\" alt=\"cable cca\" srcset=\"https:\/\/gtlan.com\/wp-content\/uploads\/cable-cca-300x183.jpg 300w, https:\/\/gtlan.com\/wp-content\/uploads\/cable-cca-1024x626.jpg 1024w, https:\/\/gtlan.com\/wp-content\/uploads\/cable-cca-768x470.jpg 768w, https:\/\/gtlan.com\/wp-content\/uploads\/cable-cca-1536x939.jpg 1536w, https:\/\/gtlan.com\/wp-content\/uploads\/cable-cca-600x367.jpg 600w, https:\/\/gtlan.com\/wp-content\/uploads\/cable-cca.jpg 2000w\" sizes=\"(max-width: 300px) 100vw, 300px\" \/><\/div>\n\t\t<\/a>\n\t\t\t\t<div class=\"elementor-post__text\">\n\t\t\t\t<h3 class=\"elementor-post__title\">\n\t\t\t<a href=\"https:\/\/gtlan.com\/pt-pt\/noticias-pt-pt\/cabo-cca-porque-e-que-e-uma-ma-escolha\/\" >\n\t\t\t\tCabo CCA: Porque \u00e9 que \u00e9 uma m\u00e1 escolha?\t\t\t<\/a>\n\t\t<\/h3>\n\t\t\t\t<div class=\"elementor-post__meta-data\">\n\t\t\t\t\t<span class=\"elementor-post-date\">\n\t\t\t9 de Maio de 2025\t\t<\/span>\n\t\t\t\t<span class=\"elementor-post-avatar\">\n\t\t\tSem coment\u00e1rios\t\t<\/span>\n\t\t\t\t<\/div>\n\t\t\t\t<div class=\"elementor-post__excerpt\">\n\t\t\t<p>&#13; O cabo CCA, Copper Clad Aluminum, tamb\u00e9m conhecido como cabo de alum\u00ednio revestido a cobre, \u00e9 utilizado na cablagem<\/p>\n\t\t<\/div>\n\t\t\n\t\t<a class=\"elementor-post__read-more\" href=\"https:\/\/gtlan.com\/pt-pt\/noticias-pt-pt\/cabo-cca-porque-e-que-e-uma-ma-escolha\/\" aria-label=\"Read more about Cabo CCA: Porque \u00e9 que \u00e9 uma m\u00e1 escolha?\" tabindex=\"-1\" >\n\t\t\tL\u00ea mais \"\t\t<\/a>\n\n\t\t\t\t<\/div>\n\t\t\t\t<\/article>\n\t\t\t\t<article class=\"elementor-post elementor-grid-item post-32257 post type-post status-publish format-standard has-post-thumbnail hentry category-noticias-pt-pt\" role=\"listitem\">\n\t\t\t\t<a class=\"elementor-post__thumbnail__link\" href=\"https:\/\/gtlan.com\/pt-pt\/noticias-pt-pt\/como-organizar-o-teu-armario-de-estantes-de-forma-segura-e-profissional\/\" tabindex=\"-1\" >\n\t\t\t<div class=\"elementor-post__thumbnail\"><img decoding=\"async\" width=\"294\" height=\"300\" src=\"https:\/\/gtlan.com\/wp-content\/uploads\/como-organizar-armario-rack-294x300.jpg\" class=\"attachment-medium size-medium wp-image-32255\" alt=\"como organizar armario rack\" srcset=\"https:\/\/gtlan.com\/wp-content\/uploads\/como-organizar-armario-rack-294x300.jpg 294w, https:\/\/gtlan.com\/wp-content\/uploads\/como-organizar-armario-rack-1003x1024.jpg 1003w, https:\/\/gtlan.com\/wp-content\/uploads\/como-organizar-armario-rack-768x784.jpg 768w, https:\/\/gtlan.com\/wp-content\/uploads\/como-organizar-armario-rack-600x613.jpg 600w, https:\/\/gtlan.com\/wp-content\/uploads\/como-organizar-armario-rack.jpg 1469w\" sizes=\"(max-width: 294px) 100vw, 294px\" \/><\/div>\n\t\t<\/a>\n\t\t\t\t<div class=\"elementor-post__text\">\n\t\t\t\t<h3 class=\"elementor-post__title\">\n\t\t\t<a href=\"https:\/\/gtlan.com\/pt-pt\/noticias-pt-pt\/como-organizar-o-teu-armario-de-estantes-de-forma-segura-e-profissional\/\" >\n\t\t\t\tComo organizar o teu arm\u00e1rio de estantes de forma segura e profissional\t\t\t<\/a>\n\t\t<\/h3>\n\t\t\t\t<div class=\"elementor-post__meta-data\">\n\t\t\t\t\t<span class=\"elementor-post-date\">\n\t\t\t8 de Maio de 2025\t\t<\/span>\n\t\t\t\t<span class=\"elementor-post-avatar\">\n\t\t\tSem coment\u00e1rios\t\t<\/span>\n\t\t\t\t<\/div>\n\t\t\t\t<div class=\"elementor-post__excerpt\">\n\t\t\t<p>Mant\u00e9m um arm\u00e1rio de rack e um computador organizados organiza o arm\u00e1rio da estante e o computador \u00e9 um fator<\/p>\n\t\t<\/div>\n\t\t\n\t\t<a class=\"elementor-post__read-more\" href=\"https:\/\/gtlan.com\/pt-pt\/noticias-pt-pt\/como-organizar-o-teu-armario-de-estantes-de-forma-segura-e-profissional\/\" aria-label=\"Read more about Como organizar o teu arm\u00e1rio de estantes de forma segura e profissional\" tabindex=\"-1\" >\n\t\t\tL\u00ea mais \"\t\t<\/a>\n\n\t\t\t\t<\/div>\n\t\t\t\t<\/article>\n\t\t\t\t<article class=\"elementor-post elementor-grid-item post-29899 post type-post status-publish format-standard has-post-thumbnail hentry category-rede-de-pares-de-cobre-entrancados\" role=\"listitem\">\n\t\t\t\t<a class=\"elementor-post__thumbnail__link\" href=\"https:\/\/gtlan.com\/pt-pt\/rede-de-pares-de-cobre-entrancados\/um-rotundo-nao-ao-cabo-cca-nas-redes-de-telecomunicacoes-o-aluminio-nao-supera-o-cobre-mesmo-com-batota\/\" tabindex=\"-1\" >\n\t\t\t<div class=\"elementor-post__thumbnail\"><img decoding=\"async\" width=\"300\" height=\"198\" src=\"https:\/\/gtlan.com\/wp-content\/uploads\/No-rotundo-al-cable-CCA-GTLAN-300x198.jpg\" class=\"attachment-medium size-medium wp-image-29169\" alt=\"No rotundo al cable CCA GTLAN\" srcset=\"https:\/\/gtlan.com\/wp-content\/uploads\/No-rotundo-al-cable-CCA-GTLAN-300x198.jpg 300w, https:\/\/gtlan.com\/wp-content\/uploads\/No-rotundo-al-cable-CCA-GTLAN-1024x677.jpg 1024w, https:\/\/gtlan.com\/wp-content\/uploads\/No-rotundo-al-cable-CCA-GTLAN-768x508.jpg 768w, https:\/\/gtlan.com\/wp-content\/uploads\/No-rotundo-al-cable-CCA-GTLAN-600x397.jpg 600w, https:\/\/gtlan.com\/wp-content\/uploads\/No-rotundo-al-cable-CCA-GTLAN.jpg 1174w\" sizes=\"(max-width: 300px) 100vw, 300px\" \/><\/div>\n\t\t<\/a>\n\t\t\t\t<div class=\"elementor-post__text\">\n\t\t\t\t<h3 class=\"elementor-post__title\">\n\t\t\t<a href=\"https:\/\/gtlan.com\/pt-pt\/rede-de-pares-de-cobre-entrancados\/um-rotundo-nao-ao-cabo-cca-nas-redes-de-telecomunicacoes-o-aluminio-nao-supera-o-cobre-mesmo-com-batota\/\" >\n\t\t\t\tUm rotundo n\u00e3o ao cabo CCA | Nas redes de telecomunica\u00e7\u00f5es, o alum\u00ednio n\u00e3o supera o cobre, mesmo com batota.\t\t\t<\/a>\n\t\t<\/h3>\n\t\t\t\t<div class=\"elementor-post__meta-data\">\n\t\t\t\t\t<span class=\"elementor-post-date\">\n\t\t\t3 de Abril de 2025\t\t<\/span>\n\t\t\t\t<span class=\"elementor-post-avatar\">\n\t\t\tSem coment\u00e1rios\t\t<\/span>\n\t\t\t\t<\/div>\n\t\t\t\t<div class=\"elementor-post__excerpt\">\n\t\t\t<p>&#13; Na cablagem estruturada, s\u00e3o utilizados dois tipos principais de condutores: cabos de cobre puro (Cu) e cabos de cobre<\/p>\n\t\t<\/div>\n\t\t\n\t\t<a class=\"elementor-post__read-more\" href=\"https:\/\/gtlan.com\/pt-pt\/rede-de-pares-de-cobre-entrancados\/um-rotundo-nao-ao-cabo-cca-nas-redes-de-telecomunicacoes-o-aluminio-nao-supera-o-cobre-mesmo-com-batota\/\" aria-label=\"Read more about Um rotundo n\u00e3o ao cabo CCA | Nas redes de telecomunica\u00e7\u00f5es, o alum\u00ednio n\u00e3o supera o cobre, mesmo com batota.\" tabindex=\"-1\" >\n\t\t\tL\u00ea mais \"\t\t<\/a>\n\n\t\t\t\t<\/div>\n\t\t\t\t<\/article>\n\t\t\t\t<article class=\"elementor-post elementor-grid-item post-29912 post type-post status-publish format-standard has-post-thumbnail hentry category-fibra-otica tag-conversor-gtlan-pt-pt tag-fibra-otica tag-instalacao-rapida tag-rede-de-cabo-para-fibra\" role=\"listitem\">\n\t\t\t\t<a class=\"elementor-post__thumbnail__link\" href=\"https:\/\/gtlan.com\/pt-pt\/fibra-otica\/como-mudar-rapidamente-a-tua-rede-de-cabo-para-fibra-conversor-de-cabo-para-fibra\/\" tabindex=\"-1\" >\n\t\t\t<div class=\"elementor-post__thumbnail\"><img loading=\"lazy\" decoding=\"async\" width=\"300\" height=\"169\" src=\"https:\/\/gtlan.com\/wp-content\/uploads\/\u00bfComo-cambiar-tu-red-de-cable-a-fibra-rapidamente-Conversor-de-cable-a-fibra-optica-Gtlan-300x169.jpg\" class=\"attachment-medium size-medium wp-image-28271\" alt=\"\" srcset=\"https:\/\/gtlan.com\/wp-content\/uploads\/\u00bfComo-cambiar-tu-red-de-cable-a-fibra-rapidamente-Conversor-de-cable-a-fibra-optica-Gtlan-300x169.jpg 300w, https:\/\/gtlan.com\/wp-content\/uploads\/\u00bfComo-cambiar-tu-red-de-cable-a-fibra-rapidamente-Conversor-de-cable-a-fibra-optica-Gtlan-1024x576.jpg 1024w, https:\/\/gtlan.com\/wp-content\/uploads\/\u00bfComo-cambiar-tu-red-de-cable-a-fibra-rapidamente-Conversor-de-cable-a-fibra-optica-Gtlan-768x432.jpg 768w, https:\/\/gtlan.com\/wp-content\/uploads\/\u00bfComo-cambiar-tu-red-de-cable-a-fibra-rapidamente-Conversor-de-cable-a-fibra-optica-Gtlan-1080x608.jpg 1080w, https:\/\/gtlan.com\/wp-content\/uploads\/\u00bfComo-cambiar-tu-red-de-cable-a-fibra-rapidamente-Conversor-de-cable-a-fibra-optica-Gtlan-980x551.jpg 980w, https:\/\/gtlan.com\/wp-content\/uploads\/\u00bfComo-cambiar-tu-red-de-cable-a-fibra-rapidamente-Conversor-de-cable-a-fibra-optica-Gtlan-480x270.jpg 480w, https:\/\/gtlan.com\/wp-content\/uploads\/\u00bfComo-cambiar-tu-red-de-cable-a-fibra-rapidamente-Conversor-de-cable-a-fibra-optica-Gtlan-600x338.jpg 600w, https:\/\/gtlan.com\/wp-content\/uploads\/\u00bfComo-cambiar-tu-red-de-cable-a-fibra-rapidamente-Conversor-de-cable-a-fibra-optica-Gtlan.jpg 1280w\" sizes=\"(max-width: 300px) 100vw, 300px\" \/><\/div>\n\t\t<\/a>\n\t\t\t\t<div class=\"elementor-post__text\">\n\t\t\t\t<h3 class=\"elementor-post__title\">\n\t\t\t<a href=\"https:\/\/gtlan.com\/pt-pt\/fibra-otica\/como-mudar-rapidamente-a-tua-rede-de-cabo-para-fibra-conversor-de-cabo-para-fibra\/\" >\n\t\t\t\tComo mudar rapidamente a tua rede de cabo para fibra? Conversor de cabo para fibra\t\t\t<\/a>\n\t\t<\/h3>\n\t\t\t\t<div class=\"elementor-post__meta-data\">\n\t\t\t\t\t<span class=\"elementor-post-date\">\n\t\t\t1 de Outubro de 2024\t\t<\/span>\n\t\t\t\t<span class=\"elementor-post-avatar\">\n\t\t\tSem coment\u00e1rios\t\t<\/span>\n\t\t\t\t<\/div>\n\t\t\t\t<div class=\"elementor-post__excerpt\">\n\t\t\t<p>A transi\u00e7\u00e3o de uma rede de cabo tradicional para fibra \u00f3tica pode parecer um processo complicado, mas com as ferramentas<\/p>\n\t\t<\/div>\n\t\t\n\t\t<a class=\"elementor-post__read-more\" href=\"https:\/\/gtlan.com\/pt-pt\/fibra-otica\/como-mudar-rapidamente-a-tua-rede-de-cabo-para-fibra-conversor-de-cabo-para-fibra\/\" aria-label=\"Read more about Como mudar rapidamente a tua rede de cabo para fibra? Conversor de cabo para fibra\" tabindex=\"-1\" >\n\t\t\tL\u00ea mais \"\t\t<\/a>\n\n\t\t\t\t<\/div>\n\t\t\t\t<\/article>\n\t\t\t\t<article class=\"elementor-post elementor-grid-item post-29917 post type-post status-publish format-standard has-post-thumbnail hentry category-armarios-rack-pt-pt\" role=\"listitem\">\n\t\t\t\t<a class=\"elementor-post__thumbnail__link\" href=\"https:\/\/gtlan.com\/pt-pt\/armarios-rack-pt-pt\/armario-de-voz-e-dados-pre-configurado-com-24-postes-solucao-gtlan-para-otimizar-a-tua-rede\/\" tabindex=\"-1\" >\n\t\t\t<div class=\"elementor-post__thumbnail\"><img loading=\"lazy\" decoding=\"async\" width=\"300\" height=\"169\" src=\"https:\/\/gtlan.com\/wp-content\/uploads\/Armario-Preconfigurado-de-Voz-y-Datos-de-GTLAN-300x169.jpg\" class=\"attachment-medium size-medium wp-image-28269\" alt=\"\" srcset=\"https:\/\/gtlan.com\/wp-content\/uploads\/Armario-Preconfigurado-de-Voz-y-Datos-de-GTLAN-300x169.jpg 300w, https:\/\/gtlan.com\/wp-content\/uploads\/Armario-Preconfigurado-de-Voz-y-Datos-de-GTLAN-1024x576.jpg 1024w, https:\/\/gtlan.com\/wp-content\/uploads\/Armario-Preconfigurado-de-Voz-y-Datos-de-GTLAN-768x432.jpg 768w, https:\/\/gtlan.com\/wp-content\/uploads\/Armario-Preconfigurado-de-Voz-y-Datos-de-GTLAN-1080x608.jpg 1080w, https:\/\/gtlan.com\/wp-content\/uploads\/Armario-Preconfigurado-de-Voz-y-Datos-de-GTLAN-980x551.jpg 980w, https:\/\/gtlan.com\/wp-content\/uploads\/Armario-Preconfigurado-de-Voz-y-Datos-de-GTLAN-480x270.jpg 480w, https:\/\/gtlan.com\/wp-content\/uploads\/Armario-Preconfigurado-de-Voz-y-Datos-de-GTLAN-600x338.jpg 600w, https:\/\/gtlan.com\/wp-content\/uploads\/Armario-Preconfigurado-de-Voz-y-Datos-de-GTLAN.jpg 1280w\" sizes=\"(max-width: 300px) 100vw, 300px\" \/><\/div>\n\t\t<\/a>\n\t\t\t\t<div class=\"elementor-post__text\">\n\t\t\t\t<h3 class=\"elementor-post__title\">\n\t\t\t<a href=\"https:\/\/gtlan.com\/pt-pt\/armarios-rack-pt-pt\/armario-de-voz-e-dados-pre-configurado-com-24-postes-solucao-gtlan-para-otimizar-a-tua-rede\/\" >\n\t\t\t\tArm\u00e1rio de voz e dados pr\u00e9-configurado com 24 postes | Solu\u00e7\u00e3o GTLAN para otimizar a tua rede\t\t\t<\/a>\n\t\t<\/h3>\n\t\t\t\t<div class=\"elementor-post__meta-data\">\n\t\t\t\t\t<span class=\"elementor-post-date\">\n\t\t\t11 de Setembro de 2024\t\t<\/span>\n\t\t\t\t<span class=\"elementor-post-avatar\">\n\t\t\tSem coment\u00e1rios\t\t<\/span>\n\t\t\t\t<\/div>\n\t\t\t\t<div class=\"elementor-post__excerpt\">\n\t\t\t<p>Optimiza a tua infraestrutura com este arm\u00e1rio pr\u00e9-configurado e garante um desempenho de rede sem problemas &#8211; descobre mais no<\/p>\n\t\t<\/div>\n\t\t\n\t\t<a class=\"elementor-post__read-more\" href=\"https:\/\/gtlan.com\/pt-pt\/armarios-rack-pt-pt\/armario-de-voz-e-dados-pre-configurado-com-24-postes-solucao-gtlan-para-otimizar-a-tua-rede\/\" aria-label=\"Read more about Arm\u00e1rio de voz e dados pr\u00e9-configurado com 24 postes | Solu\u00e7\u00e3o GTLAN para otimizar a tua rede\" tabindex=\"-1\" >\n\t\t\tL\u00ea mais \"\t\t<\/a>\n\n\t\t\t\t<\/div>\n\t\t\t\t<\/article>\n\t\t\t\t<\/div>\n\t\t\n\t\t\t\t\t\t<\/div>\n\t\t\t\t<\/div>\n\t\t\t\t\t<\/div>\n\t\t\t\t<\/div>\n\t\t\t\t<\/div>\n\t\t","protected":false},"excerpt":{"rendered":"<p>Blogue<\/p>\n","protected":false},"author":5,"featured_media":0,"parent":0,"menu_order":0,"comment_status":"closed","ping_status":"closed","template":"","meta":{"site-sidebar-layout":"no-sidebar","site-content-layout":"","ast-site-content-layout":"full-width-container","site-content-style":"default","site-sidebar-style":"default","ast-global-header-display":"","ast-banner-title-visibility":"","ast-main-header-display":"","ast-hfb-above-header-display":"","ast-hfb-below-header-display":"","ast-hfb-mobile-header-display":"","site-post-title":"disabled","ast-breadcrumbs-content":"","ast-featured-img":"disabled","footer-sml-layout":"","ast-disable-related-posts":"","theme-transparent-header-meta":"","adv-header-id-meta":"","stick-header-meta":"","header-above-stick-meta":"","header-main-stick-meta":"","header-below-stick-meta":"","astra-migrate-meta-layouts":"default","ast-page-background-enabled":"default","ast-page-background-meta":{"desktop":{"background-color":"var(--ast-global-color-5)","background-image":"","background-repeat":"repeat","background-position":"center center","background-size":"auto","background-attachment":"scroll","background-type":"","background-media":"","overlay-type":"","overlay-color":"","overlay-opacity":"","overlay-gradient":""},"tablet":{"background-color":"","background-image":"","background-repeat":"repeat","background-position":"center center","background-size":"auto","background-attachment":"scroll","background-type":"","background-media":"","overlay-type":"","overlay-color":"","overlay-opacity":"","overlay-gradient":""},"mobile":{"background-color":"","background-image":"","background-repeat":"repeat","background-position":"center center","background-size":"auto","background-attachment":"scroll","background-type":"","background-media":"","overlay-type":"","overlay-color":"","overlay-opacity":"","overlay-gradient":""}},"ast-content-background-meta":{"desktop":{"background-color":"var(--ast-global-color-4)","background-image":"","background-repeat":"repeat","background-position":"center center","background-size":"auto","background-attachment":"scroll","background-type":"","background-media":"","overlay-type":"","overlay-color":"","overlay-opacity":"","overlay-gradient":""},"tablet":{"background-color":"var(--ast-global-color-4)","background-image":"","background-repeat":"repeat","background-position":"center center","background-size":"auto","background-attachment":"scroll","background-type":"","background-media":"","overlay-type":"","overlay-color":"","overlay-opacity":"","overlay-gradient":""},"mobile":{"background-color":"var(--ast-global-color-4)","background-image":"","background-repeat":"repeat","background-position":"center center","background-size":"auto","background-attachment":"scroll","background-type":"","background-media":"","overlay-type":"","overlay-color":"","overlay-opacity":"","overlay-gradient":""}},"footnotes":""},"class_list":["post-29352","page","type-page","status-publish","hentry"],"_links":{"self":[{"href":"https:\/\/gtlan.com\/pt-pt\/wp-json\/wp\/v2\/pages\/29352","targetHints":{"allow":["GET"]}}],"collection":[{"href":"https:\/\/gtlan.com\/pt-pt\/wp-json\/wp\/v2\/pages"}],"about":[{"href":"https:\/\/gtlan.com\/pt-pt\/wp-json\/wp\/v2\/types\/page"}],"author":[{"embeddable":true,"href":"https:\/\/gtlan.com\/pt-pt\/wp-json\/wp\/v2\/users\/5"}],"replies":[{"embeddable":true,"href":"https:\/\/gtlan.com\/pt-pt\/wp-json\/wp\/v2\/comments?post=29352"}],"version-history":[{"count":0,"href":"https:\/\/gtlan.com\/pt-pt\/wp-json\/wp\/v2\/pages\/29352\/revisions"}],"wp:attachment":[{"href":"https:\/\/gtlan.com\/pt-pt\/wp-json\/wp\/v2\/media?parent=29352"}],"curies":[{"name":"wp","href":"https:\/\/api.w.org\/{rel}","templated":true}]}}