{"id":29375,"date":"2024-08-05T19:07:27","date_gmt":"2024-08-05T17:07:27","guid":{"rendered":"https:\/\/gtlan.com\/blogue-armarios-para-estantes\/"},"modified":"2024-08-05T19:07:27","modified_gmt":"2024-08-05T17:07:27","slug":"blogue-armarios-para-estantes","status":"publish","type":"page","link":"https:\/\/gtlan.com\/pt-pt\/blogue-armarios-para-estantes\/","title":{"rendered":"Blogue | Arm\u00e1rios para estantes"},"content":{"rendered":"<p>[et_pb_section fb_built=\"1&#8243; admin_label=\"Header\" _builder_version=\"4.21.0&#8243; _module_preset=\"_initial\" background_color=\"gcid-3cfc8c0c-5557-4a5d-9dab-24e78d615311&#8243; custom_padding=\"32px||10px|||\" collapsed=\"on\" global_colors_info=\"{%22gcid-3cfc8c0c-5557-4a5d-9dab-24e78d615311%22:%91%22background_color%22%93}\"][et_pb_row _builder_version=\"4.22.0&#8243; _module_preset=\"default\" custom_padding=\"||0px|||\" global_colors_info=\"{}\"][et_pb_column type=\"4_4&#8243; _builder_version=\"4.21.0&#8243; _module_preset=\"_initial\" global_colors_info=\"{}\"][et_pb_text _builder_version=\"4.27.0&#8243; _module_preset=\"e6504a1b-67eb-4b3d-b023-bcab277610b6&#8243; header_4_font=\"Catamaran|700||on|||||\" header_4_text_color=\"#D1675A\" header_4_font_size=\"14px\" header_4_letter_spacing=\"1px\" header_4_line_height=\"1.4em\" custom_margin=\"||0px||false|false\" locked=\"off\" global_colors_info=\"{}\"]<\/p>\n<h4>Blogue<\/h4>\n<p>[\/et_pb_text][et_pb_text _builder_version=\"4.27.0&#8243; _module_preset=\"56a7a00e-05b1-46a4-a3c1-3af711be6ff5&#8243; header_2_font=\"Inter|700|||||||\" header_2_text_color=\"#303F52&#8243; header_2_font_size=\"38px\" locked=\"off\" global_colors_info=\"{%22gcid-heading-color%22:%91%22quote_text_color%22%93}\"]<\/p>\n<h2>Conhecimento que liga: tudo sobre telecomunica\u00e7\u00f5es<\/h2>\n<p>[\/et_pb_text][et_pb_text quote_border_color=\"#D1675A\" _builder_version=\"4.27.0&#8243; _module_preset=\"56a7a00e-05b1-46a4-a3c1-3af711be6ff5&#8243; text_font=\"Catamaran||||||||\" text_text_color=\"#666666&#8243; text_font_size=\"18px\" text_line_height=\"1.5em\" quote_text_color=\"#666666&#8243; quote_font_size=\"16px\" header_font_size_tablet=\"55px\" header_font_size_last_edited=\"off|desktop\" locked=\"off\" global_colors_info=\"{}\"]<\/p>\n<blockquote>\n<p>Bem-vindo ao blogue da Gtlan, onde partilhamos <strong>as \u00faltimas tend\u00eancias, inova\u00e7\u00f5es e dicas no mundo das telecomunica\u00e7\u00f5es<\/strong>. Aqui encontrar\u00e1s artigos informativos e an\u00e1lises detalhadas que te ajudar\u00e3o a compreender melhor o sector e a otimizar as tuas opera\u00e7\u00f5es com as nossas solu\u00e7\u00f5es de vanguarda.<\/p>\n<\/blockquote>\n<p>[\/et_pb_text][\/et_pb_column][\/et_pb_row][\/et_pb_section][et_pb_section fb_built=\"1&#8243; admin_label=\"About\" _builder_version=\"4.27.0&#8243; _module_preset=\"_initial\" custom_padding=\"20px||0px||false|false\" collapsed=\"on\" global_colors_info=\"{}\"][et_pb_row column_structure=\"1_5,1_5,1_5,1_5,1_5&#8243; _builder_version=\"4.17.4&#8243; _module_preset=\"default\" custom_padding=\"||16px|||\" global_colors_info=\"{}\"][et_pb_column type=\"1_5&#8243; _builder_version=\"4.17.4&#8243; _module_preset=\"_initial\" global_colors_info=\"{}\"][et_pb_text _builder_version=\"4.27.0&#8243; _module_preset=\"56a7a00e-05b1-46a4-a3c1-3af711be6ff5&#8243; text_font=\"Inter|700|||||||\" text_text_color=\"#D1675A\" header_font=\"Inter|700|||||||\" header_text_color=\"#303F52&#8243; header_4_font=\"Inter|700||on|||||\" header_4_text_color=\"#D1675A\" header_4_font_size=\"14px\" header_4_letter_spacing=\"1px\" header_4_line_height=\"1.4em\" custom_margin=\"||0px||false|false\" custom_padding=\"10px||||false|false\" link_option_url=\"https:\/\/gtlan.com\/blog-armarios-rack\/\" border_width_all=\"2px\" border_color_all=\"#D1675A\" locked=\"off\" global_colors_info=\"{%22gcid-heading-color%22:%91%22quote_text_color%22%93}\"]<\/p>\n<h4 style=\"text-align: center;\">Arm\u00e1rios rack<\/h4>\n<p>[\/et_pb_text][\/et_pb_column][et_pb_column type=\"1_5&#8243; _builder_version=\"4.17.4&#8243; _module_preset=\"_initial\" global_colors_info=\"{}\"][et_pb_text _builder_version=\"4.27.0&#8243; _module_preset=\"56a7a00e-05b1-46a4-a3c1-3af711be6ff5&#8243; header_4_font=\"Inter|700||on|||||\" header_4_text_color=\"#303F52&#8243; header_4_font_size=\"14px\" header_4_letter_spacing=\"1px\" header_4_line_height=\"1.5em\" custom_margin=\"|1px|0px|1px|false|false\" custom_padding=\"10px||||false|false\" link_option_url=\"https:\/\/gtlan.com\/blog-red-de-par-trenzado-de-cobre\/\" hover_enabled=\"0&#8243; border_width_all=\"2px\" border_color_all=\"#303F52&#8243; locked=\"off\" global_colors_info=\"{%22gcid-heading-color%22:%91%22quote_text_color%22%93}\" sticky_enabled=\"0&#8243;]<\/p>\n<h4 style=\"text-align: center;\">Rede de par tran\u00e7ado de cobre<\/h4>\n<p>[\/et_pb_text][\/et_pb_column][et_pb_column type=\"1_5&#8243; _builder_version=\"4.17.4&#8243; _module_preset=\"_initial\" global_colors_info=\"{}\"][et_pb_text _builder_version=\"4.27.0&#8243; _module_preset=\"56a7a00e-05b1-46a4-a3c1-3af711be6ff5&#8243; header_4_font=\"Inter|700||on|||||\" header_4_text_color=\"#303F52&#8243; header_4_font_size=\"14px\" header_4_letter_spacing=\"1px\" header_4_line_height=\"1.4em\" custom_margin=\"||0px||false|false\" custom_padding=\"10px||||false|false\" link_option_url=\"https:\/\/gtlan.com\/blog-fibra-optica\/\" border_width_all=\"2px\" border_color_all=\"#303F52&#8243; locked=\"off\" global_colors_info=\"{%22gcid-heading-color%22:%91%22quote_text_color%22%93}\"]<\/p>\n<h4 style=\"text-align: center;\">Fibra \u00f3tica<\/h4>\n<p>[\/et_pb_text][\/et_pb_column][et_pb_column type=\"1_5&#8243; _builder_version=\"4.17.4&#8243; _module_preset=\"_initial\" global_colors_info=\"{}\"][et_pb_text _builder_version=\"4.27.0&#8243; _module_preset=\"56a7a00e-05b1-46a4-a3c1-3af711be6ff5&#8243; header_4_font=\"Inter|700||on|||||\" header_4_text_color=\"#303F52&#8243; header_4_font_size=\"14px\" header_4_letter_spacing=\"1px\" header_4_line_height=\"1.4em\" custom_margin=\"||0px||false|false\" custom_padding=\"10px||||false|false\" link_option_url=\"https:\/\/gtlan.com\/blog-electronica\/\" border_width_all=\"2px\" border_color_all=\"#303F52&#8243; locked=\"off\" global_colors_info=\"{%22gcid-heading-color%22:%91%22quote_text_color%22%93}\"]<\/p>\n<h4 style=\"text-align: center;\">Eletr\u00f3nica<\/h4>\n<p>[\/et_pb_text][\/et_pb_column][et_pb_column type=\"1_5&#8243; _builder_version=\"4.17.4&#8243; _module_preset=\"_initial\" global_colors_info=\"{}\"][et_pb_text _builder_version=\"4.27.0&#8243; _module_preset=\"56a7a00e-05b1-46a4-a3c1-3af711be6ff5&#8243; header_4_font=\"Inter|700||on|||||\" header_4_text_color=\"#303F52&#8243; header_4_font_size=\"14px\" header_4_letter_spacing=\"1px\" header_4_line_height=\"1.4em\" custom_margin=\"||0px||false|false\" custom_padding=\"10px||||false|false\" link_option_url=\"https:\/\/gtlan.com\/blog-webinars\/\" border_width_all=\"2px\" border_color_all=\"#303F52&#8243; locked=\"off\" global_colors_info=\"{%22gcid-heading-color%22:%91%22quote_text_color%22%93}\"]<\/p>\n<h4 style=\"text-align: center;\">Webinars<\/h4>\n<p>[\/et_pb_text][\/et_pb_column][\/et_pb_row][\/et_pb_section][et_pb_section fb_built=\"1&#8243; _builder_version=\"4.27.0&#8243; _module_preset=\"_initial\" background_enable_color=\"off\" custom_padding=\"16px|||||\" global_colors_info=\"{}\"][et_pb_row _builder_version=\"4.16&#8243; _module_preset=\"default\" background_size=\"initial\" background_position=\"top_left\" background_repeat=\"repeat\" global_colors_info=\"{}\"][et_pb_column type=\"4_4&#8243; _builder_version=\"4.16&#8243; _module_preset=\"_initial\" custom_padding=\"|||\" custom_padding__hover=\"|||\"][et_pb_blog posts_number=\"9&#8243; include_categories=\"142&#8243; show_author=\"off\" show_date=\"off\" _builder_version=\"4.27.0&#8243; _module_preset=\"d9c782e0-173c-4051-8603-54795dd5a9f9&#8243; header_font=\"Inter|700|||||||\" header_text_color=\"#303F52&#8243; body_font=\"Catamaran||||||||\" body_text_color=\"#666666&#8243; body_font_size=\"14px\" body_line_height=\"1.5em\" meta_font=\"Inter|700|||||||\" read_more_font=\"Inter|700|||||||\" read_more_text_color=\"#303F52&#8243; pagination_font=\"Inter|700|||||||\" pagination_text_color=\"#D1675A\" global_colors_info=\"{%22gcid-0cddd2b1-8b06-4d9a-ae17-1cfad24229a1%22:%91%22quote_border_color%22%93,%22gcid-secondary-color%22:%91%22meta_text_color%22%93,%22gcid-body-color%22:%91%22body_text_color%22%93}\"][\/et_pb_blog][\/et_pb_column][\/et_pb_row][\/et_pb_section][et_pb_section fb_built=\"1&#8243; _builder_version=\"4.27.0&#8243; _module_preset=\"default\" box_shadow_style=\"preset6&#8243; global_colors_info=\"{}\" theme_builder_area=\"post_content\"][et_pb_row column_structure=\"3_5,2_5&#8243; _builder_version=\"4.27.0&#8243; _module_preset=\"default\" global_colors_info=\"{}\" theme_builder_area=\"post_content\"][et_pb_column type=\"3_5&#8243; _builder_version=\"4.27.0&#8243; _module_preset=\"default\" global_colors_info=\"{}\" theme_builder_area=\"post_content\"][et_pb_text _builder_version=\"4.27.0&#8243; _module_preset=\"56a7a00e-05b1-46a4-a3c1-3af711be6ff5&#8243; header_4_font=\"Catamaran|700||on|||||\" header_4_text_color=\"#D1675A\" header_4_font_size=\"14px\" header_4_letter_spacing=\"1px\" header_4_line_height=\"1.4em\" custom_margin=\"||0px||false|false\" locked=\"off\" global_colors_info=\"{%22gcid-heading-color%22:%91%22quote_text_color%22%93}\" theme_builder_area=\"post_content\"]<\/p>\n<h4>CONTACTO<\/h4>\n<p>[\/et_pb_text][et_pb_text _builder_version=\"4.27.0&#8243; _module_preset=\"56a7a00e-05b1-46a4-a3c1-3af711be6ff5&#8243; header_2_font=\"Inter|700|||||||\" header_2_text_color=\"#303F52&#8243; header_2_font_size=\"38px\" locked=\"off\" global_colors_info=\"{%22gcid-heading-color%22:%91%22quote_text_color%22%93}\" theme_builder_area=\"post_content\"]<\/p>\n<h2>Estamos aqui para aumentar as tuas liga\u00e7\u00f5es<\/h2>\n<p>[\/et_pb_text][et_pb_text quote_border_color=\"#D1675A\" _builder_version=\"4.27.0&#8243; _module_preset=\"56a7a00e-05b1-46a4-a3c1-3af711be6ff5&#8243; text_font=\"Catamaran||||||||\" text_text_color=\"#666666&#8243; text_font_size=\"14px\" text_line_height=\"1.5em\" quote_text_color=\"#303F52&#8243; quote_font_size=\"16px\" header_3_font=\"Inter|700|||||||\" header_3_font_size=\"16px\" header_4_font=\"Catamaran||||||||\" header_4_font_size=\"18px\" header_font_size_tablet=\"55px\" header_font_size_last_edited=\"off|desktop\" locked=\"off\" global_colors_info=\"{%22gcid-heading-color%22:%91%22quote_text_color%22%93}\" theme_builder_area=\"post_content\"]<\/p>\n<p><strong>Refor\u00e7a as tuas liga\u00e7\u00f5es com as nossas solu\u00e7\u00f5es personalizadas e de alta qualidade.<\/strong>  A nossa equipa de especialistas est\u00e1 pronta para otimizar a sua infraestrutura e transformar as suas necessidades em oportunidades de crescimento e sucesso.<\/p>\n<p>[\/et_pb_text][et_pb_contact_form email=\"jgomez@gote.com\" custom_message=\"Mensaje enviado desde el formulario de contacto de GTLAN||et_pb_line_break_holder||||et_pb_line_break_holder||Nombre: %%Name%%||et_pb_line_break_holder||Nombre: %%Email%%||et_pb_line_break_holder||%Nombre: %%telefono%%||et_pb_line_break_holder||%Nombre: %%provincia%%||et_pb_line_break_holder||%Nombre: %%Message%%||et_pb_line_break_holder||%Nombre: %%Consentimiento%%||et_pb_line_break_holder||\" use_redirect=\"on\" redirect_url=\"https:\/\/gtlan.com\/gracias\/\" success_message=\"Gracias por escribirnos.  Nos pondremos en contacto contigo en breve.\" _builder_version=\"4.27.0&#8243; _module_preset=\"0529e6a8-2a5f-4a94-940f-1a1d07220af7&#8243; form_field_background_color=\"#FFFFFF\" form_field_text_color=\"#303F52&#8243; form_field_focus_text_color=\"#666666&#8243; title_font=\"Catamaran||||||||\" title_text_color=\"#303F52&#8243; captcha_font=\"Catamaran||||||||\" captcha_text_color=\"#303F52&#8243; captcha_line_height=\"1.5em\" form_field_font=\"Catamaran||||||||\" button_bg_color=\"#D1675A\" button_border_radius=\"0px\" button_font=\"Inter|700|||||||\" button_custom_margin=\"0px||||false|false\" button_custom_padding=\"5px|32px|5px|32px|true|true\" locked=\"off\" global_colors_info=\"{}\" theme_builder_area=\"post_content\"][et_pb_contact_field field_id=\"Name\" field_title=\"Nombre (requerido)\" fullwidth_field=\"on\" _builder_version=\"4.27.0&#8243; _module_preset=\"default\" global_colors_info=\"{}\" button_text_size__hover_enabled=\"off\" button_one_text_size__hover_enabled=\"off\" button_two_text_size__hover_enabled=\"off\" button_text_color__hover_enabled=\"off\" button_one_text_color__hover_enabled=\"off\" button_two_text_color__hover_enabled=\"off\" button_border_width__hover_enabled=\"off\" button_one_border_width__hover_enabled=\"off\" button_two_border_width__hover_enabled=\"off\" button_border_color__hover_enabled=\"off\" button_one_border_color__hover_enabled=\"off\" button_two_border_color__hover_enabled=\"off\" button_border_radius__hover_enabled=\"off\" button_one_border_radius__hover_enabled=\"off\" button_two_border_radius__hover_enabled=\"off\" button_letter_spacing__hover_enabled=\"off\" button_one_letter_spacing__hover_enabled=\"off\" button_two_letter_spacing__hover_enabled=\"off\" button_bg_color__hover_enabled=\"off\" button_one_bg_color__hover_enabled=\"off\" button_two_bg_color__hover_enabled=\"off\" theme_builder_area=\"post_content\"][\/et_pb_contact_field][et_pb_contact_field field_id=\"Email\" field_title=\"Email  (requerido)\" field_type=\"email\" fullwidth_field=\"on\" _builder_version=\"4.27.0&#8243; _module_preset=\"default\" global_colors_info=\"{}\" button_text_size__hover_enabled=\"off\" button_one_text_size__hover_enabled=\"off\" button_two_text_size__hover_enabled=\"off\" button_text_color__hover_enabled=\"off\" button_one_text_color__hover_enabled=\"off\" button_two_text_color__hover_enabled=\"off\" button_border_width__hover_enabled=\"off\" button_one_border_width__hover_enabled=\"off\" button_two_border_width__hover_enabled=\"off\" button_border_color__hover_enabled=\"off\" button_one_border_color__hover_enabled=\"off\" button_two_border_color__hover_enabled=\"off\" button_border_radius__hover_enabled=\"off\" button_one_border_radius__hover_enabled=\"off\" button_two_border_radius__hover_enabled=\"off\" button_letter_spacing__hover_enabled=\"off\" button_one_letter_spacing__hover_enabled=\"off\" button_two_letter_spacing__hover_enabled=\"off\" button_bg_color__hover_enabled=\"off\" button_one_bg_color__hover_enabled=\"off\" button_two_bg_color__hover_enabled=\"off\" theme_builder_area=\"post_content\"][\/et_pb_contact_field][et_pb_contact_field field_id=\"telefono\" field_title=\"Tel\u00e9fono\" required_mark=\"off\" fullwidth_field=\"on\" _builder_version=\"4.27.0&#8243; _module_preset=\"default\" global_colors_info=\"{}\" theme_builder_area=\"post_content\"][\/et_pb_contact_field][et_pb_contact_field field_id=\"provincia\" field_title=\"\u00bfDesde qu\u00e9 Comunidad nos escribes?  (requerido)\" fullwidth_field=\"on\" _builder_version=\"4.27.0&#8243; _module_preset=\"default\" global_colors_info=\"{}\" theme_builder_area=\"post_content\"][\/et_pb_contact_field][et_pb_contact_field field_id=\"Message\" field_title=\"\u00bfEn qu\u00e9 podemos ayudarte?\" field_type=\"text\" fullwidth_field=\"on\" _builder_version=\"4.27.0&#8243; _module_preset=\"default\" global_colors_info=\"{}\" button_text_size__hover_enabled=\"off\" button_one_text_size__hover_enabled=\"off\" button_two_text_size__hover_enabled=\"off\" button_text_color__hover_enabled=\"off\" button_one_text_color__hover_enabled=\"off\" button_two_text_color__hover_enabled=\"off\" button_border_width__hover_enabled=\"off\" button_one_border_width__hover_enabled=\"off\" button_two_border_width__hover_enabled=\"off\" button_border_color__hover_enabled=\"off\" button_one_border_color__hover_enabled=\"off\" button_two_border_color__hover_enabled=\"off\" button_border_radius__hover_enabled=\"off\" button_one_border_radius__hover_enabled=\"off\" button_two_border_radius__hover_enabled=\"off\" button_letter_spacing__hover_enabled=\"off\" button_one_letter_spacing__hover_enabled=\"off\" button_two_letter_spacing__hover_enabled=\"off\" button_bg_color__hover_enabled=\"off\" button_one_bg_color__hover_enabled=\"off\" button_two_bg_color__hover_enabled=\"off\" theme_builder_area=\"post_content\"][\/et_pb_contact_field][et_pb_contact_field field_id=\"Consentimiento\" field_title=\"Consentimiento\" field_type=\"checkbox\" checkbox_options=\"%91{%22value%22:%22He le\u00eddo y acepto %22,%22checked%22:0,%22dragID%22:-1,%22link_text%22:%22 la pol\u00edtica de privacidad de GOTE S.A. *%22,%22link_url%22:%22https:\/\/www.gote.com\/terminos-de-uso-y-politica-de-privacidad\/%22}%93&#8243; fullwidth_field=\"on\" _builder_version=\"4.27.0&#8243; _module_preset=\"default\" global_colors_info=\"{}\" theme_builder_area=\"post_content\"][\/et_pb_contact_field][\/et_pb_contact_form][\/et_pb_column][et_pb_column type=\"2_5&#8243; _builder_version=\"4.27.0&#8243; _module_preset=\"default\" global_colors_info=\"{}\" theme_builder_area=\"post_content\"][et_pb_blurb title=\"Telefone\" use_icon=\"on\" font_icon=\"\ue090||divi||400&#8243; icon_color=\"#303F52&#8243; _builder_version=\"4.27.0&#8243; _module_preset=\"69e7835f-2459-4aff-85b7-b3e0f36a29f6&#8243; header_font=\"Inter|700|||||||\" header_text_color=\"#303F52&#8243; header_font_size=\"16px\" body_font=\"Catamaran||||||||\" body_text_color=\"#666666&#8243; body_font_size=\"16px\" locked=\"off\" theme_builder_area=\"post_content\"]<\/p>\n<p><a href=\"tel:+34961366571\">+34961366571<\/a><\/p>\n<p>[\/et_pb_blurb][et_pb_blurb title=\"Correio eletr\u00f3nico\" use_icon=\"on\" font_icon=\"\ue076||divi||400&#8243; icon_color=\"#303F52&#8243; _builder_version=\"4.27.0&#8243; _module_preset=\"69e7835f-2459-4aff-85b7-b3e0f36a29f6&#8243; header_font=\"Inter|700|||||||\" header_text_color=\"#303F52&#8243; header_font_size=\"16px\" body_font=\"Inter||||||||\" body_text_color=\"#666666&#8243; body_font_size=\"16px\" body_link_font=\"Catamaran||||||||\" body_link_text_color=\"#D1675A\" locked=\"off\" theme_builder_area=\"post_content\"]<\/p>\n<p><a href=\"mailto:#\">comercial@gtlan.com<\/a><\/p>\n<p>[\/et_pb_blurb][et_pb_blurb title=\"Localiza\u00e7\u00e3o\" use_icon=\"on\" font_icon=\"\ue082||divi||400&#8243; icon_color=\"#303F52&#8243; _builder_version=\"4.27.0&#8243; _module_preset=\"69e7835f-2459-4aff-85b7-b3e0f36a29f6&#8243; header_font=\"Inter|700|||||||\" header_text_color=\"#303F52&#8243; header_font_size=\"16px\" body_font=\"Catamaran||||||||\" body_text_color=\"#666666&#8243; body_font_size=\"16px\" locked=\"off\" theme_builder_area=\"post_content\"]<\/p>\n<p><strong>Escrit\u00f3rios<\/strong><\/p>\n<p><a href=\"https:\/\/maps.app.goo.gl\/7L5a11ESiRVN3JP18\" target=\"_blank\" rel=\"noopener\">Calle 2 A Nave 8 Pol\u00edgono T\u00e1tica &#8211; CP 46980 Paterna (Valencia)<\/a><\/p>\n<p><strong>Armaz\u00e9m t\u00e1tico<\/strong><\/p>\n<p><a href=\"https:\/\/maps.app.goo.gl\/kGSKrfQKnjbfdoyy6\" target=\"_blank\" rel=\"noopener\">Pol\u00edgono Industrial T\u00e1tica, Carrer Forners, 18, 46988 Paterna, Val\u00eancia<\/a><\/p>\n<p>[\/et_pb_blurb][et_pb_image src=\"https:\/\/gtlan.com\/wp-content\/uploads\/trabaja-con-nosotros-gtlan-gote-1.jpg\" alt=\"gtlan-laborat\u00f3rio\" title_text=\"trabaja con nosotros gtlan gote 1&#8243; _builder_version=\"4.27.0&#8243; _module_preset=\"default\" border_radii=\"on|30px|30px|30px|30px\" locked=\"off\" global_colors_info=\"{}\" theme_builder_area=\"post_content\"][\/et_pb_image][\/et_pb_column][\/et_pb_row][\/et_pb_section]<\/p>\n","protected":false},"excerpt":{"rendered":"<p>[et_pb_section fb_built=\"1&#8243; admin_label=\"Header\" _builder_version=\"4.21.0&#8243; _module_preset=\"_initial\" background_color=\"gcid-3cfc8c0c-5557-4a5d-9dab-24e78d615311&#8243; custom_padding=\"32px||10px|||\" collapsed=\"on\" global_colors_info=\"{%22gcid-3cfc8c0c-5557-4a5d-9dab-24e78d615311%22:%91%22background_color%22%93}\"][et_pb_row _builder_version=\"4.22.0&#8243; _module_preset=\"default\" custom_padding=\"||0px|||\" global_colors_info=\"{}\"][et_pb_column type=\"4_4&#8243; _builder_version=\"4.21.0&#8243; _module_preset=\"_initial\" global_colors_info=\"{}\"][et_pb_text _builder_version=\"4.27.0&#8243; _module_preset=\"e6504a1b-67eb-4b3d-b023-bcab277610b6&#8243; header_4_font=\"Catamaran|700||on|||||\" [&hellip;]<\/p>\n","protected":false},"author":4,"featured_media":0,"parent":0,"menu_order":0,"comment_status":"closed","ping_status":"closed","template":"","meta":{"site-sidebar-layout":"default","site-content-layout":"","ast-site-content-layout":"default","site-content-style":"default","site-sidebar-style":"default","ast-global-header-display":"","ast-banner-title-visibility":"","ast-main-header-display":"","ast-hfb-above-header-display":"","ast-hfb-below-header-display":"","ast-hfb-mobile-header-display":"","site-post-title":"","ast-breadcrumbs-content":"","ast-featured-img":"","footer-sml-layout":"","ast-disable-related-posts":"","theme-transparent-header-meta":"","adv-header-id-meta":"","stick-header-meta":"","header-above-stick-meta":"","header-main-stick-meta":"","header-below-stick-meta":"","astra-migrate-meta-layouts":"default","ast-page-background-enabled":"default","ast-page-background-meta":{"desktop":{"background-color":"var(--ast-global-color-5)","background-image":"","background-repeat":"repeat","background-position":"center center","background-size":"auto","background-attachment":"scroll","background-type":"","background-media":"","overlay-type":"","overlay-color":"","overlay-opacity":"","overlay-gradient":""},"tablet":{"background-color":"","background-image":"","background-repeat":"repeat","background-position":"center center","background-size":"auto","background-attachment":"scroll","background-type":"","background-media":"","overlay-type":"","overlay-color":"","overlay-opacity":"","overlay-gradient":""},"mobile":{"background-color":"","background-image":"","background-repeat":"repeat","background-position":"center center","background-size":"auto","background-attachment":"scroll","background-type":"","background-media":"","overlay-type":"","overlay-color":"","overlay-opacity":"","overlay-gradient":""}},"ast-content-background-meta":{"desktop":{"background-color":"var(--ast-global-color-4)","background-image":"","background-repeat":"repeat","background-position":"center center","background-size":"auto","background-attachment":"scroll","background-type":"","background-media":"","overlay-type":"","overlay-color":"","overlay-opacity":"","overlay-gradient":""},"tablet":{"background-color":"var(--ast-global-color-4)","background-image":"","background-repeat":"repeat","background-position":"center center","background-size":"auto","background-attachment":"scroll","background-type":"","background-media":"","overlay-type":"","overlay-color":"","overlay-opacity":"","overlay-gradient":""},"mobile":{"background-color":"var(--ast-global-color-4)","background-image":"","background-repeat":"repeat","background-position":"center center","background-size":"auto","background-attachment":"scroll","background-type":"","background-media":"","overlay-type":"","overlay-color":"","overlay-opacity":"","overlay-gradient":""}},"footnotes":""},"class_list":["post-29375","page","type-page","status-publish","hentry"],"_links":{"self":[{"href":"https:\/\/gtlan.com\/pt-pt\/wp-json\/wp\/v2\/pages\/29375","targetHints":{"allow":["GET"]}}],"collection":[{"href":"https:\/\/gtlan.com\/pt-pt\/wp-json\/wp\/v2\/pages"}],"about":[{"href":"https:\/\/gtlan.com\/pt-pt\/wp-json\/wp\/v2\/types\/page"}],"author":[{"embeddable":true,"href":"https:\/\/gtlan.com\/pt-pt\/wp-json\/wp\/v2\/users\/4"}],"replies":[{"embeddable":true,"href":"https:\/\/gtlan.com\/pt-pt\/wp-json\/wp\/v2\/comments?post=29375"}],"version-history":[{"count":0,"href":"https:\/\/gtlan.com\/pt-pt\/wp-json\/wp\/v2\/pages\/29375\/revisions"}],"wp:attachment":[{"href":"https:\/\/gtlan.com\/pt-pt\/wp-json\/wp\/v2\/media?parent=29375"}],"curies":[{"name":"wp","href":"https:\/\/api.w.org\/{rel}","templated":true}]}}