{"id":29919,"date":"2025-04-03T15:53:25","date_gmt":"2025-04-03T13:53:25","guid":{"rendered":"https:\/\/gtlan.com\/garantia-de-25-anos\/"},"modified":"2025-04-13T10:04:10","modified_gmt":"2025-04-13T08:04:10","slug":"garantia-de-25-anos","status":"publish","type":"page","link":"https:\/\/gtlan.com\/pt-pt\/garantia-de-25-anos\/","title":{"rendered":"Garantia de 25 anos"},"content":{"rendered":"\t\t<div data-elementor-type=\"wp-page\" data-elementor-id=\"29919\" class=\"elementor elementor-29919 elementor-29196\" data-elementor-post-type=\"page\">\n\t\t\t\t<div class=\"elementor-element elementor-element-5496d15 e-con-full e-flex e-con e-parent\" data-id=\"5496d15\" data-element_type=\"container\" data-e-type=\"container\">\n\t\t<div class=\"elementor-element elementor-element-9efdb06 e-con-full e-flex e-con e-child\" data-id=\"9efdb06\" data-element_type=\"container\" data-e-type=\"container\">\n\t\t\t\t<div class=\"elementor-element elementor-element-e503b32 elementor-widget elementor-widget-heading\" data-id=\"e503b32\" data-element_type=\"widget\" data-e-type=\"widget\" data-widget_type=\"heading.default\">\n\t\t\t\t<div class=\"elementor-widget-container\">\n\t\t\t\t\t<h1 class=\"elementor-heading-title elementor-size-default\">Garantia de 25 anos<\/h1>\t\t\t\t<\/div>\n\t\t\t\t<\/div>\n\t\t\t\t<div class=\"elementor-element elementor-element-57e832e elementor-widget elementor-widget-text-editor\" data-id=\"57e832e\" data-element_type=\"widget\" data-e-type=\"widget\" data-widget_type=\"text-editor.default\">\n\t\t\t\t<div class=\"elementor-widget-container\">\n\t\t\t\t\t\t\t\t\t<p>Os sistemas de cablagem estruturada constru\u00eddos com produtos Gtlan cumprem e excedem as especifica\u00e7\u00f5es estabelecidas e suportam as aplica\u00e7\u00f5es exigidas pelos actuais sistemas de comunica\u00e7\u00e3o.<\/p><p><strong>Gra\u00e7as \u00e0 nossa confian\u00e7a na qualidade e durabilidade dos nossos produtos, oferecemos aos nossos clientes uma garantia de 25 anos, o que assegura uma infraestrutura fi\u00e1vel e de elevado desempenho e um investimento seguro e rent\u00e1vel a longo prazo.<\/strong><\/p>\t\t\t\t\t\t\t\t<\/div>\n\t\t\t\t<\/div>\n\t\t\t\t<\/div>\n\t\t<div class=\"elementor-element elementor-element-8104eb4 e-con-full e-flex e-con e-child\" data-id=\"8104eb4\" data-element_type=\"container\" data-e-type=\"container\" data-settings=\"{&quot;background_background&quot;:&quot;classic&quot;}\">\n\t\t\t\t<\/div>\n\t\t\t\t<\/div>\n\t\t<div class=\"elementor-element elementor-element-029beac e-flex e-con-boxed e-con e-parent\" data-id=\"029beac\" data-element_type=\"container\" data-e-type=\"container\">\n\t\t\t\t\t<div class=\"e-con-inner\">\n\t\t<div class=\"elementor-element elementor-element-6896202 e-con-full e-flex e-con e-child\" data-id=\"6896202\" data-element_type=\"container\" data-e-type=\"container\">\n\t\t\t\t<div class=\"elementor-element elementor-element-53e7507 elementor-widget elementor-widget-heading\" data-id=\"53e7507\" data-element_type=\"widget\" data-e-type=\"widget\" data-widget_type=\"heading.default\">\n\t\t\t\t<div class=\"elementor-widget-container\">\n\t\t\t\t\t<h2 class=\"elementor-heading-title elementor-size-default\">A que tipo de produtos se aplica?<\/h2>\t\t\t\t<\/div>\n\t\t\t\t<\/div>\n\t\t\t\t<div class=\"elementor-element elementor-element-087f0a6 elementor-widget elementor-widget-text-editor\" data-id=\"087f0a6\" data-element_type=\"widget\" data-e-type=\"widget\" data-widget_type=\"text-editor.default\">\n\t\t\t\t<div class=\"elementor-widget-container\">\n\t\t\t\t\t\t\t\t\t<p><strong>Garantia aplic\u00e1vel a sistemas constru\u00eddos de acordo com as seguintes normas TIA-568 e ISO\/IEC 11801:<\/strong><\/p>\n<ul>\n<li style=\"list-style-type: none;\">\n<ul>\n<li>Categoria 3\/Classe C<\/li>\n<li>Categoria 5e\/Classe D<\/li>\n<li>Categoria 6\/Classe E<\/li>\n<li>Categoria 6A\/Classe Ea<\/li>\n<li>Categoria 8\/Classe I (Cat 8.1)<\/li>\n<li>Classe II (Cat 8.2)<\/li>\n<\/ul>\n<\/li>\n<\/ul>\n<p><strong>E aplic\u00e1vel a sistemas testados de acordo com as normas ISO 14763-3, EN 61280-4-1 e EN 61280-4-2: OM1, OM2, OM3, OM4, OS1, OS2.  <\/strong><strong style=\"font-style: inherit; color: var( --e-global-color-text ); font-family: var( --e-global-typography-text-font-family ), Sans-serif; background-color: var( --e-global-color-a63b9f4 );\">Os produtos Gtlan inclu\u00eddos num Sistema de Cablagem Estruturada (SCE) s\u00e3o todos os produtos passivos comercializados no atual cat\u00e1logo Gtlan<\/strong><span style=\"font-style: inherit; font-weight: inherit; color: var( --e-global-color-text ); font-family: var( --e-global-typography-text-font-family ), Sans-serif; background-color: var( --e-global-color-a63b9f4 );\">cabos, conectores, pain\u00e9is, patch panels, patch cords, pigtails, racks, etc.<\/span><\/p>\t\t\t\t\t\t\t\t<\/div>\n\t\t\t\t<\/div>\n\t\t\t\t<\/div>\n\t\t\t\t\t<\/div>\n\t\t\t\t<\/div>\n\t\t<div class=\"elementor-element elementor-element-0c22362 e-flex e-con-boxed e-con e-parent\" data-id=\"0c22362\" data-element_type=\"container\" data-e-type=\"container\">\n\t\t\t\t\t<div class=\"e-con-inner\">\n\t\t<div class=\"elementor-element elementor-element-72b5fdf e-con-full e-flex e-con e-child\" data-id=\"72b5fdf\" data-element_type=\"container\" data-e-type=\"container\">\n\t\t\t\t<div class=\"elementor-element elementor-element-b286f79 elementor-widget elementor-widget-heading\" data-id=\"b286f79\" data-element_type=\"widget\" data-e-type=\"widget\" data-widget_type=\"heading.default\">\n\t\t\t\t<div class=\"elementor-widget-container\">\n\t\t\t\t\t<h2 class=\"elementor-heading-title elementor-size-default\">Que requisitos tenho de cumprir?<\/h2>\t\t\t\t<\/div>\n\t\t\t\t<\/div>\n\t\t\t\t<div class=\"elementor-element elementor-element-dac1ca3 elementor-widget elementor-widget-text-editor\" data-id=\"dac1ca3\" data-element_type=\"widget\" data-e-type=\"widget\" data-widget_type=\"text-editor.default\">\n\t\t\t\t<div class=\"elementor-widget-container\">\n\t\t\t\t\t\t\t\t\t<p>Os requisitos de elegibilidade para a garantia alargada s\u00e3o m\u00ednimos com a marca Gtlan:<\/p><ol><li><strong>A instala\u00e7\u00e3o SCE deve ser constitu\u00edda por produtos Gtlan novos ou por produtos de outras marcas previamente aprovados.<\/strong><\/li><li><strong>O pessoal que instala o equipamento deve ser qualificado,<\/strong> n\u00e3o \u00e9 necess\u00e1ria nenhuma qualifica\u00e7\u00e3o espec\u00edfica da marca Gtlan.<\/li><li><strong>Fornecer documenta\u00e7\u00e3o informativa e certifica\u00e7\u00e3o dos trabalhos.<\/strong><\/li><\/ol><p>Todos os produtos do Sistema de Cablagem Estruturada abrangidos por esta garantia ser\u00e3o reparados ou substitu\u00eddos quando apresentarem defeitos de fabrico ou se deteriorarem devido \u00e0 utiliza\u00e7\u00e3o normal do sistema.<\/p>\t\t\t\t\t\t\t\t<\/div>\n\t\t\t\t<\/div>\n\t\t\t\t<\/div>\n\t\t\t\t\t<\/div>\n\t\t\t\t<\/div>\n\t\t<div class=\"elementor-element elementor-element-09d41b9 e-flex e-con-boxed e-con e-parent\" data-id=\"09d41b9\" data-element_type=\"container\" data-e-type=\"container\">\n\t\t\t\t\t<div class=\"e-con-inner\">\n\t\t<div class=\"elementor-element elementor-element-967590b e-con-full e-flex e-con e-child\" data-id=\"967590b\" data-element_type=\"container\" data-e-type=\"container\">\n\t\t\t\t<div class=\"elementor-element elementor-element-084afb2 elementor-widget elementor-widget-heading\" data-id=\"084afb2\" data-element_type=\"widget\" data-e-type=\"widget\" data-widget_type=\"heading.default\">\n\t\t\t\t<div class=\"elementor-widget-container\">\n\t\t\t\t\t<h2 class=\"elementor-heading-title elementor-size-default\">Que documenta\u00e7\u00e3o \u00e9 necess\u00e1ria para a gerir?<\/h2>\t\t\t\t<\/div>\n\t\t\t\t<\/div>\n\t\t\t\t<div class=\"elementor-element elementor-element-01a5ff3 elementor-widget elementor-widget-text-editor\" data-id=\"01a5ff3\" data-element_type=\"widget\" data-e-type=\"widget\" data-widget_type=\"text-editor.default\">\n\t\t\t\t<div class=\"elementor-widget-container\">\n\t\t\t\t\t\t\t\t\t<p>Toda a documenta\u00e7\u00e3o deve ser enviada para comercial@gote.com.<\/p><ol><li><a href=\"https:\/\/gtlan.com\/wp-content\/uploads\/Solicitud-Garantia-25-anos-GTLAN.pdf\" target=\"_blank\" rel=\"noopener\">Formul\u00e1rio de pedido de garantia.<\/a><\/li><li><a href=\"https:\/\/gtlan.com\/wp-content\/uploads\/Terminos-condiciones-Garantia-25-anos-Gtlan.pdf\" target=\"_blank\" rel=\"noopener\">Termos e condi\u00e7\u00f5es.<\/a><\/li><li><a href=\"https:\/\/gtlan.com\/wp-content\/uploads\/Anexo-1-Requrimientos-de-certificacion-del-SCE-Garantia-25-anos-Gtlan.pdf\" target=\"_blank\" rel=\"noopener\">Requisitos de certifica\u00e7\u00e3o do Sistema de Cablagem Estruturada (SCE).<\/a><\/li><li><a href=\"https:\/\/gtlan.com\/wp-content\/uploads\/Anexo-2-Protocolos-soportados-por-SCE-Garantia-25-anos-Gtlan.pdf\" target=\"_blank\" rel=\"noopener\">Protocolos suportados pelo Sistema de Cablagem Estruturada (SCE).<\/a><\/li><\/ol>\t\t\t\t\t\t\t\t<\/div>\n\t\t\t\t<\/div>\n\t\t\t\t<\/div>\n\t\t\t\t\t<\/div>\n\t\t\t\t<\/div>\n\t\t\t\t<\/div>\n\t\t","protected":false},"excerpt":{"rendered":"<p>Garantia de 25 anos Os sistemas de cablagem estruturada constru\u00eddos com produtos Gtlan cumprem e excedem as especifica\u00e7\u00f5es estabelecidas e [&hellip;]<\/p>\n","protected":false},"author":4,"featured_media":0,"parent":0,"menu_order":0,"comment_status":"closed","ping_status":"closed","template":"","meta":{"site-sidebar-layout":"no-sidebar","site-content-layout":"","ast-site-content-layout":"full-width-container","site-content-style":"default","site-sidebar-style":"default","ast-global-header-display":"","ast-banner-title-visibility":"","ast-main-header-display":"","ast-hfb-above-header-display":"","ast-hfb-below-header-display":"","ast-hfb-mobile-header-display":"","site-post-title":"disabled","ast-breadcrumbs-content":"","ast-featured-img":"disabled","footer-sml-layout":"","ast-disable-related-posts":"","theme-transparent-header-meta":"","adv-header-id-meta":"","stick-header-meta":"","header-above-stick-meta":"","header-main-stick-meta":"","header-below-stick-meta":"","astra-migrate-meta-layouts":"default","ast-page-background-enabled":"default","ast-page-background-meta":{"desktop":{"background-color":"var(--ast-global-color-5)","background-image":"","background-repeat":"repeat","background-position":"center center","background-size":"auto","background-attachment":"scroll","background-type":"","background-media":"","overlay-type":"","overlay-color":"","overlay-opacity":"","overlay-gradient":""},"tablet":{"background-color":"","background-image":"","background-repeat":"repeat","background-position":"center center","background-size":"auto","background-attachment":"scroll","background-type":"","background-media":"","overlay-type":"","overlay-color":"","overlay-opacity":"","overlay-gradient":""},"mobile":{"background-color":"","background-image":"","background-repeat":"repeat","background-position":"center center","background-size":"auto","background-attachment":"scroll","background-type":"","background-media":"","overlay-type":"","overlay-color":"","overlay-opacity":"","overlay-gradient":""}},"ast-content-background-meta":{"desktop":{"background-color":"var(--ast-global-color-4)","background-image":"","background-repeat":"repeat","background-position":"center center","background-size":"auto","background-attachment":"scroll","background-type":"","background-media":"","overlay-type":"","overlay-color":"","overlay-opacity":"","overlay-gradient":""},"tablet":{"background-color":"var(--ast-global-color-4)","background-image":"","background-repeat":"repeat","background-position":"center center","background-size":"auto","background-attachment":"scroll","background-type":"","background-media":"","overlay-type":"","overlay-color":"","overlay-opacity":"","overlay-gradient":""},"mobile":{"background-color":"var(--ast-global-color-4)","background-image":"","background-repeat":"repeat","background-position":"center center","background-size":"auto","background-attachment":"scroll","background-type":"","background-media":"","overlay-type":"","overlay-color":"","overlay-opacity":"","overlay-gradient":""}},"footnotes":""},"class_list":["post-29919","page","type-page","status-publish","hentry"],"_links":{"self":[{"href":"https:\/\/gtlan.com\/pt-pt\/wp-json\/wp\/v2\/pages\/29919","targetHints":{"allow":["GET"]}}],"collection":[{"href":"https:\/\/gtlan.com\/pt-pt\/wp-json\/wp\/v2\/pages"}],"about":[{"href":"https:\/\/gtlan.com\/pt-pt\/wp-json\/wp\/v2\/types\/page"}],"author":[{"embeddable":true,"href":"https:\/\/gtlan.com\/pt-pt\/wp-json\/wp\/v2\/users\/4"}],"replies":[{"embeddable":true,"href":"https:\/\/gtlan.com\/pt-pt\/wp-json\/wp\/v2\/comments?post=29919"}],"version-history":[{"count":0,"href":"https:\/\/gtlan.com\/pt-pt\/wp-json\/wp\/v2\/pages\/29919\/revisions"}],"wp:attachment":[{"href":"https:\/\/gtlan.com\/pt-pt\/wp-json\/wp\/v2\/media?parent=29919"}],"curies":[{"name":"wp","href":"https:\/\/api.w.org\/{rel}","templated":true}]}}