{"id":29948,"date":"2025-03-18T00:38:09","date_gmt":"2025-03-17T23:38:09","guid":{"rendered":"https:\/\/gtlan.com\/trabalha-connosco\/"},"modified":"2025-04-13T10:04:41","modified_gmt":"2025-04-13T08:04:41","slug":"trabalha-connosco","status":"publish","type":"page","link":"https:\/\/gtlan.com\/pt-pt\/trabalha-connosco\/","title":{"rendered":"Trabalha connosco"},"content":{"rendered":"\t\t<div data-elementor-type=\"wp-page\" data-elementor-id=\"29948\" class=\"elementor elementor-29948 elementor-26247\" data-elementor-post-type=\"page\">\n\t\t\t\t<div class=\"elementor-element elementor-element-5496d15 e-con-full e-flex e-con e-parent\" data-id=\"5496d15\" data-element_type=\"container\" data-e-type=\"container\">\n\t\t<div class=\"elementor-element elementor-element-9efdb06 e-con-full e-flex e-con e-child\" data-id=\"9efdb06\" data-element_type=\"container\" data-e-type=\"container\">\n\t\t\t\t<div class=\"elementor-element elementor-element-e503b32 elementor-widget elementor-widget-heading\" data-id=\"e503b32\" data-element_type=\"widget\" data-e-type=\"widget\" data-widget_type=\"heading.default\">\n\t\t\t\t<div class=\"elementor-widget-container\">\n\t\t\t\t\t<h1 class=\"elementor-heading-title elementor-size-default\">Constr\u00f3i o futuro das telecomunica\u00e7\u00f5es connosco<\/h1>\t\t\t\t<\/div>\n\t\t\t\t<\/div>\n\t\t\t\t<div class=\"elementor-element elementor-element-57e832e elementor-widget elementor-widget-text-editor\" data-id=\"57e832e\" data-element_type=\"widget\" data-e-type=\"widget\" data-widget_type=\"text-editor.default\">\n\t\t\t\t<div class=\"elementor-widget-container\">\n\t\t\t\t\t\t\t\t\t<p><strong>Junta-te \u00e0 nossa equipa onde a tua carreira e os teus valores est\u00e3o alinhados.<\/strong>  Na Gtlan, estamos constantemente \u00e0 procura de talentos apaixonados que queiram ajudar-nos a inovar e a redefinir a ind\u00fastria das telecomunica\u00e7\u00f5es.<\/p><p>A Gtlan \u00e9 mais do que um local de trabalho, \u00e9 uma equipa onde procuramos valorizar a carreira profissional e pessoal de todos os seus membros.  <\/p>\t\t\t\t\t\t\t\t<\/div>\n\t\t\t\t<\/div>\n\t\t\t\t<\/div>\n\t\t<div class=\"elementor-element elementor-element-8104eb4 e-con-full e-flex e-con e-child\" data-id=\"8104eb4\" data-element_type=\"container\" data-e-type=\"container\" data-settings=\"{&quot;background_background&quot;:&quot;classic&quot;}\">\n\t\t\t\t<\/div>\n\t\t\t\t<\/div>\n\t\t<div class=\"elementor-element elementor-element-be6cf4e e-con-full e-flex e-con e-parent\" data-id=\"be6cf4e\" data-element_type=\"container\" data-e-type=\"container\">\n\t\t<div class=\"elementor-element elementor-element-82b8de9 e-con-full e-flex e-con e-child\" data-id=\"82b8de9\" data-element_type=\"container\" data-e-type=\"container\" data-settings=\"{&quot;background_background&quot;:&quot;classic&quot;}\">\n\t\t\t\t<\/div>\n\t\t<div class=\"elementor-element elementor-element-7bd0e59 e-con-full e-flex e-con e-child\" data-id=\"7bd0e59\" data-element_type=\"container\" data-e-type=\"container\">\n\t\t\t\t<div class=\"elementor-element elementor-element-4d59600 elementor-widget elementor-widget-heading\" data-id=\"4d59600\" data-element_type=\"widget\" data-e-type=\"widget\" data-widget_type=\"heading.default\">\n\t\t\t\t<div class=\"elementor-widget-container\">\n\t\t\t\t\t<h2 class=\"elementor-heading-title elementor-size-default\">Porqu\u00ea juntar-te a n\u00f3s?<\/h2>\t\t\t\t<\/div>\n\t\t\t\t<\/div>\n\t\t\t\t<div class=\"elementor-element elementor-element-40a382e elementor-widget elementor-widget-text-editor\" data-id=\"40a382e\" data-element_type=\"widget\" data-e-type=\"widget\" data-widget_type=\"text-editor.default\">\n\t\t\t\t<div class=\"elementor-widget-container\">\n\t\t\t\t\t\t\t\t\t<div id=\"element-859\" class=\"widget item-absolute headline \" data-at=\"headline\"><div class=\"contents\"><h4><span class=\"x_dc55cf32 x_a76aec5f\">Oportunidade de crescimento<\/span><\/h4><\/div><\/div><div id=\"element-1034\" class=\"widget item-absolute paragraph \" data-at=\"paragraph\"><div class=\"contents\"><p class=\"x_a05e301d x_40eda391\">Cresce numa equipa com mais de 40 anos de experi\u00eancia, oferecemos oportunidades de desenvolvimento profissional e pessoal est\u00e1vel ao longo do tempo.<\/p><div class=\"contents\"><h4><span class=\"x_39ec9305 x_04a047ed\">Trabalho em equipa<\/span><\/h4><\/div><div id=\"element-1166\" class=\"widget item-absolute paragraph \" data-at=\"paragraph\"><div class=\"contents\"><p class=\"x_a05e301d x_e584cf25\">Promovemos um ambiente de trabalho onde a comunica\u00e7\u00e3o e a colabora\u00e7\u00e3o est\u00e3o no centro de tudo o que fazemos, permitindo-te contribuir e crescer num ambiente din\u00e2mico.<\/p><div class=\"contents\"><h4><span class=\"x_39ec9305 x_04a047ed\">Os parceiros<\/span><\/h4><\/div><div id=\"element-1169\" class=\"widget item-absolute paragraph \" data-at=\"paragraph\"><div class=\"contents\"><p class=\"x_a05e301d x_e584cf25\">Junta-te a uma equipa inclusiva e acolhedora, onde mais de 50 profissionais impulsionam o sucesso empresarial e pessoal. Valorizamos a integridade, a honestidade e o compromisso com a excel\u00eancia, criando um ambiente de trabalho positivo e saud\u00e1vel para todos. <\/p><\/div><\/div><\/div><\/div><\/div><\/div>\t\t\t\t\t\t\t\t<\/div>\n\t\t\t\t<\/div>\n\t\t\t\t<\/div>\n\t\t\t\t<\/div>\n\t\t<div class=\"elementor-element elementor-element-b558219 e-flex e-con-boxed e-con e-parent\" data-id=\"b558219\" data-element_type=\"container\" data-e-type=\"container\" data-settings=\"{&quot;background_background&quot;:&quot;classic&quot;}\">\n\t\t\t\t\t<div class=\"e-con-inner\">\n\t\t\t\t<div class=\"elementor-element elementor-element-eb4f3b8 elementor-widget elementor-widget-text-editor\" data-id=\"eb4f3b8\" data-element_type=\"widget\" data-e-type=\"widget\" data-widget_type=\"text-editor.default\">\n\t\t\t\t<div class=\"elementor-widget-container\">\n\t\t\t\t\t\t\t\t\t<p><strong>Se est\u00e1s pronto para aceitar este desafio e contribuir para o nosso crescimento, envia o teu CV para <span style=\"color: #ffffff;\"><a style=\"color: #ffffff;\" href=\"mailto:comercial@gote.com\">comercial@gote.com.<\/a><\/span><\/strong><em> \u00a1<\/em><em>Estamos ansiosos por conhecer-te!<\/em><\/p>\t\t\t\t\t\t\t\t<\/div>\n\t\t\t\t<\/div>\n\t\t\t\t\t<\/div>\n\t\t\t\t<\/div>\n\t\t<div class=\"elementor-element elementor-element-5d9610e e-con-full e-flex e-con e-parent\" data-id=\"5d9610e\" data-element_type=\"container\" data-e-type=\"container\">\n\t\t<div class=\"elementor-element elementor-element-0b868c9 e-con-full e-flex e-con e-child\" data-id=\"0b868c9\" data-element_type=\"container\" data-e-type=\"container\">\n\t\t\t\t<div class=\"elementor-element elementor-element-80c26f2 elementor-widget elementor-widget-heading\" data-id=\"80c26f2\" data-element_type=\"widget\" data-e-type=\"widget\" data-widget_type=\"heading.default\">\n\t\t\t\t<div class=\"elementor-widget-container\">\n\t\t\t\t\t<h2 class=\"elementor-heading-title elementor-size-default\">Os nossos valores<\/h2>\t\t\t\t<\/div>\n\t\t\t\t<\/div>\n\t\t\t\t<div class=\"elementor-element elementor-element-1f90b12 elementor-widget elementor-widget-text-editor\" data-id=\"1f90b12\" data-element_type=\"widget\" data-e-type=\"widget\" data-widget_type=\"text-editor.default\">\n\t\t\t\t<div class=\"elementor-widget-container\">\n\t\t\t\t\t\t\t\t\t<div class=\"elementor-element elementor-element-7eafa0b9 elementor-widget elementor-widget-heading\" data-id=\"7eafa0b9\" data-element_type=\"widget\" data-widget_type=\"heading.default\"><div class=\"elementor-widget-container\"><p class=\"elementor-heading-title elementor-size-default\"><strong>Humildade<\/strong><\/p><\/div><\/div><div class=\"elementor-element elementor-element-41deac15 elementor-widget elementor-widget-text-editor\" data-id=\"41deac15\" data-element_type=\"widget\" data-widget_type=\"text-editor.default\"><div class=\"elementor-widget-container\"><p>Reconhecemos a import\u00e2ncia de todos na nossa equipa. Todas as vozes s\u00e3o valiosas e, juntos, construiremos um espa\u00e7o onde todos podem prosperar. <\/p><div class=\"elementor-element elementor-element-704653ab elementor-widget elementor-widget-heading\" data-id=\"704653ab\" data-element_type=\"widget\" data-widget_type=\"heading.default\"><div class=\"elementor-widget-container\"><p class=\"elementor-heading-title elementor-size-default\"><strong>Humanidade<\/strong><\/p><\/div><\/div><div class=\"elementor-element elementor-element-73e25d16 elementor-widget elementor-widget-text-editor\" data-id=\"73e25d16\" data-element_type=\"widget\" data-widget_type=\"text-editor.default\"><div class=\"elementor-widget-container\"><p>Concentramo-nos no bem-estar de todos. Queremos um ambiente de trabalho onde todos possam crescer e desenvolver todo o seu potencial. <\/p><div class=\"elementor-element elementor-element-3ef9a180 elementor-widget elementor-widget-heading\" data-id=\"3ef9a180\" data-element_type=\"widget\" data-widget_type=\"heading.default\"><div class=\"elementor-widget-container\"><p class=\"elementor-heading-title elementor-size-default\"><strong>Inova\u00e7\u00e3o<\/strong><\/p><\/div><\/div><div class=\"elementor-element elementor-element-6434ca2a elementor-widget elementor-widget-text-editor\" data-id=\"6434ca2a\" data-element_type=\"widget\" data-widget_type=\"text-editor.default\"><div class=\"elementor-widget-container\"><p>Estamos sempre \u00e0 procura de novas ideias e formas de melhorar. A criatividade e a evolu\u00e7\u00e3o s\u00e3o os pilares da nossa equipa. <\/p><div class=\"elementor-element elementor-element-713b4b1e elementor-widget elementor-widget-heading\" data-id=\"713b4b1e\" data-element_type=\"widget\" data-widget_type=\"heading.default\"><div class=\"elementor-widget-container\"><p class=\"elementor-heading-title elementor-size-default\"><strong>Sustentabilidade<\/strong><\/p><\/div><\/div><div class=\"elementor-element elementor-element-34a50386 elementor-widget elementor-widget-text-editor\" data-id=\"34a50386\" data-element_type=\"widget\" data-widget_type=\"text-editor.default\"><div class=\"elementor-widget-container\"><p>Estamos empenhados em pr\u00e1ticas respons\u00e1veis que beneficiam a empresa, a comunidade e o ambiente.<\/p><div class=\"elementor-element elementor-element-01c5b67 elementor-widget elementor-widget-heading\" data-id=\"01c5b67\" data-element_type=\"widget\" data-widget_type=\"heading.default\"><div class=\"elementor-widget-container\"><p class=\"elementor-heading-title elementor-size-default\"><strong>Profissionalismo<\/strong><\/p><\/div><\/div><div class=\"elementor-element elementor-element-c136db4 elementor-widget elementor-widget-text-editor\" data-id=\"c136db4\" data-element_type=\"widget\" data-widget_type=\"text-editor.default\"><div class=\"elementor-widget-container\"><p>Procuramos a excel\u00eancia com padr\u00f5es elevados para garantir o desenvolvimento e o bem-estar da nossa equipa.<\/p><\/div><\/div><\/div><\/div><\/div><\/div><\/div><\/div><\/div><\/div>\t\t\t\t\t\t\t\t<\/div>\n\t\t\t\t<\/div>\n\t\t\t\t<\/div>\n\t\t<div class=\"elementor-element elementor-element-1a8eefc e-con-full e-flex e-con e-child\" data-id=\"1a8eefc\" data-element_type=\"container\" data-e-type=\"container\" data-settings=\"{&quot;background_background&quot;:&quot;classic&quot;}\">\n\t\t\t\t<\/div>\n\t\t\t\t<\/div>\n\t\t\t\t<\/div>\n\t\t","protected":false},"excerpt":{"rendered":"<p>Constr\u00f3i o futuro das telecomunica\u00e7\u00f5es connosco Junta-te \u00e0 nossa equipa onde a tua carreira e os teus valores est\u00e3o alinhados. [&hellip;]<\/p>\n","protected":false},"author":5,"featured_media":0,"parent":0,"menu_order":0,"comment_status":"closed","ping_status":"closed","template":"","meta":{"site-sidebar-layout":"no-sidebar","site-content-layout":"","ast-site-content-layout":"full-width-container","site-content-style":"default","site-sidebar-style":"default","ast-global-header-display":"","ast-banner-title-visibility":"","ast-main-header-display":"","ast-hfb-above-header-display":"","ast-hfb-below-header-display":"","ast-hfb-mobile-header-display":"","site-post-title":"disabled","ast-breadcrumbs-content":"","ast-featured-img":"disabled","footer-sml-layout":"","ast-disable-related-posts":"","theme-transparent-header-meta":"","adv-header-id-meta":"","stick-header-meta":"","header-above-stick-meta":"","header-main-stick-meta":"","header-below-stick-meta":"","astra-migrate-meta-layouts":"default","ast-page-background-enabled":"default","ast-page-background-meta":{"desktop":{"background-color":"var(--ast-global-color-5)","background-image":"","background-repeat":"repeat","background-position":"center center","background-size":"auto","background-attachment":"scroll","background-type":"","background-media":"","overlay-type":"","overlay-color":"","overlay-opacity":"","overlay-gradient":""},"tablet":{"background-color":"","background-image":"","background-repeat":"repeat","background-position":"center center","background-size":"auto","background-attachment":"scroll","background-type":"","background-media":"","overlay-type":"","overlay-color":"","overlay-opacity":"","overlay-gradient":""},"mobile":{"background-color":"","background-image":"","background-repeat":"repeat","background-position":"center center","background-size":"auto","background-attachment":"scroll","background-type":"","background-media":"","overlay-type":"","overlay-color":"","overlay-opacity":"","overlay-gradient":""}},"ast-content-background-meta":{"desktop":{"background-color":"var(--ast-global-color-4)","background-image":"","background-repeat":"repeat","background-position":"center center","background-size":"auto","background-attachment":"scroll","background-type":"","background-media":"","overlay-type":"","overlay-color":"","overlay-opacity":"","overlay-gradient":""},"tablet":{"background-color":"var(--ast-global-color-4)","background-image":"","background-repeat":"repeat","background-position":"center center","background-size":"auto","background-attachment":"scroll","background-type":"","background-media":"","overlay-type":"","overlay-color":"","overlay-opacity":"","overlay-gradient":""},"mobile":{"background-color":"var(--ast-global-color-4)","background-image":"","background-repeat":"repeat","background-position":"center center","background-size":"auto","background-attachment":"scroll","background-type":"","background-media":"","overlay-type":"","overlay-color":"","overlay-opacity":"","overlay-gradient":""}},"footnotes":""},"class_list":["post-29948","page","type-page","status-publish","hentry"],"_links":{"self":[{"href":"https:\/\/gtlan.com\/pt-pt\/wp-json\/wp\/v2\/pages\/29948","targetHints":{"allow":["GET"]}}],"collection":[{"href":"https:\/\/gtlan.com\/pt-pt\/wp-json\/wp\/v2\/pages"}],"about":[{"href":"https:\/\/gtlan.com\/pt-pt\/wp-json\/wp\/v2\/types\/page"}],"author":[{"embeddable":true,"href":"https:\/\/gtlan.com\/pt-pt\/wp-json\/wp\/v2\/users\/5"}],"replies":[{"embeddable":true,"href":"https:\/\/gtlan.com\/pt-pt\/wp-json\/wp\/v2\/comments?post=29948"}],"version-history":[{"count":0,"href":"https:\/\/gtlan.com\/pt-pt\/wp-json\/wp\/v2\/pages\/29948\/revisions"}],"wp:attachment":[{"href":"https:\/\/gtlan.com\/pt-pt\/wp-json\/wp\/v2\/media?parent=29948"}],"curies":[{"name":"wp","href":"https:\/\/api.w.org\/{rel}","templated":true}]}}