{"id":29959,"date":"2024-12-09T15:57:02","date_gmt":"2024-12-09T14:57:02","guid":{"rendered":"https:\/\/gtlan.com\/subvencoes-e-programas-de-apoio\/"},"modified":"2024-12-09T15:57:02","modified_gmt":"2024-12-09T14:57:02","slug":"subvencoes-e-programas-de-apoio","status":"publish","type":"page","link":"https:\/\/gtlan.com\/pt-pt\/subvencoes-e-programas-de-apoio\/","title":{"rendered":"Subven\u00e7\u00f5es e programas de apoio"},"content":{"rendered":"<p>[et_pb_section fb_built=\"1&#8243; specialty=\"on\" admin_label=\"How You Can Help\" _builder_version=\"4.27.0&#8243; _module_preset=\"default\" box_shadow_style=\"preset6&#8243; collapsed=\"on\" global_colors_info=\"{}\" theme_builder_area=\"post_content\"][et_pb_column global_colors_info=\"{}\" type=\"1_2&#8243; _builder_version=\"4.16&#8243; _module_preset=\"_initial\" custom_padding=\"|||\" custom_padding__hover=\"|||\" theme_builder_area=\"post_content\"][et_pb_text header_font_size=\"14px\" header_4_font_size=\"14px\" header_4_line_height=\"1.4em\" global_colors_info=\"{%22gcid-heading-color%22:%91%22quote_text_color%22%93}\" _builder_version=\"4.27.0&#8243; _module_preset=\"56a7a00e-05b1-46a4-a3c1-3af711be6ff5&#8243; header_font=\"Inter|700||on|||||\" header_text_color=\"#D1675A\" header_4_font=\"Catamaran|700||on|||||\" header_4_text_color=\"#D1675A\" header_4_letter_spacing=\"1px\" custom_margin=\"||0px||false|false\" locked=\"off\" theme_builder_area=\"post_content\"]<\/p>\n<h1>QUALIDADE<\/h1>\n<p>[\/et_pb_text][et_pb_text header_2_font_size=\"38px\" global_colors_info=\"{%22gcid-heading-color%22:%91%22quote_text_color%22%93}\" _builder_version=\"4.27.0&#8243; _module_preset=\"56a7a00e-05b1-46a4-a3c1-3af711be6ff5&#8243; header_2_font=\"Inter|700|||||||\" header_2_text_color=\"#303F52&#8243; locked=\"off\" theme_builder_area=\"post_content\"]<\/p>\n<h2>Subven\u00e7\u00f5es e programas de apoio<\/h2>\n<p>[\/et_pb_text][et_pb_text text_font=\"Catamaran||||||||\" header_font_size_tablet=\"55px\" header_font_size_last_edited=\"off|desktop\" global_colors_info=\"{%22gcid-heading-color%22:%91%22quote_text_color%22%93}\" _builder_version=\"4.27.4&#8243; _module_preset=\"56a7a00e-05b1-46a4-a3c1-3af711be6ff5&#8243; text_text_color=\"#666666&#8243; text_font_size=\"14px\" text_line_height=\"1.5em\" hover_enabled=\"0&#8243; locked=\"off\" theme_builder_area=\"post_content\" sticky_enabled=\"0&#8243;]<\/p>\n<p class=\"x_42bd34ee x_d93b7897\">Temos v\u00e1rios<span> <\/span><strong>subven\u00e7\u00f5es concedidas pela Uni\u00e3o Europeia e pelo Governo espanhol<\/strong>. Estas subven\u00e7\u00f5es abrangem dom\u00ednios como a sustentabilidade, a transforma\u00e7\u00e3o digital, a tutoria e a moderniza\u00e7\u00e3o das empresas. <\/p>\n<p class=\"x_42bd34ee x_d93b7897\"><strong>O nosso Departamento de Qualidade desempenha um papel fundamental<\/strong><span> <\/span>na identifica\u00e7\u00e3o e gest\u00e3o destas oportunidades, garantindo que cumprimos os requisitos necess\u00e1rios para aceder a estes fundos.<\/p>\n<p>[\/et_pb_text][\/et_pb_column][et_pb_column global_colors_info=\"{}\" type=\"1_2&#8243; specialty_columns=\"2&#8243; _builder_version=\"4.16&#8243; _module_preset=\"default\" custom_padding=\"|||\" custom_padding__hover=\"|||\" theme_builder_area=\"post_content\"][et_pb_row_inner column_structure=\"1_2,1_2&#8243; use_custom_gutter=\"on\" gutter_width=\"2&#8243; _builder_version=\"4.25.1&#8243; _module_preset=\"default\" global_colors_info=\"{}\" theme_builder_area=\"post_content\"][et_pb_column_inner global_colors_info=\"{}\" type=\"1_2&#8243; saved_specialty_column_type=\"1_2&#8243; _builder_version=\"4.25.1&#8243; _module_preset=\"_initial\" theme_builder_area=\"post_content\"][et_pb_image src=\"https:\/\/gtlan.com\/wp-content\/uploads\/Europa-Gtlan.jpg\" alt=\"gtlan-armazenamento-t\u00e1tico\" title_text=\"Europa Gtlan\" _builder_version=\"4.27.4&#8243; _module_preset=\"default\" hover_enabled=\"0&#8243; border_radii=\"on|30px|30px|30px|30px\" global_colors_info=\"{}\" theme_builder_area=\"post_content\" sticky_enabled=\"0&#8243;][\/et_pb_image][\/et_pb_column_inner][et_pb_column_inner global_colors_info=\"{}\" type=\"1_2&#8243; saved_specialty_column_type=\"1_2&#8243; _builder_version=\"4.25.1&#8243; _module_preset=\"_initial\" theme_builder_area=\"post_content\"][et_pb_image src=\"https:\/\/gtlan.com\/wp-content\/uploads\/Subvenciones-y-programas-de-apoyo-MercadoIT-1.jpg\" alt=\"gtlan-laborat\u00f3rio\" title_text=\"Subvenciones y programas de apoyo MercadoIT 1&#8243; _builder_version=\"4.27.4&#8243; _module_preset=\"default\" hover_enabled=\"0&#8243; border_radii=\"on|30px|30px|30px|30px\" locked=\"off\" global_colors_info=\"{}\" theme_builder_area=\"post_content\" sticky_enabled=\"0&#8243;][\/et_pb_image][\/et_pb_column_inner][\/et_pb_row_inner][\/et_pb_column][\/et_pb_section][et_pb_section fb_built=\"1&#8243; module_id=\"calidad\" _builder_version=\"4.27.0&#8243; _module_preset=\"_initial\" global_colors_info=\"{}\" theme_builder_area=\"post_content\" custom_padding=\"25px||60px|||\"][et_pb_row _builder_version=\"4.25.1&#8243; _module_preset=\"default\" global_colors_info=\"{}\" theme_builder_area=\"post_content\"][et_pb_column global_colors_info=\"{}\" type=\"4_4&#8243; _builder_version=\"4.25.1&#8243; _module_preset=\"_initial\" theme_builder_area=\"post_content\"][et_pb_heading title_font_size=\"35px\" global_colors_info=\"{%22gcid-0cddd2b1-8b06-4d9a-ae17-1cfad24229a1%22:%91%22quote_border_color%22%93}\" quote_border_color=\"gcid-0cddd2b1-8b06-4d9a-ae17-1cfad24229a1&#8243; title=\"Xpande Digital\" _builder_version=\"4.27.4&#8243; _module_preset=\"74cd5324-0710-481e-b08d-c5eb62ab2e27&#8243; title_level=\"h2&#8243; title_font=\"Inter|700|||||||\" title_text_color=\"#303F52&#8243; custom_margin=\"||10px||false|false\" hover_enabled=\"0&#8243; theme_builder_area=\"post_content\" sticky_enabled=\"0&#8243;][\/et_pb_heading][et_pb_text _builder_version=\"4.27.4&#8243; _module_preset=\"default\" text_font=\"Catamaran||||||||\" text_text_color=\"#666666&#8243; text_font_size=\"14px\" text_line_height=\"1.2em\" hover_enabled=\"0&#8243; global_colors_info=\"{}\" locked=\"off\" theme_builder_area=\"post_content\" sticky_enabled=\"0&#8243;]<\/p>\n<p><strong>\"A GOTE SOCIEDAD AN\u00d3NIMA tem sido benefici\u00e1ria de Fundos Europeus<\/strong>, cujo objetivo \u00e9 refor\u00e7ar o crescimento sustent\u00e1vel e a competitividade das PME, e gra\u00e7as aos quais lan\u00e7ou um Plano de A\u00e7\u00e3o para melhorar a sua competitividade atrav\u00e9s da transforma\u00e7\u00e3o digital, promo\u00e7\u00e3o online e com\u00e9rcio eletr\u00f3nico nos mercados internacionais durante o ano de 2024. Para o efeito, contou com o apoio do Programa Xpande Digital da C\u00e2mara de Com\u00e9rcio de Val\u00eancia\" <strong>.<\/strong><\/p>\n<p>[\/et_pb_text][et_pb_image src=\"https:\/\/gtlan.com\/wp-content\/uploads\/Digitaliza-gote-gtlan-logos.jpg\" alt=\"Digitise-gote-gtlan\" title_text=\"Digitaliza-gote-gtlan-logos\" align=\"center\" _builder_version=\"4.27.4&#8243; _module_preset=\"default\" width=\"50%\" hover_enabled=\"0&#8243; global_colors_info=\"{}\" locked=\"off\" theme_builder_area=\"post_content\" sticky_enabled=\"0&#8243;][\/et_pb_image][\/et_pb_column][\/et_pb_row][et_pb_row _builder_version=\"4.25.1&#8243; _module_preset=\"default\" custom_padding=\"||0px|||\" global_colors_info=\"{}\" theme_builder_area=\"post_content\"][et_pb_column global_colors_info=\"{}\" type=\"4_4&#8243; _builder_version=\"4.25.1&#8243; _module_preset=\"_initial\" theme_builder_area=\"post_content\"][et_pb_heading title_font_size=\"35px\" global_colors_info=\"{%22gcid-0cddd2b1-8b06-4d9a-ae17-1cfad24229a1%22:%91%22quote_border_color%22%93}\" quote_border_color=\"gcid-0cddd2b1-8b06-4d9a-ae17-1cfad24229a1&#8243; title=\"Digitaliza o CV\" _builder_version=\"4.27.4&#8243; _module_preset=\"74cd5324-0710-481e-b08d-c5eb62ab2e27&#8243; title_level=\"h2&#8243; title_font=\"Inter|700|||||||\" title_text_color=\"#303F52&#8243; custom_margin=\"||10px||false|false\" hover_enabled=\"0&#8243; theme_builder_area=\"post_content\" sticky_enabled=\"0&#8243;][\/et_pb_heading][et_pb_text _builder_version=\"4.27.4&#8243; _module_preset=\"default\" text_font=\"Catamaran||||||||\" text_text_color=\"#666666&#8243; text_font_size=\"14px\" text_line_height=\"1.2em\" hover_enabled=\"0&#8243; global_colors_info=\"{}\" locked=\"off\" theme_builder_area=\"post_content\" sticky_enabled=\"0&#8243;]<\/p>\n<p><strong>A GOTE, S.A. participou na Digitaliza CV com o projeto: Expans\u00e3o e Atualiza\u00e7\u00e3o do ERP da GOTE.<\/strong><\/p>\n<p>Projeto selecionado no \u00e2mbito do Programa Operacional FEDER da Comunidade Valenciana 2021\/2027. Realizado com o apoio financeiro de FEDER e IVACE. <\/p>\n<p><strong>Objectivos:<\/strong> Atualiza\u00e7\u00e3o do ERP atual para instalar a vers\u00e3o atual (compat\u00edvel com a Lei Anti-Fraude 11\/2021). Aplica\u00e7\u00e3o personalizada de gest\u00e3o de armaz\u00e9m a partir de dispositivos m\u00f3veis ligados ao ERP atual. Implementar o SII com o AEAT.  <\/p>\n<p><strong>Resultados:<\/strong> aumento do n\u00edvel tecnol\u00f3gico da empresa atrav\u00e9s da implementa\u00e7\u00e3o de novas tecnologias electr\u00f3nicas, inform\u00e1ticas e de comunica\u00e7\u00e3o (TIC).<\/p>\n<p>[\/et_pb_text][et_pb_image src=\"https:\/\/gtlan.com\/wp-content\/uploads\/Xpande-digital-Gote-gtlan-logos.jpg\" alt=\"Xpande-digital-Gote-gtlan Xpande-digital-Gote-gtlan\" title_text=\"Xpande-digital-Gote-gtlan-logos\" _builder_version=\"4.27.4&#8243; _module_preset=\"default\" hover_enabled=\"0&#8243; global_colors_info=\"{}\" locked=\"off\" theme_builder_area=\"post_content\" align=\"center\" width=\"50%\" sticky_enabled=\"0&#8243;][\/et_pb_image][\/et_pb_column][\/et_pb_row][\/et_pb_section]<\/p>\n","protected":false},"excerpt":{"rendered":"<p>[et_pb_section fb_built=\"1&#8243; specialty=\"on\" admin_label=\"How You Can Help\" _builder_version=\"4.27.0&#8243; _module_preset=\"default\" box_shadow_style=\"preset6&#8243; collapsed=\"on\" global_colors_info=\"{}\" theme_builder_area=\"post_content\"][et_pb_column global_colors_info=\"{}\" type=\"1_2&#8243; _builder_version=\"4.16&#8243; _module_preset=\"_initial\" custom_padding=\"|||\" custom_padding__hover=\"|||\" theme_builder_area=\"post_content\"][et_pb_text [&hellip;]<\/p>\n","protected":false},"author":4,"featured_media":0,"parent":0,"menu_order":0,"comment_status":"closed","ping_status":"closed","template":"","meta":{"site-sidebar-layout":"default","site-content-layout":"","ast-site-content-layout":"default","site-content-style":"default","site-sidebar-style":"default","ast-global-header-display":"","ast-banner-title-visibility":"","ast-main-header-display":"","ast-hfb-above-header-display":"","ast-hfb-below-header-display":"","ast-hfb-mobile-header-display":"","site-post-title":"","ast-breadcrumbs-content":"","ast-featured-img":"","footer-sml-layout":"","ast-disable-related-posts":"","theme-transparent-header-meta":"","adv-header-id-meta":"","stick-header-meta":"","header-above-stick-meta":"","header-main-stick-meta":"","header-below-stick-meta":"","astra-migrate-meta-layouts":"default","ast-page-background-enabled":"default","ast-page-background-meta":{"desktop":{"background-color":"var(--ast-global-color-5)","background-image":"","background-repeat":"repeat","background-position":"center center","background-size":"auto","background-attachment":"scroll","background-type":"","background-media":"","overlay-type":"","overlay-color":"","overlay-opacity":"","overlay-gradient":""},"tablet":{"background-color":"","background-image":"","background-repeat":"repeat","background-position":"center center","background-size":"auto","background-attachment":"scroll","background-type":"","background-media":"","overlay-type":"","overlay-color":"","overlay-opacity":"","overlay-gradient":""},"mobile":{"background-color":"","background-image":"","background-repeat":"repeat","background-position":"center center","background-size":"auto","background-attachment":"scroll","background-type":"","background-media":"","overlay-type":"","overlay-color":"","overlay-opacity":"","overlay-gradient":""}},"ast-content-background-meta":{"desktop":{"background-color":"var(--ast-global-color-4)","background-image":"","background-repeat":"repeat","background-position":"center center","background-size":"auto","background-attachment":"scroll","background-type":"","background-media":"","overlay-type":"","overlay-color":"","overlay-opacity":"","overlay-gradient":""},"tablet":{"background-color":"var(--ast-global-color-4)","background-image":"","background-repeat":"repeat","background-position":"center center","background-size":"auto","background-attachment":"scroll","background-type":"","background-media":"","overlay-type":"","overlay-color":"","overlay-opacity":"","overlay-gradient":""},"mobile":{"background-color":"var(--ast-global-color-4)","background-image":"","background-repeat":"repeat","background-position":"center center","background-size":"auto","background-attachment":"scroll","background-type":"","background-media":"","overlay-type":"","overlay-color":"","overlay-opacity":"","overlay-gradient":""}},"footnotes":""},"class_list":["post-29959","page","type-page","status-publish","hentry"],"_links":{"self":[{"href":"https:\/\/gtlan.com\/pt-pt\/wp-json\/wp\/v2\/pages\/29959","targetHints":{"allow":["GET"]}}],"collection":[{"href":"https:\/\/gtlan.com\/pt-pt\/wp-json\/wp\/v2\/pages"}],"about":[{"href":"https:\/\/gtlan.com\/pt-pt\/wp-json\/wp\/v2\/types\/page"}],"author":[{"embeddable":true,"href":"https:\/\/gtlan.com\/pt-pt\/wp-json\/wp\/v2\/users\/4"}],"replies":[{"embeddable":true,"href":"https:\/\/gtlan.com\/pt-pt\/wp-json\/wp\/v2\/comments?post=29959"}],"version-history":[{"count":0,"href":"https:\/\/gtlan.com\/pt-pt\/wp-json\/wp\/v2\/pages\/29959\/revisions"}],"wp:attachment":[{"href":"https:\/\/gtlan.com\/pt-pt\/wp-json\/wp\/v2\/media?parent=29959"}],"curies":[{"name":"wp","href":"https:\/\/api.w.org\/{rel}","templated":true}]}}