{"id":29973,"date":"2024-12-04T13:22:19","date_gmt":"2024-12-04T12:22:19","guid":{"rendered":"https:\/\/gtlan.com\/historias-de-sucesso-do-gtlan\/"},"modified":"2024-12-04T13:22:19","modified_gmt":"2024-12-04T12:22:19","slug":"historias-de-sucesso-do-gtlan","status":"publish","type":"page","link":"https:\/\/gtlan.com\/pt-pt\/historias-de-sucesso-do-gtlan\/","title":{"rendered":"Hist\u00f3rias de sucesso do Gtlan"},"content":{"rendered":"<p>[et_pb_section fb_built=\"1&#8243; admin_label=\"Header\" _builder_version=\"4.21.0&#8243; _module_preset=\"_initial\" background_color=\"gcid-3cfc8c0c-5557-4a5d-9dab-24e78d615311&#8243; custom_padding=\"32px||10px|||\" collapsed=\"on\" global_colors_info=\"{%22gcid-3cfc8c0c-5557-4a5d-9dab-24e78d615311%22:%91%22background_color%22%93}\"][et_pb_row _builder_version=\"4.22.0&#8243; _module_preset=\"default\" custom_padding=\"||0px|||\" global_colors_info=\"{}\"][et_pb_column type=\"4_4&#8243; _builder_version=\"4.21.0&#8243; _module_preset=\"_initial\" global_colors_info=\"{}\"][et_pb_text _builder_version=\"4.27.0&#8243; _module_preset=\"56a7a00e-05b1-46a4-a3c1-3af711be6ff5&#8243; header_font=\"Inter|700||on|||||\" header_text_color=\"#D1675A\" header_font_size=\"14px\" header_line_height=\"1.4em\" header_4_font=\"Catamaran|700||on|||||\" header_4_text_color=\"#D1675A\" header_4_font_size=\"14px\" header_4_letter_spacing=\"1px\" header_4_line_height=\"1.4em\" custom_margin=\"||0px||false|false\" locked=\"off\" global_colors_info=\"{%22gcid-heading-color%22:%91%22quote_text_color%22%93}\"]<\/p>\n<h1>Hist\u00f3rias de sucesso<\/h1>\n<p>[\/et_pb_text][et_pb_text _builder_version=\"4.27.0&#8243; _module_preset=\"56a7a00e-05b1-46a4-a3c1-3af711be6ff5&#8243; header_2_font=\"Inter|700|||||||\" header_2_text_color=\"#303F52&#8243; header_2_font_size=\"38px\" locked=\"off\" global_colors_info=\"{%22gcid-heading-color%22:%91%22quote_text_color%22%93}\"]<\/p>\n<h2>Casos que demonstram o nosso compromisso com a excel\u00eancia<\/h2>\n<p>[\/et_pb_text][et_pb_text quote_border_color=\"#D1675A\" _builder_version=\"4.27.0&#8243; _module_preset=\"56a7a00e-05b1-46a4-a3c1-3af711be6ff5&#8243; text_font=\"Catamaran||||||||\" text_text_color=\"#666666&#8243; text_font_size=\"18px\" text_line_height=\"1.5em\" quote_text_color=\"#666666&#8243; quote_font_size=\"16px\" header_font_size_tablet=\"55px\" header_font_size_last_edited=\"off|desktop\" locked=\"off\" global_colors_info=\"{%22gcid-heading-color%22:%91%22quote_text_color%22%93}\"]<\/p>\n<blockquote>\n<p><strong>Descobre como a GTLAN transforma os desafios em solu\u00e7\u00f5es reais.<\/strong>  Atrav\u00e9s de projectos not\u00e1veis, demonstramos o nosso compromisso com a efici\u00eancia, a seguran\u00e7a e a personaliza\u00e7\u00e3o em telecomunica\u00e7\u00f5es, transportadoras e centros de dados.  <strong>Estas hist\u00f3rias de sucesso reflectem a nossa experi\u00eancia e capacidade de apresentar resultados que excedem as expectativas.<\/strong><\/p>\n<\/blockquote>\n<p>[\/et_pb_text][\/et_pb_column][\/et_pb_row][\/et_pb_section][et_pb_section fb_built=\"1&#8243; _builder_version=\"4.27.0&#8243; _module_preset=\"default\" global_colors_info=\"{}\"][et_pb_row _builder_version=\"4.27.0&#8243; _module_preset=\"default\" global_colors_info=\"{}\"][et_pb_column type=\"4_4&#8243; _builder_version=\"4.27.0&#8243; _module_preset=\"default\"][et_pb_portfolio include_categories=\"all\" _builder_version=\"4.27.0&#8243; _module_preset=\"default\" global_colors_info=\"{}\"][\/et_pb_portfolio][\/et_pb_column][\/et_pb_row][\/et_pb_section]<\/p>\n","protected":false},"excerpt":{"rendered":"<p>[et_pb_section fb_built=\"1&#8243; admin_label=\"Header\" _builder_version=\"4.21.0&#8243; _module_preset=\"_initial\" background_color=\"gcid-3cfc8c0c-5557-4a5d-9dab-24e78d615311&#8243; custom_padding=\"32px||10px|||\" collapsed=\"on\" global_colors_info=\"{%22gcid-3cfc8c0c-5557-4a5d-9dab-24e78d615311%22:%91%22background_color%22%93}\"][et_pb_row _builder_version=\"4.22.0&#8243; _module_preset=\"default\" custom_padding=\"||0px|||\" global_colors_info=\"{}\"][et_pb_column type=\"4_4&#8243; _builder_version=\"4.21.0&#8243; _module_preset=\"_initial\" global_colors_info=\"{}\"][et_pb_text _builder_version=\"4.27.0&#8243; _module_preset=\"56a7a00e-05b1-46a4-a3c1-3af711be6ff5&#8243; header_font=\"Inter|700||on|||||\" [&hellip;]<\/p>\n","protected":false},"author":4,"featured_media":0,"parent":0,"menu_order":0,"comment_status":"closed","ping_status":"closed","template":"","meta":{"site-sidebar-layout":"default","site-content-layout":"","ast-site-content-layout":"default","site-content-style":"default","site-sidebar-style":"default","ast-global-header-display":"","ast-banner-title-visibility":"","ast-main-header-display":"","ast-hfb-above-header-display":"","ast-hfb-below-header-display":"","ast-hfb-mobile-header-display":"","site-post-title":"","ast-breadcrumbs-content":"","ast-featured-img":"","footer-sml-layout":"","ast-disable-related-posts":"","theme-transparent-header-meta":"","adv-header-id-meta":"","stick-header-meta":"","header-above-stick-meta":"","header-main-stick-meta":"","header-below-stick-meta":"","astra-migrate-meta-layouts":"default","ast-page-background-enabled":"default","ast-page-background-meta":{"desktop":{"background-color":"var(--ast-global-color-5)","background-image":"","background-repeat":"repeat","background-position":"center center","background-size":"auto","background-attachment":"scroll","background-type":"","background-media":"","overlay-type":"","overlay-color":"","overlay-opacity":"","overlay-gradient":""},"tablet":{"background-color":"","background-image":"","background-repeat":"repeat","background-position":"center center","background-size":"auto","background-attachment":"scroll","background-type":"","background-media":"","overlay-type":"","overlay-color":"","overlay-opacity":"","overlay-gradient":""},"mobile":{"background-color":"","background-image":"","background-repeat":"repeat","background-position":"center center","background-size":"auto","background-attachment":"scroll","background-type":"","background-media":"","overlay-type":"","overlay-color":"","overlay-opacity":"","overlay-gradient":""}},"ast-content-background-meta":{"desktop":{"background-color":"var(--ast-global-color-4)","background-image":"","background-repeat":"repeat","background-position":"center center","background-size":"auto","background-attachment":"scroll","background-type":"","background-media":"","overlay-type":"","overlay-color":"","overlay-opacity":"","overlay-gradient":""},"tablet":{"background-color":"var(--ast-global-color-4)","background-image":"","background-repeat":"repeat","background-position":"center center","background-size":"auto","background-attachment":"scroll","background-type":"","background-media":"","overlay-type":"","overlay-color":"","overlay-opacity":"","overlay-gradient":""},"mobile":{"background-color":"var(--ast-global-color-4)","background-image":"","background-repeat":"repeat","background-position":"center center","background-size":"auto","background-attachment":"scroll","background-type":"","background-media":"","overlay-type":"","overlay-color":"","overlay-opacity":"","overlay-gradient":""}},"footnotes":""},"class_list":["post-29973","page","type-page","status-publish","hentry"],"_links":{"self":[{"href":"https:\/\/gtlan.com\/pt-pt\/wp-json\/wp\/v2\/pages\/29973","targetHints":{"allow":["GET"]}}],"collection":[{"href":"https:\/\/gtlan.com\/pt-pt\/wp-json\/wp\/v2\/pages"}],"about":[{"href":"https:\/\/gtlan.com\/pt-pt\/wp-json\/wp\/v2\/types\/page"}],"author":[{"embeddable":true,"href":"https:\/\/gtlan.com\/pt-pt\/wp-json\/wp\/v2\/users\/4"}],"replies":[{"embeddable":true,"href":"https:\/\/gtlan.com\/pt-pt\/wp-json\/wp\/v2\/comments?post=29973"}],"version-history":[{"count":0,"href":"https:\/\/gtlan.com\/pt-pt\/wp-json\/wp\/v2\/pages\/29973\/revisions"}],"wp:attachment":[{"href":"https:\/\/gtlan.com\/pt-pt\/wp-json\/wp\/v2\/media?parent=29973"}],"curies":[{"name":"wp","href":"https:\/\/api.w.org\/{rel}","templated":true}]}}