{"id":29974,"date":"2024-10-02T11:50:26","date_gmt":"2024-10-02T09:50:26","guid":{"rendered":"https:\/\/gtlan.com\/gtlan-commercial-network-armazens\/"},"modified":"2024-10-02T11:50:26","modified_gmt":"2024-10-02T09:50:26","slug":"gtlan-commercial-network-armazens","status":"publish","type":"page","link":"https:\/\/gtlan.com\/pt-pt\/gtlan-commercial-network-armazens\/","title":{"rendered":"Gtlan Commercial Network : Armaz\u00e9ns"},"content":{"rendered":"<p>[et_pb_section fb_built=\"1&#8243; admin_label=\"Header\" _builder_version=\"4.21.0&#8243; _module_preset=\"_initial\" background_color=\"gcid-3cfc8c0c-5557-4a5d-9dab-24e78d615311&#8243; custom_padding=\"32px||10px|||\" collapsed=\"on\" global_colors_info=\"{%22gcid-3cfc8c0c-5557-4a5d-9dab-24e78d615311%22:%91%22background_color%22%93}\"][et_pb_row _builder_version=\"4.22.0&#8243; _module_preset=\"default\" custom_padding=\"||30px|||\" global_colors_info=\"{}\"][et_pb_column type=\"4_4&#8243; _builder_version=\"4.21.0&#8243; _module_preset=\"_initial\"][et_pb_text _builder_version=\"4.27.0&#8243; _module_preset=\"56a7a00e-05b1-46a4-a3c1-3af711be6ff5&#8243; header_4_font=\"Inter|700||on|||||\" header_4_text_color=\"#D1675A\" header_4_font_size=\"14px\" header_4_letter_spacing=\"1px\" header_4_line_height=\"1.4em\" custom_margin=\"||0px||false|false\" locked=\"off\" global_colors_info=\"{%22gcid-heading-color%22:%91%22quote_text_color%22%93}\"]<\/p>\n<h4>Servi\u00e7o ao cliente<\/h4>\n<p>[\/et_pb_text][et_pb_text _builder_version=\"4.27.0&#8243; _module_preset=\"56a7a00e-05b1-46a4-a3c1-3af711be6ff5&#8243; header_font=\"Inter|700|||||||\" header_text_color=\"#303F52&#8243; header_font_size=\"38px\" header_2_font=\"Inter|700|||||||\" header_2_text_color=\"#303F52&#8243; header_2_font_size=\"38px\" locked=\"off\" global_colors_info=\"{%22gcid-heading-color%22:%91%22quote_text_color%22%93}\"]<\/p>\n<h1><strong>Canal de distribui\u00e7\u00e3o da for\u00e7a de vendas<\/strong><\/h1>\n<p>[\/et_pb_text][et_pb_text _builder_version=\"4.27.0&#8243; _module_preset=\"56a7a00e-05b1-46a4-a3c1-3af711be6ff5&#8243; text_font=\"Catamaran||||||||\" text_text_color=\"#666666&#8243; text_font_size=\"14px\" text_line_height=\"1.5em\" quote_text_color=\"#666666&#8243; quote_font_size=\"16px\" global_colors_info=\"{}\"]<\/p>\n<p><strong>Dispomos de uma s\u00f3lida rede de agentes em todo o pa\u00eds<\/strong>, especializados no manuseamento e distribui\u00e7\u00e3o eficiente dos nossos produtos de telecomunica\u00e7\u00f5es passivas. <strong>Desde a nossa funda\u00e7\u00e3o, h\u00e1 mais de 40 anos, apost\u00e1mos nos canais de distribui\u00e7\u00e3o<\/strong> como o pilar fundamental do nosso sucesso. <strong>Esta estrat\u00e9gia permitiu-nos garantir uma cobertura r\u00e1pida e eficaz para satisfazer as necessidades dos nossos clientes de telecomunica\u00e7\u00f5es e centros de dados.<\/strong><\/p>\n<blockquote>\n<p>Trabalhamos <strong>com parceiros fi\u00e1veis para garantir a entrega atempada e a qualidade,<\/strong> sempre empenhados na excel\u00eancia em todas as fases da cadeia de fornecimento.<\/p>\n<\/blockquote>\n<p>[\/et_pb_text][et_pb_button button_url=\"https:\/\/gtlan.com\/contacto\/\" button_text=\"Escr\u00edbenos y nos pondremos en contacto\" _builder_version=\"4.27.0&#8243; _module_preset=\"fab679eb-eb32-446b-82d8-23d8cd48dfa8&#8243; button_text_size=\"14px\" button_bg_color=\"#D1675A\" button_border_color=\"#D1675A\" button_border_radius=\"0px\" button_font=\"Inter|700||on|||||\" custom_padding=\"8px|25px|8px|25px|true|true\"][\/et_pb_button][\/et_pb_column][\/et_pb_row][\/et_pb_section][et_pb_section fb_built=\"1&#8243; _builder_version=\"4.27.0&#8243; _module_preset=\"_initial\" custom_padding=\"9px||14px|||\" box_shadow_style=\"preset6&#8243; global_colors_info=\"{}\"][et_pb_row _builder_version=\"4.16&#8243; _module_preset=\"default\" background_size=\"initial\" background_position=\"top_left\" background_repeat=\"repeat\" custom_padding=\"32px|||||\" global_colors_info=\"{}\"][et_pb_column type=\"4_4&#8243; _builder_version=\"4.16&#8243; _module_preset=\"_initial\" custom_padding=\"|||\" custom_padding__hover=\"|||\"][et_pb_text _builder_version=\"4.27.0&#8243; _module_preset=\"56a7a00e-05b1-46a4-a3c1-3af711be6ff5&#8243; header_font=\"Inter|700|||||||\" header_text_color=\"#303F52&#8243; header_font_size=\"38px\" header_2_font=\"Inter|700|||||||\" header_2_text_color=\"#303F52&#8243; header_2_font_size=\"38px\" hover_enabled=\"0&#8243; locked=\"off\" global_colors_info=\"{%22gcid-heading-color%22:%91%22quote_text_color%22%93}\" sticky_enabled=\"0&#8243;]<\/p>\n<h2><strong>Rede Comercial Nacional<\/strong><\/h2>\n<p>[\/et_pb_text][et_pb_code _builder_version=\"4.27.0&#8243; _module_preset=\"default\" global_colors_info=\"{}\"][display-map id=\"25148&#8243;][\/et_pb_code][\/et_pb_column][\/et_pb_row][\/et_pb_section]<\/p>\n","protected":false},"excerpt":{"rendered":"<p>[et_pb_section fb_built=\"1&#8243; admin_label=\"Header\" _builder_version=\"4.21.0&#8243; _module_preset=\"_initial\" background_color=\"gcid-3cfc8c0c-5557-4a5d-9dab-24e78d615311&#8243; custom_padding=\"32px||10px|||\" collapsed=\"on\" global_colors_info=\"{%22gcid-3cfc8c0c-5557-4a5d-9dab-24e78d615311%22:%91%22background_color%22%93}\"][et_pb_row _builder_version=\"4.22.0&#8243; _module_preset=\"default\" custom_padding=\"||30px|||\" global_colors_info=\"{}\"][et_pb_column type=\"4_4&#8243; _builder_version=\"4.21.0&#8243; _module_preset=\"_initial\"][et_pb_text _builder_version=\"4.27.0&#8243; _module_preset=\"56a7a00e-05b1-46a4-a3c1-3af711be6ff5&#8243; header_4_font=\"Inter|700||on|||||\" header_4_text_color=\"#D1675A\" [&hellip;]<\/p>\n","protected":false},"author":4,"featured_media":0,"parent":0,"menu_order":0,"comment_status":"closed","ping_status":"closed","template":"","meta":{"site-sidebar-layout":"default","site-content-layout":"","ast-site-content-layout":"default","site-content-style":"default","site-sidebar-style":"default","ast-global-header-display":"","ast-banner-title-visibility":"","ast-main-header-display":"","ast-hfb-above-header-display":"","ast-hfb-below-header-display":"","ast-hfb-mobile-header-display":"","site-post-title":"","ast-breadcrumbs-content":"","ast-featured-img":"","footer-sml-layout":"","ast-disable-related-posts":"","theme-transparent-header-meta":"","adv-header-id-meta":"","stick-header-meta":"","header-above-stick-meta":"","header-main-stick-meta":"","header-below-stick-meta":"","astra-migrate-meta-layouts":"default","ast-page-background-enabled":"default","ast-page-background-meta":{"desktop":{"background-color":"var(--ast-global-color-5)","background-image":"","background-repeat":"repeat","background-position":"center center","background-size":"auto","background-attachment":"scroll","background-type":"","background-media":"","overlay-type":"","overlay-color":"","overlay-opacity":"","overlay-gradient":""},"tablet":{"background-color":"","background-image":"","background-repeat":"repeat","background-position":"center center","background-size":"auto","background-attachment":"scroll","background-type":"","background-media":"","overlay-type":"","overlay-color":"","overlay-opacity":"","overlay-gradient":""},"mobile":{"background-color":"","background-image":"","background-repeat":"repeat","background-position":"center center","background-size":"auto","background-attachment":"scroll","background-type":"","background-media":"","overlay-type":"","overlay-color":"","overlay-opacity":"","overlay-gradient":""}},"ast-content-background-meta":{"desktop":{"background-color":"var(--ast-global-color-4)","background-image":"","background-repeat":"repeat","background-position":"center center","background-size":"auto","background-attachment":"scroll","background-type":"","background-media":"","overlay-type":"","overlay-color":"","overlay-opacity":"","overlay-gradient":""},"tablet":{"background-color":"var(--ast-global-color-4)","background-image":"","background-repeat":"repeat","background-position":"center center","background-size":"auto","background-attachment":"scroll","background-type":"","background-media":"","overlay-type":"","overlay-color":"","overlay-opacity":"","overlay-gradient":""},"mobile":{"background-color":"var(--ast-global-color-4)","background-image":"","background-repeat":"repeat","background-position":"center center","background-size":"auto","background-attachment":"scroll","background-type":"","background-media":"","overlay-type":"","overlay-color":"","overlay-opacity":"","overlay-gradient":""}},"footnotes":""},"class_list":["post-29974","page","type-page","status-publish","hentry"],"_links":{"self":[{"href":"https:\/\/gtlan.com\/pt-pt\/wp-json\/wp\/v2\/pages\/29974","targetHints":{"allow":["GET"]}}],"collection":[{"href":"https:\/\/gtlan.com\/pt-pt\/wp-json\/wp\/v2\/pages"}],"about":[{"href":"https:\/\/gtlan.com\/pt-pt\/wp-json\/wp\/v2\/types\/page"}],"author":[{"embeddable":true,"href":"https:\/\/gtlan.com\/pt-pt\/wp-json\/wp\/v2\/users\/4"}],"replies":[{"embeddable":true,"href":"https:\/\/gtlan.com\/pt-pt\/wp-json\/wp\/v2\/comments?post=29974"}],"version-history":[{"count":0,"href":"https:\/\/gtlan.com\/pt-pt\/wp-json\/wp\/v2\/pages\/29974\/revisions"}],"wp:attachment":[{"href":"https:\/\/gtlan.com\/pt-pt\/wp-json\/wp\/v2\/media?parent=29974"}],"curies":[{"name":"wp","href":"https:\/\/api.w.org\/{rel}","templated":true}]}}