{"id":30583,"date":"2024-08-13T14:00:33","date_gmt":"2024-08-13T12:00:33","guid":{"rendered":"https:\/\/gtlan.com\/producto\/armario-de-rack-de-chao-externo-de-19-24u-600-mm-de-profundidade-com-cobertura\/"},"modified":"2025-06-23T11:54:59","modified_gmt":"2025-06-23T09:54:59","slug":"armario-de-rack-de-chao-externo-de-19-24u-600-mm-de-profundidade-com-cobertura","status":"publish","type":"product","link":"https:\/\/gtlan.com\/pt-pt\/producto\/armario-de-rack-de-chao-externo-de-19-24u-600-mm-de-profundidade-com-cobertura\/","title":{"rendered":"Arm\u00e1rio para rack de ch\u00e3o exterior de 19&#8243; 24U, profundidade 600 mm, largura 600 mm, com cobertura"},"content":{"rendered":"<p>Configura\u00e7\u00e3o a pedido, consulta as diferentes op\u00e7\u00f5es com o nosso departamento comercial:  <\/p>\n<p>&#8211; Op\u00e7\u00e3o em a\u00e7o inoxid\u00e1vel<\/p>\n<p>&#8211; Possibilidade de incorporar um telhado de caleira<\/p>\n<p>&#8211; Op\u00e7\u00e3o de ventila\u00e7\u00e3o no tejadilho (2 ventiladores) para arm\u00e1rios de cobertura<\/p>\n<p>&#8211; Ventila\u00e7\u00e3o lateral opcional com grelha e filtro de p\u00f3  <\/p>\n<p>&#8211; Op\u00e7\u00e3o de perfis traseiros deslizantes<\/p>\n<p>&#8211; Diferentes sistemas de fixa\u00e7\u00e3o:<\/p>\n<ul>\n<li>  Fixa\u00e7\u00e3o por ancoragens normais  <\/li>\n<li>  Fixa\u00e7\u00e3o em postes<\/li>\n<li>  Fixa\u00e7\u00e3o especial  <\/li>\n<\/ul>\n<p>&#8211; Possibilidade de incorporar uma manta ac\u00fastica<\/p>\n<p>&#8211; Possibilidade de fabrico e pintura por medida<\/p><\/p>\n","protected":false},"excerpt":{"rendered":"<h6><a href=\"https:\/\/gtlan.com\/wp-content\/uploads\/ftgtlan\/31E2466T.pdf\" target=\"_blank\" rel=\"noopener\"><strong>\u21e9 Dados t\u00e9cnicos <\/strong><strong>\u21e9 <\/strong> <\/a><\/h6>\n<h6><\/h6>\n<h6><\/h6>\n","protected":false},"featured_media":27019,"template":"","meta":{"site-sidebar-layout":"default","site-content-layout":"","ast-site-content-layout":"default","site-content-style":"default","site-sidebar-style":"default","ast-global-header-display":"","ast-banner-title-visibility":"","ast-main-header-display":"","ast-hfb-above-header-display":"","ast-hfb-below-header-display":"","ast-hfb-mobile-header-display":"","site-post-title":"","ast-breadcrumbs-content":"","ast-featured-img":"","footer-sml-layout":"","ast-disable-related-posts":"","theme-transparent-header-meta":"","adv-header-id-meta":"","stick-header-meta":"","header-above-stick-meta":"","header-main-stick-meta":"","header-below-stick-meta":"","astra-migrate-meta-layouts":"default","ast-page-background-enabled":"default","ast-page-background-meta":{"desktop":{"background-color":"var(--ast-global-color-5)","background-image":"","background-repeat":"repeat","background-position":"center center","background-size":"auto","background-attachment":"scroll","background-type":"","background-media":"","overlay-type":"","overlay-color":"","overlay-opacity":"","overlay-gradient":""},"tablet":{"background-color":"","background-image":"","background-repeat":"repeat","background-position":"center center","background-size":"auto","background-attachment":"scroll","background-type":"","background-media":"","overlay-type":"","overlay-color":"","overlay-opacity":"","overlay-gradient":""},"mobile":{"background-color":"","background-image":"","background-repeat":"repeat","background-position":"center center","background-size":"auto","background-attachment":"scroll","background-type":"","background-media":"","overlay-type":"","overlay-color":"","overlay-opacity":"","overlay-gradient":""}},"ast-content-background-meta":{"desktop":{"background-color":"var(--ast-global-color-4)","background-image":"","background-repeat":"repeat","background-position":"center center","background-size":"auto","background-attachment":"scroll","background-type":"","background-media":"","overlay-type":"","overlay-color":"","overlay-opacity":"","overlay-gradient":""},"tablet":{"background-color":"var(--ast-global-color-4)","background-image":"","background-repeat":"repeat","background-position":"center center","background-size":"auto","background-attachment":"scroll","background-type":"","background-media":"","overlay-type":"","overlay-color":"","overlay-opacity":"","overlay-gradient":""},"mobile":{"background-color":"var(--ast-global-color-4)","background-image":"","background-repeat":"repeat","background-position":"center center","background-size":"auto","background-attachment":"scroll","background-type":"","background-media":"","overlay-type":"","overlay-color":"","overlay-opacity":"","overlay-gradient":""}}},"product_brand":[],"product_cat":[4653,4651,4230,4652],"product_tag":[4295,4293,4294,4298,4296,4297],"class_list":{"0":"post-30583","1":"product","2":"type-product","3":"status-publish","4":"has-post-thumbnail","6":"product_cat-armario-de-rack-24u","7":"product_cat-armarios-para-estantes-exteriores-de-19","8":"product_cat-armarios-rack-pt-pt","9":"product_cat-estante-externa","10":"product_tag-armario-de-parede","11":"product_tag-armario-de-rack","12":"product_tag-armario-rack-de-19","13":"product_tag-armario-rack-gtlan-pt-pt","14":"product_tag-armario-rack-para-computador","15":"product_tag-preco-do-armario-rack","16":"desktop-align-left","17":"tablet-align-left","18":"mobile-align-left","20":"first","21":"instock","22":"shipping-taxable","23":"product-type-simple"},"_links":{"self":[{"href":"https:\/\/gtlan.com\/pt-pt\/wp-json\/wp\/v2\/product\/30583","targetHints":{"allow":["GET"]}}],"collection":[{"href":"https:\/\/gtlan.com\/pt-pt\/wp-json\/wp\/v2\/product"}],"about":[{"href":"https:\/\/gtlan.com\/pt-pt\/wp-json\/wp\/v2\/types\/product"}],"wp:featuredmedia":[{"embeddable":true,"href":"https:\/\/gtlan.com\/pt-pt\/wp-json\/wp\/v2\/media\/27019"}],"wp:attachment":[{"href":"https:\/\/gtlan.com\/pt-pt\/wp-json\/wp\/v2\/media?parent=30583"}],"wp:term":[{"taxonomy":"product_brand","embeddable":true,"href":"https:\/\/gtlan.com\/pt-pt\/wp-json\/wp\/v2\/product_brand?post=30583"},{"taxonomy":"product_cat","embeddable":true,"href":"https:\/\/gtlan.com\/pt-pt\/wp-json\/wp\/v2\/product_cat?post=30583"},{"taxonomy":"product_tag","embeddable":true,"href":"https:\/\/gtlan.com\/pt-pt\/wp-json\/wp\/v2\/product_tag?post=30583"}],"curies":[{"name":"wp","href":"https:\/\/api.w.org\/{rel}","templated":true}]}}