{"id":30713,"date":"2024-08-13T14:18:36","date_gmt":"2024-08-13T12:18:36","guid":{"rendered":"https:\/\/gtlan.com\/producto\/tabuleiro-de-19-para-24-st-telescopico-simplex-com-acessorios\/"},"modified":"2024-08-13T14:18:36","modified_gmt":"2024-08-13T12:18:36","slug":"tabuleiro-de-19-para-24-st-telescopico-simplex-com-acessorios","status":"publish","type":"product","link":"https:\/\/gtlan.com\/pt-pt\/producto\/tabuleiro-de-19-para-24-st-telescopico-simplex-com-acessorios\/","title":{"rendered":"Tabuleiro de 19&#8243; para 24 ST telesc\u00f3pico simplex, com acess\u00f3rios"},"content":{"rendered":"<p>Tabuleiro de 19&#8243; para 24 ST telesc\u00f3pico simplex, com acess\u00f3rios<\/p>\n","protected":false},"excerpt":{"rendered":"<h6><a href=\"https:\/\/gtlan.com\/wp-content\/uploads\/ftgtlan\/35GTBT24ST.pdf\" target=\"_blank\" rel=\"noopener\"><strong>\u21e9 Dados t\u00e9cnicos <\/strong><strong>\u21e9 <\/strong> <\/a><\/h6>\n<h6><\/h6>\n<h6><\/h6>\n","protected":false},"featured_media":27473,"template":"","meta":{"site-sidebar-layout":"default","site-content-layout":"","ast-site-content-layout":"default","site-content-style":"default","site-sidebar-style":"default","ast-global-header-display":"","ast-banner-title-visibility":"","ast-main-header-display":"","ast-hfb-above-header-display":"","ast-hfb-below-header-display":"","ast-hfb-mobile-header-display":"","site-post-title":"","ast-breadcrumbs-content":"","ast-featured-img":"","footer-sml-layout":"","ast-disable-related-posts":"","theme-transparent-header-meta":"","adv-header-id-meta":"","stick-header-meta":"","header-above-stick-meta":"","header-main-stick-meta":"","header-below-stick-meta":"","astra-migrate-meta-layouts":"default","ast-page-background-enabled":"default","ast-page-background-meta":{"desktop":{"background-color":"var(--ast-global-color-5)","background-image":"","background-repeat":"repeat","background-position":"center center","background-size":"auto","background-attachment":"scroll","background-type":"","background-media":"","overlay-type":"","overlay-color":"","overlay-opacity":"","overlay-gradient":""},"tablet":{"background-color":"","background-image":"","background-repeat":"repeat","background-position":"center center","background-size":"auto","background-attachment":"scroll","background-type":"","background-media":"","overlay-type":"","overlay-color":"","overlay-opacity":"","overlay-gradient":""},"mobile":{"background-color":"","background-image":"","background-repeat":"repeat","background-position":"center center","background-size":"auto","background-attachment":"scroll","background-type":"","background-media":"","overlay-type":"","overlay-color":"","overlay-opacity":"","overlay-gradient":""}},"ast-content-background-meta":{"desktop":{"background-color":"var(--ast-global-color-4)","background-image":"","background-repeat":"repeat","background-position":"center center","background-size":"auto","background-attachment":"scroll","background-type":"","background-media":"","overlay-type":"","overlay-color":"","overlay-opacity":"","overlay-gradient":""},"tablet":{"background-color":"var(--ast-global-color-4)","background-image":"","background-repeat":"repeat","background-position":"center center","background-size":"auto","background-attachment":"scroll","background-type":"","background-media":"","overlay-type":"","overlay-color":"","overlay-opacity":"","overlay-gradient":""},"mobile":{"background-color":"var(--ast-global-color-4)","background-image":"","background-repeat":"repeat","background-position":"center center","background-size":"auto","background-attachment":"scroll","background-type":"","background-media":"","overlay-type":"","overlay-color":"","overlay-opacity":"","overlay-gradient":""}}},"product_brand":[],"product_cat":[5305,4222,4218,5314],"product_tag":[5134,5135,5136,5129,5130,5131,5133,5128,5132],"class_list":{"0":"post-30713","1":"product","2":"type-product","3":"status-publish","4":"has-post-thumbnail","6":"product_cat-distribuicao","7":"product_cat-distribuicao-de-fibra-optica","8":"product_cat-fibra-optica-pt-pt","9":"product_cat-tabuleiro-de-fibra-otica","10":"product_tag-cabos-de-fibra-otica","11":"product_tag-ferramentas-de-instalacao-de-fibras","12":"product_tag-ferramentas-de-verificacao-da-fibra","13":"product_tag-fibra-multimodo-om2-pt-pt","14":"product_tag-fibra-multimodo-om3-pt-pt","15":"product_tag-fibra-multimodo-om4-pt-pt","16":"product_tag-mes-de-modo-unico","17":"product_tag-om1-fibra-multimodo","18":"product_tag-os2-fibra-multimodo","19":"desktop-align-left","20":"tablet-align-left","21":"mobile-align-left","23":"first","24":"instock","25":"shipping-taxable","26":"product-type-simple"},"_links":{"self":[{"href":"https:\/\/gtlan.com\/pt-pt\/wp-json\/wp\/v2\/product\/30713","targetHints":{"allow":["GET"]}}],"collection":[{"href":"https:\/\/gtlan.com\/pt-pt\/wp-json\/wp\/v2\/product"}],"about":[{"href":"https:\/\/gtlan.com\/pt-pt\/wp-json\/wp\/v2\/types\/product"}],"wp:featuredmedia":[{"embeddable":true,"href":"https:\/\/gtlan.com\/pt-pt\/wp-json\/wp\/v2\/media\/27473"}],"wp:attachment":[{"href":"https:\/\/gtlan.com\/pt-pt\/wp-json\/wp\/v2\/media?parent=30713"}],"wp:term":[{"taxonomy":"product_brand","embeddable":true,"href":"https:\/\/gtlan.com\/pt-pt\/wp-json\/wp\/v2\/product_brand?post=30713"},{"taxonomy":"product_cat","embeddable":true,"href":"https:\/\/gtlan.com\/pt-pt\/wp-json\/wp\/v2\/product_cat?post=30713"},{"taxonomy":"product_tag","embeddable":true,"href":"https:\/\/gtlan.com\/pt-pt\/wp-json\/wp\/v2\/product_tag?post=30713"}],"curies":[{"name":"wp","href":"https:\/\/api.w.org\/{rel}","templated":true}]}}