{"id":30729,"date":"2024-08-13T14:18:34","date_gmt":"2024-08-13T12:18:34","guid":{"rendered":"https:\/\/gtlan.com\/producto\/tabuleiros-de-19-para-conectores-24-lc-duplex\/"},"modified":"2025-07-08T15:17:54","modified_gmt":"2025-07-08T13:17:54","slug":"tabuleiros-de-19-para-conectores-24-lc-duplex","status":"publish","type":"product","link":"https:\/\/gtlan.com\/pt-pt\/producto\/tabuleiros-de-19-para-conectores-24-lc-duplex\/","title":{"rendered":"Tabuleiros de 19&#8243; para conectores, 24 LC duplex"},"content":{"rendered":"<p data-start=\"614\" data-end=\"988\">O tabuleiro de conectores de fibra \u00f3tica LC duplex da <strong data-start=\"670\" data-end=\"679\">GTLAN<\/strong> foi concebido para acomodar at\u00e9 <strong data-start=\"712\" data-end=\"748\">24 portas LC duplex (48 fibras)<\/strong> num formato 1U. Fabricado em <strong data-start=\"777\" data-end=\"808\">a\u00e7o SPPC laminado a frio<\/strong>, oferece robustez, durabilidade e uma excelente organiza\u00e7\u00e3o para sistemas de cablagem estruturada em ambientes profissionais, como centros de dados, terminais FTTH e salas t\u00e9cnicas. <\/p>\n<p data-start=\"990\" data-end=\"1291\">Tem uma <strong data-start=\"1001\" data-end=\"1029\">tampa frontal telesc\u00f3pica<\/strong> e <strong data-start=\"1032\" data-end=\"1068\">duas \u00e2ncoras de pl\u00e1stico laterais<\/strong> para facilitar a remo\u00e7\u00e3o e o manuseamento. Inclui <strong data-start=\"1121\" data-end=\"1143\">cassetes internas<\/strong> para gest\u00e3o da fus\u00e3o de cabos de fibra \u00f3tica e um conjunto completo de acess\u00f3rios para instala\u00e7\u00e3o profissional. <em data-start=\"1250\" data-end=\"1290\">Os adaptadores de fibra \u00f3tica n\u00e3o est\u00e3o inclu\u00eddos<\/em>. <\/p>\n<p data-start=\"1293\" data-end=\"1333\"><strong data-start=\"1293\" data-end=\"1333\">Destaques t\u00e9cnicos:<\/strong><\/p>\n<ul data-start=\"1334\" data-end=\"1819\">\n<li data-start=\"1334\" data-end=\"1381\">\n<p data-start=\"1336\" data-end=\"1381\">Capacidade: 24 portas LC duplex (48 fibras)<\/p>\n<\/li>\n<li data-start=\"1382\" data-end=\"1413\">\n<p data-start=\"1384\" data-end=\"1413\">Tipo de conetor: LC duplex<\/p>\n<\/li>\n<li data-start=\"1414\" data-end=\"1428\">\n<p data-start=\"1416\" data-end=\"1428\">Altura: 1U<\/p>\n<\/li>\n<li data-start=\"1429\" data-end=\"1458\">\n<p data-start=\"1431\" data-end=\"1458\">Cobertura: Frente telesc\u00f3pica<\/p>\n<\/li>\n<li data-start=\"1459\" data-end=\"1500\">\n<p data-start=\"1461\" data-end=\"1500\">Material: A\u00e7o SPPC laminado a frio<\/p>\n<\/li>\n<li data-start=\"1501\" data-end=\"1528\">\n<p data-start=\"1503\" data-end=\"1528\">Cor: Preto (RAL 9005)<\/p>\n<\/li>\n<li data-start=\"1529\" data-end=\"1563\">\n<p data-start=\"1531\" data-end=\"1563\">Dimens\u00f5es: 44 x 220 x 485 mm<\/p>\n<\/li>\n<li data-start=\"1564\" data-end=\"1610\">\n<p data-start=\"1566\" data-end=\"1610\">Normas: EIA\/ECA-310-E, IEC 60297-3-100<\/p>\n<\/li>\n<li data-start=\"1611\" data-end=\"1641\">\n<p data-start=\"1613\" data-end=\"1641\">Certifica\u00e7\u00f5es: CE e RoHS<\/p>\n<\/li>\n<li data-start=\"1642\" data-end=\"1819\">\n<p data-start=\"1644\" data-end=\"1667\">Acess\u00f3rios inclu\u00eddos:<\/p>\n<ul data-start=\"1670\" data-end=\"1819\">\n<li data-start=\"1670\" data-end=\"1689\">\n<p data-start=\"1672\" data-end=\"1689\">2 prensa-cabos<\/p>\n<\/li>\n<li data-start=\"1692\" data-end=\"1718\">\n<p data-start=\"1694\" data-end=\"1718\">1 kit de fixa\u00e7\u00e3o<\/p>\n<\/li>\n<li data-start=\"1721\" data-end=\"1743\">\n<p data-start=\"1723\" data-end=\"1743\">2 an\u00e9is abertos<\/p>\n<\/li>\n<li data-start=\"1746\" data-end=\"1776\">\n<p data-start=\"1748\" data-end=\"1776\">48 tubos termoretr\u00e1cteis<\/p>\n<\/li>\n<li data-start=\"1779\" data-end=\"1791\">\n<p data-start=\"1781\" data-end=\"1791\">4 flanges<\/p>\n<\/li>\n<li data-start=\"1794\" data-end=\"1819\">\n<p data-start=\"1796\" data-end=\"1819\">Cassetes de uni\u00e3o<\/p>\n<\/li>\n<\/ul>\n<\/li>\n<\/ul>\n<p data-start=\"1821\" data-end=\"1846\"><strong data-start=\"1821\" data-end=\"1846\">Aplica\u00e7\u00f5es ideais:<\/strong><\/p>\n<ul data-start=\"1847\" data-end=\"2039\">\n<li data-start=\"1847\" data-end=\"1910\">\n<p data-start=\"1849\" data-end=\"1910\">Distribui\u00e7\u00e3o de fibras \u00f3pticas em bastidores de telecomunica\u00e7\u00f5es<\/p>\n<\/li>\n<li data-start=\"1911\" data-end=\"1948\">\n<p data-start=\"1913\" data-end=\"1948\">Centros de dados e salas t\u00e9cnicas<\/p>\n<\/li>\n<li data-start=\"1949\" data-end=\"1981\">\n<p data-start=\"1951\" data-end=\"1981\">Projectos FTTH ou LAN \u00f3tica<\/p>\n<\/li>\n<li data-start=\"1982\" data-end=\"2039\">\n<p data-start=\"1984\" data-end=\"2039\">Pain\u00e9is de interliga\u00e7\u00e3o para redes de elevado desempenho<\/p>\n<\/li>\n<\/ul>\n<p data-start=\"2041\" data-end=\"2216\">Com esta solu\u00e7\u00e3o, <strong data-start=\"2060\" data-end=\"2069\">a GTLAN<\/strong> oferece um tabuleiro funcional, seguro e normalizado, ideal para otimizar o espa\u00e7o e facilitar a manuten\u00e7\u00e3o das redes \u00f3pticas profissionais.<\/p>\n","protected":false},"excerpt":{"rendered":"<p>Tabuleiro 1U de 19&#8243; para conectores LC duplex (24 portas) com cassetes e acess\u00f3rios inclu\u00eddos. Tampa frontal telesc\u00f3pica e fechos de liberta\u00e7\u00e3o r\u00e1pida. Fabricado em a\u00e7o SPPC preto RAL 9005. Compat\u00edvel com as normas EIA\/ECA-310-E.   <\/p>\n<h6><a href=\"https:\/\/gtlan.com\/wp-content\/uploads\/ftgtlan\/35GTBT24LCD.pdf\" target=\"_blank\" rel=\"noopener\"><strong>\u21e9 Dados t\u00e9cnicos <\/strong><strong>\u21e9 <\/strong> <\/a><\/h6>\n<h6><\/h6>\n<h6><\/h6>\n","protected":false},"featured_media":32751,"template":"","meta":{"site-sidebar-layout":"default","site-content-layout":"","ast-site-content-layout":"default","site-content-style":"default","site-sidebar-style":"default","ast-global-header-display":"","ast-banner-title-visibility":"","ast-main-header-display":"","ast-hfb-above-header-display":"","ast-hfb-below-header-display":"","ast-hfb-mobile-header-display":"","site-post-title":"","ast-breadcrumbs-content":"","ast-featured-img":"","footer-sml-layout":"","ast-disable-related-posts":"","theme-transparent-header-meta":"default","adv-header-id-meta":"","stick-header-meta":"","header-above-stick-meta":"","header-main-stick-meta":"","header-below-stick-meta":"","astra-migrate-meta-layouts":"default","ast-page-background-enabled":"default","ast-page-background-meta":{"desktop":{"background-color":"var(--ast-global-color-5)","background-image":"","background-repeat":"repeat","background-position":"center center","background-size":"auto","background-attachment":"scroll","background-type":"","background-media":"","overlay-type":"","overlay-color":"","overlay-opacity":"","overlay-gradient":""},"tablet":{"background-color":"","background-image":"","background-repeat":"repeat","background-position":"center center","background-size":"auto","background-attachment":"scroll","background-type":"","background-media":"","overlay-type":"","overlay-color":"","overlay-opacity":"","overlay-gradient":""},"mobile":{"background-color":"","background-image":"","background-repeat":"repeat","background-position":"center center","background-size":"auto","background-attachment":"scroll","background-type":"","background-media":"","overlay-type":"","overlay-color":"","overlay-opacity":"","overlay-gradient":""}},"ast-content-background-meta":{"desktop":{"background-color":"var(--ast-global-color-4)","background-image":"","background-repeat":"repeat","background-position":"center center","background-size":"auto","background-attachment":"scroll","background-type":"","background-media":"","overlay-type":"","overlay-color":"","overlay-opacity":"","overlay-gradient":""},"tablet":{"background-color":"var(--ast-global-color-4)","background-image":"","background-repeat":"repeat","background-position":"center center","background-size":"auto","background-attachment":"scroll","background-type":"","background-media":"","overlay-type":"","overlay-color":"","overlay-opacity":"","overlay-gradient":""},"mobile":{"background-color":"var(--ast-global-color-4)","background-image":"","background-repeat":"repeat","background-position":"center center","background-size":"auto","background-attachment":"scroll","background-type":"","background-media":"","overlay-type":"","overlay-color":"","overlay-opacity":"","overlay-gradient":""}}},"product_brand":[],"product_cat":[5305,4222,4218,5314],"product_tag":[5134,5135,5136,5129,5130,5131,5133,5128,5132],"class_list":{"0":"post-30729","1":"product","2":"type-product","3":"status-publish","4":"has-post-thumbnail","6":"product_cat-distribuicao","7":"product_cat-distribuicao-de-fibra-optica","8":"product_cat-fibra-optica-pt-pt","9":"product_cat-tabuleiro-de-fibra-otica","10":"product_tag-cabos-de-fibra-otica","11":"product_tag-ferramentas-de-instalacao-de-fibras","12":"product_tag-ferramentas-de-verificacao-da-fibra","13":"product_tag-fibra-multimodo-om2-pt-pt","14":"product_tag-fibra-multimodo-om3-pt-pt","15":"product_tag-fibra-multimodo-om4-pt-pt","16":"product_tag-mes-de-modo-unico","17":"product_tag-om1-fibra-multimodo","18":"product_tag-os2-fibra-multimodo","19":"desktop-align-left","20":"tablet-align-left","21":"mobile-align-left","23":"first","24":"instock","25":"shipping-taxable","26":"product-type-simple"},"_links":{"self":[{"href":"https:\/\/gtlan.com\/pt-pt\/wp-json\/wp\/v2\/product\/30729","targetHints":{"allow":["GET"]}}],"collection":[{"href":"https:\/\/gtlan.com\/pt-pt\/wp-json\/wp\/v2\/product"}],"about":[{"href":"https:\/\/gtlan.com\/pt-pt\/wp-json\/wp\/v2\/types\/product"}],"wp:featuredmedia":[{"embeddable":true,"href":"https:\/\/gtlan.com\/pt-pt\/wp-json\/wp\/v2\/media\/32751"}],"wp:attachment":[{"href":"https:\/\/gtlan.com\/pt-pt\/wp-json\/wp\/v2\/media?parent=30729"}],"wp:term":[{"taxonomy":"product_brand","embeddable":true,"href":"https:\/\/gtlan.com\/pt-pt\/wp-json\/wp\/v2\/product_brand?post=30729"},{"taxonomy":"product_cat","embeddable":true,"href":"https:\/\/gtlan.com\/pt-pt\/wp-json\/wp\/v2\/product_cat?post=30729"},{"taxonomy":"product_tag","embeddable":true,"href":"https:\/\/gtlan.com\/pt-pt\/wp-json\/wp\/v2\/product_tag?post=30729"}],"curies":[{"name":"wp","href":"https:\/\/api.w.org\/{rel}","templated":true}]}}