{"id":30794,"date":"2024-08-13T14:11:16","date_gmt":"2024-08-13T12:11:16","guid":{"rendered":"https:\/\/gtlan.com\/producto\/switch-de-mesa-19-44-rj45-10-100-1000-mbps-poe\/"},"modified":"2025-07-10T09:48:09","modified_gmt":"2025-07-10T07:48:09","slug":"switch-de-mesa-19-44-rj45-10-100-1000-mbps-poe","status":"publish","type":"product","link":"https:\/\/gtlan.com\/pt-pt\/producto\/switch-de-mesa-19-44-rj45-10-100-1000-mbps-poe\/","title":{"rendered":"Switch de mesa\/19&#8243; 4+4 rj45 10\/100\/1000 Mbps POE"},"content":{"rendered":"<p data-start=\"303\" data-end=\"530\">O switch de secret\u00e1ria PoE+ <strong data-start=\"334\" data-end=\"343\">da GTLAN<\/strong> \u00e9 a solu\u00e7\u00e3o ideal para redes compactas que requerem <strong data-start=\"400\" data-end=\"453\">conetividade Gigabit e alimenta\u00e7\u00e3o PoE integrada<\/strong>, como em sistemas de vigil\u00e2ncia por v\u00eddeo, pontos de acesso Wi-Fi e telefonia IP.<\/p>\n<p data-start=\"532\" data-end=\"819\">Disp\u00f5e de <strong data-start=\"543\" data-end=\"570\">8 portas RJ45 com PoE+<\/strong> e <strong data-start=\"573\" data-end=\"593\">2 portas uplink<\/strong> para liga\u00e7\u00e3o \u00e0 rede principal ou backbone, oferecendo um elevado desempenho e velocidade. Suporta as normas IEEE802.3af\/at, com at\u00e9 <strong data-start=\"726\" data-end=\"745\">30 W por porta<\/strong>, permitindo-te alimentar dispositivos sem necessidade de fontes externas. <\/p>\n<p data-start=\"821\" data-end=\"1080\">Este modelo destaca-se pelo seu modo <strong data-start=\"853\" data-end=\"873\">VLAN + Watch Dog<\/strong>, que melhora a seguran\u00e7a da rede ao isolar portas e reiniciar automaticamente dispositivos que n\u00e3o respondem, ideal para garantir o funcionamento cont\u00ednuo de c\u00e2maras IP ou outro equipamento cr\u00edtico.<\/p>\n<p data-start=\"1082\" data-end=\"1303\">Concebido para uma f\u00e1cil instala\u00e7\u00e3o em secret\u00e1ria ou em bastidor aberto, este switch combina robustez, efici\u00eancia energ\u00e9tica e fiabilidade para satisfazer as necessidades de instala\u00e7\u00f5es LAN de pequena e m\u00e9dia dimens\u00e3o.<\/p>\n","protected":false},"excerpt":{"rendered":"<p>Switch de secret\u00e1ria GTLAN PoE+ com 8 portas Gigabit RJ45 com PoE e 2 portas de liga\u00e7\u00e3o ascendente. Pot\u00eancia total de 120 W, at\u00e9 30 W por porta. Modo VLAN + Watch Dog. Ideal para c\u00e2maras IP, pontos de acesso e telefonia IP. IEEE802.3af\/at.    <\/p>\n<h6><a href=\"https:\/\/gtlan.com\/wp-content\/uploads\/ftgtlan\/RPSWSPOE4G.pdf\" target=\"_blank\" rel=\"noopener\"><strong>\u21e9 Dados t\u00e9cnicos <\/strong><strong>\u21e9 <\/strong> <\/a><\/h6>\n<h6><\/h6>\n<h6><\/h6>\n","protected":false},"featured_media":32905,"template":"","meta":{"site-sidebar-layout":"default","site-content-layout":"","ast-site-content-layout":"default","site-content-style":"default","site-sidebar-style":"default","ast-global-header-display":"","ast-banner-title-visibility":"","ast-main-header-display":"","ast-hfb-above-header-display":"","ast-hfb-below-header-display":"","ast-hfb-mobile-header-display":"","site-post-title":"","ast-breadcrumbs-content":"","ast-featured-img":"","footer-sml-layout":"","ast-disable-related-posts":"","theme-transparent-header-meta":"default","adv-header-id-meta":"","stick-header-meta":"","header-above-stick-meta":"","header-main-stick-meta":"","header-below-stick-meta":"","astra-migrate-meta-layouts":"default","ast-page-background-enabled":"default","ast-page-background-meta":{"desktop":{"background-color":"var(--ast-global-color-5)","background-image":"","background-repeat":"repeat","background-position":"center center","background-size":"auto","background-attachment":"scroll","background-type":"","background-media":"","overlay-type":"","overlay-color":"","overlay-opacity":"","overlay-gradient":""},"tablet":{"background-color":"","background-image":"","background-repeat":"repeat","background-position":"center center","background-size":"auto","background-attachment":"scroll","background-type":"","background-media":"","overlay-type":"","overlay-color":"","overlay-opacity":"","overlay-gradient":""},"mobile":{"background-color":"","background-image":"","background-repeat":"repeat","background-position":"center center","background-size":"auto","background-attachment":"scroll","background-type":"","background-media":"","overlay-type":"","overlay-color":"","overlay-opacity":"","overlay-gradient":""}},"ast-content-background-meta":{"desktop":{"background-color":"var(--ast-global-color-4)","background-image":"","background-repeat":"repeat","background-position":"center center","background-size":"auto","background-attachment":"scroll","background-type":"","background-media":"","overlay-type":"","overlay-color":"","overlay-opacity":"","overlay-gradient":""},"tablet":{"background-color":"var(--ast-global-color-4)","background-image":"","background-repeat":"repeat","background-position":"center center","background-size":"auto","background-attachment":"scroll","background-type":"","background-media":"","overlay-type":"","overlay-color":"","overlay-opacity":"","overlay-gradient":""},"mobile":{"background-color":"var(--ast-global-color-4)","background-image":"","background-repeat":"repeat","background-position":"center center","background-size":"auto","background-attachment":"scroll","background-type":"","background-media":"","overlay-type":"","overlay-color":"","overlay-opacity":"","overlay-gradient":""}}},"product_brand":[],"product_cat":[6286,4232,6285],"product_tag":[5655,5653,5650,5654,5652,5651],"class_list":{"0":"post-30794","1":"product","2":"type-product","3":"status-publish","4":"has-post-thumbnail","6":"product_cat-comutador-de-1000-mbps","7":"product_cat-eletronica","8":"product_cat-interruptor-19-1000-base-t","9":"product_tag-eletronica","10":"product_tag-exterior-sem-fios","11":"product_tag-interrutor-de-secretaria","12":"product_tag-placas-de-cobertura","13":"product_tag-sem-fios-em-interiores","14":"product_tag-troca-19","15":"desktop-align-left","16":"tablet-align-left","17":"mobile-align-left","19":"first","20":"instock","21":"shipping-taxable","22":"product-type-simple"},"_links":{"self":[{"href":"https:\/\/gtlan.com\/pt-pt\/wp-json\/wp\/v2\/product\/30794","targetHints":{"allow":["GET"]}}],"collection":[{"href":"https:\/\/gtlan.com\/pt-pt\/wp-json\/wp\/v2\/product"}],"about":[{"href":"https:\/\/gtlan.com\/pt-pt\/wp-json\/wp\/v2\/types\/product"}],"wp:featuredmedia":[{"embeddable":true,"href":"https:\/\/gtlan.com\/pt-pt\/wp-json\/wp\/v2\/media\/32905"}],"wp:attachment":[{"href":"https:\/\/gtlan.com\/pt-pt\/wp-json\/wp\/v2\/media?parent=30794"}],"wp:term":[{"taxonomy":"product_brand","embeddable":true,"href":"https:\/\/gtlan.com\/pt-pt\/wp-json\/wp\/v2\/product_brand?post=30794"},{"taxonomy":"product_cat","embeddable":true,"href":"https:\/\/gtlan.com\/pt-pt\/wp-json\/wp\/v2\/product_cat?post=30794"},{"taxonomy":"product_tag","embeddable":true,"href":"https:\/\/gtlan.com\/pt-pt\/wp-json\/wp\/v2\/product_tag?post=30794"}],"curies":[{"name":"wp","href":"https:\/\/api.w.org\/{rel}","templated":true}]}}