{"id":30858,"date":"2024-08-13T14:01:15","date_gmt":"2024-08-13T12:01:15","guid":{"rendered":"https:\/\/gtlan.com\/producto\/armario-para-rack-de-19-de-chao-serie-global-22u-profundidade-900-mm-com-acessorios\/"},"modified":"2024-08-13T14:01:15","modified_gmt":"2024-08-13T12:01:15","slug":"armario-para-rack-de-19-de-chao-serie-global-22u-profundidade-900-mm-com-acessorios","status":"publish","type":"product","link":"https:\/\/gtlan.com\/pt-pt\/producto\/armario-para-rack-de-19-de-chao-serie-global-22u-profundidade-900-mm-com-acessorios\/","title":{"rendered":"Arm\u00e1rio para rack de 19&#8243; de ch\u00e3o S\u00e9rie GLOBAL 22U, profundidade 900 mm, com acess\u00f3rios"},"content":{"rendered":"<p><span><strong><span>A s\u00e9rie de arm\u00e1rios de instala\u00e7\u00e3o no solo GLOBAL,<\/span><\/strong><\/span><span><span> oferece uma grande variedade de possibilidades para cobrir todas as necessidades actuais de instala\u00e7\u00e3o de redes de dados. <\/span><\/span> <\/p>\n<p><span><strong><span>Gra\u00e7as \u00e0 sua robustez e ao seu design, a gama de arm\u00e1rios \u00e9 adequada para todos os tipos de instala\u00e7\u00e3o em escrit\u00f3rios, lojas e centros de dados, bem como em ambientes industriais.<\/span><\/strong><\/span><span><span>A gama \u00e9 adequada para utiliza\u00e7\u00e3o em escrit\u00f3rios, lojas, centros de dados e ambientes industriais.<\/span><\/span><\/p>\n<p><strong><span>O seu sistema de dobradi\u00e7as permite-te mudar a dire\u00e7\u00e3o de abertura da porta sem ferramentas.<\/span><\/strong><\/p>\n<p>Inclui os seguintes <strong>acess\u00f3rios:<\/strong><\/p>\n<ul>\n<li><span><span><span> <\/span><\/span><\/span><span>1 tabuleiro fixo.<\/span><\/li>\n<li><span><span><span> <\/span><\/span><\/span><span>1 r\u00e9gua de tomadas de 19&#8243;.<\/span><\/li>\n<li> <span><span><span> 4<\/span><\/span><\/span><span> ventiladores de teto.<\/span><\/li>\n<li><span><span><span> <\/span><\/span><\/span><span>1 kit 25 pe\u00e7as de parafusos\/porcas.<\/span><\/li>\n<li><span><span><span> <\/span><\/span><\/span><span>1 kit 4 rodas.<\/span><\/li>\n<li><span><span><span> <\/span><\/span><\/span><span>1 kit 4 p\u00e9s niveladores<\/span><\/li>\n<\/ul>\n","protected":false},"excerpt":{"rendered":"<h6><a href=\"https:\/\/gtlan.com\/wp-content\/uploads\/ftgtlan\/31GTS2296.pdf\" target=\"_blank\" rel=\"noopener\"><strong>\u21e9 Dados t\u00e9cnicos <\/strong><strong>\u21e9 <\/strong> <\/a><\/h6>\n<h6><\/h6>\n<h6><\/h6>\n","protected":false},"featured_media":27331,"template":"","meta":{"site-sidebar-layout":"default","site-content-layout":"","ast-site-content-layout":"default","site-content-style":"default","site-sidebar-style":"default","ast-global-header-display":"","ast-banner-title-visibility":"","ast-main-header-display":"","ast-hfb-above-header-display":"","ast-hfb-below-header-display":"","ast-hfb-mobile-header-display":"","site-post-title":"","ast-breadcrumbs-content":"","ast-featured-img":"","footer-sml-layout":"","ast-disable-related-posts":"","theme-transparent-header-meta":"","adv-header-id-meta":"","stick-header-meta":"","header-above-stick-meta":"","header-main-stick-meta":"","header-below-stick-meta":"","astra-migrate-meta-layouts":"default","ast-page-background-enabled":"default","ast-page-background-meta":{"desktop":{"background-color":"var(--ast-global-color-5)","background-image":"","background-repeat":"repeat","background-position":"center center","background-size":"auto","background-attachment":"scroll","background-type":"","background-media":"","overlay-type":"","overlay-color":"","overlay-opacity":"","overlay-gradient":""},"tablet":{"background-color":"","background-image":"","background-repeat":"repeat","background-position":"center center","background-size":"auto","background-attachment":"scroll","background-type":"","background-media":"","overlay-type":"","overlay-color":"","overlay-opacity":"","overlay-gradient":""},"mobile":{"background-color":"","background-image":"","background-repeat":"repeat","background-position":"center center","background-size":"auto","background-attachment":"scroll","background-type":"","background-media":"","overlay-type":"","overlay-color":"","overlay-opacity":"","overlay-gradient":""}},"ast-content-background-meta":{"desktop":{"background-color":"var(--ast-global-color-4)","background-image":"","background-repeat":"repeat","background-position":"center center","background-size":"auto","background-attachment":"scroll","background-type":"","background-media":"","overlay-type":"","overlay-color":"","overlay-opacity":"","overlay-gradient":""},"tablet":{"background-color":"var(--ast-global-color-4)","background-image":"","background-repeat":"repeat","background-position":"center center","background-size":"auto","background-attachment":"scroll","background-type":"","background-media":"","overlay-type":"","overlay-color":"","overlay-opacity":"","overlay-gradient":""},"mobile":{"background-color":"var(--ast-global-color-4)","background-image":"","background-repeat":"repeat","background-position":"center center","background-size":"auto","background-attachment":"scroll","background-type":"","background-media":"","overlay-type":"","overlay-color":"","overlay-opacity":"","overlay-gradient":""}}},"product_brand":[],"product_cat":[4724,6573,6572,4230],"product_tag":[4295,4293,4294,4298,4296,4297],"class_list":{"0":"post-30858","1":"product","2":"type-product","3":"status-publish","4":"has-post-thumbnail","6":"product_cat-armario-de-rack-22u","7":"product_cat-armario-para-estantes-de-chao","8":"product_cat-armarios-para-estantes-de-chao-de-19","9":"product_cat-armarios-rack-pt-pt","10":"product_tag-armario-de-parede","11":"product_tag-armario-de-rack","12":"product_tag-armario-rack-de-19","13":"product_tag-armario-rack-gtlan-pt-pt","14":"product_tag-armario-rack-para-computador","15":"product_tag-preco-do-armario-rack","16":"desktop-align-left","17":"tablet-align-left","18":"mobile-align-left","20":"first","21":"instock","22":"shipping-taxable","23":"product-type-simple"},"_links":{"self":[{"href":"https:\/\/gtlan.com\/pt-pt\/wp-json\/wp\/v2\/product\/30858","targetHints":{"allow":["GET"]}}],"collection":[{"href":"https:\/\/gtlan.com\/pt-pt\/wp-json\/wp\/v2\/product"}],"about":[{"href":"https:\/\/gtlan.com\/pt-pt\/wp-json\/wp\/v2\/types\/product"}],"wp:featuredmedia":[{"embeddable":true,"href":"https:\/\/gtlan.com\/pt-pt\/wp-json\/wp\/v2\/media\/27331"}],"wp:attachment":[{"href":"https:\/\/gtlan.com\/pt-pt\/wp-json\/wp\/v2\/media?parent=30858"}],"wp:term":[{"taxonomy":"product_brand","embeddable":true,"href":"https:\/\/gtlan.com\/pt-pt\/wp-json\/wp\/v2\/product_brand?post=30858"},{"taxonomy":"product_cat","embeddable":true,"href":"https:\/\/gtlan.com\/pt-pt\/wp-json\/wp\/v2\/product_cat?post=30858"},{"taxonomy":"product_tag","embeddable":true,"href":"https:\/\/gtlan.com\/pt-pt\/wp-json\/wp\/v2\/product_tag?post=30858"}],"curies":[{"name":"wp","href":"https:\/\/api.w.org\/{rel}","templated":true}]}}