{"id":30914,"date":"2024-08-13T14:00:49","date_gmt":"2024-08-13T12:00:49","guid":{"rendered":"https:\/\/gtlan.com\/producto\/armario-para-rack-de-parede-de-19-global-k-line-serie-1-corpo-9u-profundidade-450-mm-nao-montado\/"},"modified":"2024-08-13T14:00:49","modified_gmt":"2024-08-13T12:00:49","slug":"armario-para-rack-de-parede-de-19-global-k-line-serie-1-corpo-9u-profundidade-450-mm-nao-montado","status":"publish","type":"product","link":"https:\/\/gtlan.com\/pt-pt\/producto\/armario-para-rack-de-parede-de-19-global-k-line-serie-1-corpo-9u-profundidade-450-mm-nao-montado\/","title":{"rendered":"Arm\u00e1rio para rack de parede de 19&#8243; GLOBAL K-line S\u00e9rie 1 corpo 9U, profundidade 450 mm, n\u00e3o montado"},"content":{"rendered":"<blockquote>\n<p><span>A vasta gama de arm\u00e1rios de parede da Gtlan foi <b>concebida para fornecer uma solu\u00e7\u00e3o para todas as pequenas instala\u00e7\u00f5es que requerem um arm\u00e1rio s\u00f3lido e robusto, <\/b>bem como uma grande versatilidade para facilitar uma instala\u00e7\u00e3o r\u00e1pida e f\u00e1cil.  <o:p><\/o:p><\/span><\/p>\n<\/blockquote>\n<p><span>Gra\u00e7as ao design Drill &amp; Go, <b>a instala\u00e7\u00e3o pode ser efectuada por uma pessoa <\/b>sem necessidade de assist\u00eancia.<o:p><\/o:p><\/span><\/p>\n<p><b><span>Devido ao seu tamanho reduzido, pode ser instalado em locais onde um roupeiro de ch\u00e3o n\u00e3o caberia e, gra\u00e7as ao seu sistema de abertura de porta sem ferramentas, adapta-se a qualquer espa\u00e7o.<\/span><\/b><span>Gra\u00e7as ao seu sistema de abertura da porta sem ferramentas, adapta-se a qualquer espa\u00e7o.<o:p><\/o:p><\/span><\/p>\n<p><b><span>Este modelo \u00e9 fornecido desmontado e sem acess\u00f3rios.<o:p><\/o:p><\/span><\/b><\/p>\n","protected":false},"excerpt":{"rendered":"<h6><a href=\"https:\/\/gtlan.com\/wp-content\/uploads\/ftgtlan\/31GTM9F4SD.pdf\" target=\"_blank\" rel=\"noopener\"><strong>\u21e9 Dados t\u00e9cnicos <\/strong><strong>\u21e9 <\/strong> <\/a><\/h6>\n<h6><\/h6>\n<h6><\/h6>\n","protected":false},"featured_media":27243,"template":"","meta":{"site-sidebar-layout":"default","site-content-layout":"","ast-site-content-layout":"default","site-content-style":"default","site-sidebar-style":"default","ast-global-header-display":"","ast-banner-title-visibility":"","ast-main-header-display":"","ast-hfb-above-header-display":"","ast-hfb-below-header-display":"","ast-hfb-mobile-header-display":"","site-post-title":"","ast-breadcrumbs-content":"","ast-featured-img":"","footer-sml-layout":"","ast-disable-related-posts":"","theme-transparent-header-meta":"","adv-header-id-meta":"","stick-header-meta":"","header-above-stick-meta":"","header-main-stick-meta":"","header-below-stick-meta":"","astra-migrate-meta-layouts":"default","ast-page-background-enabled":"default","ast-page-background-meta":{"desktop":{"background-color":"var(--ast-global-color-5)","background-image":"","background-repeat":"repeat","background-position":"center center","background-size":"auto","background-attachment":"scroll","background-type":"","background-media":"","overlay-type":"","overlay-color":"","overlay-opacity":"","overlay-gradient":""},"tablet":{"background-color":"","background-image":"","background-repeat":"repeat","background-position":"center center","background-size":"auto","background-attachment":"scroll","background-type":"","background-media":"","overlay-type":"","overlay-color":"","overlay-opacity":"","overlay-gradient":""},"mobile":{"background-color":"","background-image":"","background-repeat":"repeat","background-position":"center center","background-size":"auto","background-attachment":"scroll","background-type":"","background-media":"","overlay-type":"","overlay-color":"","overlay-opacity":"","overlay-gradient":""}},"ast-content-background-meta":{"desktop":{"background-color":"var(--ast-global-color-4)","background-image":"","background-repeat":"repeat","background-position":"center center","background-size":"auto","background-attachment":"scroll","background-type":"","background-media":"","overlay-type":"","overlay-color":"","overlay-opacity":"","overlay-gradient":""},"tablet":{"background-color":"var(--ast-global-color-4)","background-image":"","background-repeat":"repeat","background-position":"center center","background-size":"auto","background-attachment":"scroll","background-type":"","background-media":"","overlay-type":"","overlay-color":"","overlay-opacity":"","overlay-gradient":""},"mobile":{"background-color":"var(--ast-global-color-4)","background-image":"","background-repeat":"repeat","background-position":"center center","background-size":"auto","background-attachment":"scroll","background-type":"","background-media":"","overlay-type":"","overlay-color":"","overlay-opacity":"","overlay-gradient":""}}},"product_brand":[],"product_cat":[5059,6899,4230,6900],"product_tag":[4295,4293,4294,4298,4296,4297],"class_list":{"0":"post-30914","1":"product","2":"type-product","3":"status-publish","4":"has-post-thumbnail","6":"product_cat-armario-de-rack-9u","7":"product_cat-armarios-para-estantes-de-parede-de-19","8":"product_cat-armarios-rack-pt-pt","9":"product_cat-estante-de-parede","10":"product_tag-armario-de-parede","11":"product_tag-armario-de-rack","12":"product_tag-armario-rack-de-19","13":"product_tag-armario-rack-gtlan-pt-pt","14":"product_tag-armario-rack-para-computador","15":"product_tag-preco-do-armario-rack","16":"desktop-align-left","17":"tablet-align-left","18":"mobile-align-left","20":"first","21":"instock","22":"shipping-taxable","23":"product-type-simple"},"_links":{"self":[{"href":"https:\/\/gtlan.com\/pt-pt\/wp-json\/wp\/v2\/product\/30914","targetHints":{"allow":["GET"]}}],"collection":[{"href":"https:\/\/gtlan.com\/pt-pt\/wp-json\/wp\/v2\/product"}],"about":[{"href":"https:\/\/gtlan.com\/pt-pt\/wp-json\/wp\/v2\/types\/product"}],"wp:featuredmedia":[{"embeddable":true,"href":"https:\/\/gtlan.com\/pt-pt\/wp-json\/wp\/v2\/media\/27243"}],"wp:attachment":[{"href":"https:\/\/gtlan.com\/pt-pt\/wp-json\/wp\/v2\/media?parent=30914"}],"wp:term":[{"taxonomy":"product_brand","embeddable":true,"href":"https:\/\/gtlan.com\/pt-pt\/wp-json\/wp\/v2\/product_brand?post=30914"},{"taxonomy":"product_cat","embeddable":true,"href":"https:\/\/gtlan.com\/pt-pt\/wp-json\/wp\/v2\/product_cat?post=30914"},{"taxonomy":"product_tag","embeddable":true,"href":"https:\/\/gtlan.com\/pt-pt\/wp-json\/wp\/v2\/product_tag?post=30914"}],"curies":[{"name":"wp","href":"https:\/\/api.w.org\/{rel}","templated":true}]}}