{"id":30928,"date":"2024-08-13T14:00:46","date_gmt":"2024-08-13T12:00:46","guid":{"rendered":"https:\/\/gtlan.com\/producto\/armario-para-rack-de-parede-de-19-serie-global-1-corpo-6u-profundidade-450-mm-com-acessorios\/"},"modified":"2024-08-13T14:00:46","modified_gmt":"2024-08-13T12:00:46","slug":"armario-para-rack-de-parede-de-19-serie-global-1-corpo-6u-profundidade-450-mm-com-acessorios","status":"publish","type":"product","link":"https:\/\/gtlan.com\/pt-pt\/producto\/armario-para-rack-de-parede-de-19-serie-global-1-corpo-6u-profundidade-450-mm-com-acessorios\/","title":{"rendered":"Arm\u00e1rio para rack de parede de 19&#8243; S\u00e9rie GLOBAL 1 corpo 6U, profundidade 450 mm, com acess\u00f3rios"},"content":{"rendered":"<blockquote><p>A vasta gama de arm\u00e1rios de parede da Gtlan foi <strong>concebida para fornecer uma solu\u00e7\u00e3o para todas as pequenas instala\u00e7\u00f5es que requerem um arm\u00e1rio s\u00f3lido e robusto, vers\u00e1til e f\u00e1cil de instalar.<\/strong><\/p><\/blockquote>\n<p>Gra\u00e7as ao seu design <strong>Drill &amp; Go<\/strong>, a instala\u00e7\u00e3o pode ser efectuada por uma \u00fanica pessoa sem necessidade de ajuda.<\/p>\n<p><strong>Devido ao seu tamanho reduzido,<\/strong> pode ser instalado em locais onde um arm\u00e1rio de ch\u00e3o n\u00e3o caberia e, gra\u00e7as ao seu sistema de abertura da porta sem ferramentas, este arm\u00e1rio adapta-se a qualquer espa\u00e7o.<\/p>\n<p><strong>Este modelo inclui os seguintes acess\u00f3rios:<\/strong><\/p>\n<ul>\n<li>1 tabuleiro fixo.<\/li>\n<li>1 r\u00e9gua de tomadas de 19&#8243;.<\/li>\n<li>1 ventoinha de teto.<\/li>\n<li>1 kit 25 pe\u00e7as de parafusos\/porcas.<\/li>\n<\/ul>\n","protected":false},"excerpt":{"rendered":"<h6><a href=\"https:\/\/gtlan.com\/wp-content\/uploads\/ftgtlan\/31GTM6F4.pdf\" target=\"_blank\" rel=\"noopener\"><strong>\u21e9 Dados t\u00e9cnicos <\/strong><strong>\u21e9 <\/strong> <\/a><\/h6>\n<h6><\/h6>\n<h6><\/h6>\n","protected":false},"featured_media":27171,"template":"","meta":{"site-sidebar-layout":"default","site-content-layout":"","ast-site-content-layout":"default","site-content-style":"default","site-sidebar-style":"default","ast-global-header-display":"","ast-banner-title-visibility":"","ast-main-header-display":"","ast-hfb-above-header-display":"","ast-hfb-below-header-display":"","ast-hfb-mobile-header-display":"","site-post-title":"","ast-breadcrumbs-content":"","ast-featured-img":"","footer-sml-layout":"","ast-disable-related-posts":"","theme-transparent-header-meta":"","adv-header-id-meta":"","stick-header-meta":"","header-above-stick-meta":"","header-main-stick-meta":"","header-below-stick-meta":"","astra-migrate-meta-layouts":"default","ast-page-background-enabled":"default","ast-page-background-meta":{"desktop":{"background-color":"var(--ast-global-color-5)","background-image":"","background-repeat":"repeat","background-position":"center center","background-size":"auto","background-attachment":"scroll","background-type":"","background-media":"","overlay-type":"","overlay-color":"","overlay-opacity":"","overlay-gradient":""},"tablet":{"background-color":"","background-image":"","background-repeat":"repeat","background-position":"center center","background-size":"auto","background-attachment":"scroll","background-type":"","background-media":"","overlay-type":"","overlay-color":"","overlay-opacity":"","overlay-gradient":""},"mobile":{"background-color":"","background-image":"","background-repeat":"repeat","background-position":"center center","background-size":"auto","background-attachment":"scroll","background-type":"","background-media":"","overlay-type":"","overlay-color":"","overlay-opacity":"","overlay-gradient":""}},"ast-content-background-meta":{"desktop":{"background-color":"var(--ast-global-color-4)","background-image":"","background-repeat":"repeat","background-position":"center center","background-size":"auto","background-attachment":"scroll","background-type":"","background-media":"","overlay-type":"","overlay-color":"","overlay-opacity":"","overlay-gradient":""},"tablet":{"background-color":"var(--ast-global-color-4)","background-image":"","background-repeat":"repeat","background-position":"center center","background-size":"auto","background-attachment":"scroll","background-type":"","background-media":"","overlay-type":"","overlay-color":"","overlay-opacity":"","overlay-gradient":""},"mobile":{"background-color":"var(--ast-global-color-4)","background-image":"","background-repeat":"repeat","background-position":"center center","background-size":"auto","background-attachment":"scroll","background-type":"","background-media":"","overlay-type":"","overlay-color":"","overlay-opacity":"","overlay-gradient":""}}},"product_brand":[],"product_cat":[6957,6899,4230,6900],"product_tag":[4295,4293,4294,4298,4296,4297],"class_list":{"0":"post-30928","1":"product","2":"type-product","3":"status-publish","4":"has-post-thumbnail","6":"product_cat-armario-de-rack-6u","7":"product_cat-armarios-para-estantes-de-parede-de-19","8":"product_cat-armarios-rack-pt-pt","9":"product_cat-estante-de-parede","10":"product_tag-armario-de-parede","11":"product_tag-armario-de-rack","12":"product_tag-armario-rack-de-19","13":"product_tag-armario-rack-gtlan-pt-pt","14":"product_tag-armario-rack-para-computador","15":"product_tag-preco-do-armario-rack","16":"desktop-align-left","17":"tablet-align-left","18":"mobile-align-left","20":"first","21":"instock","22":"shipping-taxable","23":"product-type-simple"},"_links":{"self":[{"href":"https:\/\/gtlan.com\/pt-pt\/wp-json\/wp\/v2\/product\/30928","targetHints":{"allow":["GET"]}}],"collection":[{"href":"https:\/\/gtlan.com\/pt-pt\/wp-json\/wp\/v2\/product"}],"about":[{"href":"https:\/\/gtlan.com\/pt-pt\/wp-json\/wp\/v2\/types\/product"}],"wp:featuredmedia":[{"embeddable":true,"href":"https:\/\/gtlan.com\/pt-pt\/wp-json\/wp\/v2\/media\/27171"}],"wp:attachment":[{"href":"https:\/\/gtlan.com\/pt-pt\/wp-json\/wp\/v2\/media?parent=30928"}],"wp:term":[{"taxonomy":"product_brand","embeddable":true,"href":"https:\/\/gtlan.com\/pt-pt\/wp-json\/wp\/v2\/product_brand?post=30928"},{"taxonomy":"product_cat","embeddable":true,"href":"https:\/\/gtlan.com\/pt-pt\/wp-json\/wp\/v2\/product_cat?post=30928"},{"taxonomy":"product_tag","embeddable":true,"href":"https:\/\/gtlan.com\/pt-pt\/wp-json\/wp\/v2\/product_tag?post=30928"}],"curies":[{"name":"wp","href":"https:\/\/api.w.org\/{rel}","templated":true}]}}