{"id":31019,"date":"2024-08-13T14:00:35","date_gmt":"2024-08-13T12:00:35","guid":{"rendered":"https:\/\/gtlan.com\/producto\/armario-de-parede-externo-de-19-12u-445-mm-de-profundidade-com-cobertura\/"},"modified":"2025-10-17T11:33:35","modified_gmt":"2025-10-17T09:33:35","slug":"armario-de-parede-externo-de-19-12u-445-mm-de-profundidade-com-cobertura","status":"publish","type":"product","link":"https:\/\/gtlan.com\/pt-pt\/producto\/armario-de-parede-externo-de-19-12u-445-mm-de-profundidade-com-cobertura\/","title":{"rendered":"Arm\u00e1rio de parede externo de 19&#8243; 12U, profundidade 445 mm, largura 600 mm, com cobertura"},"content":{"rendered":"<p data-start=\"601\" data-end=\"1027\">O <strong data-start=\"604\" data-end=\"689\">arm\u00e1rio para rack de parede exterior de 19&#8243; 12U &#8211; 445mm de profundidade com cobertura (Ref. 31EM12F4T)<\/strong> oferece uma solu\u00e7\u00e3o robusta e segura para alojar equipamento de telecomunica\u00e7\u00f5es, redes ou sistemas el\u00e9ctricos em ambientes interiores ou exteriores. O seu design de <strong data-start=\"849\" data-end=\"872\">cobertura protetora<\/strong> melhora a drenagem da \u00e1gua e a prote\u00e7\u00e3o contra a radia\u00e7\u00e3o solar ou a acumula\u00e7\u00e3o de poeiras, prolongando a vida \u00fatil do equipamento instalado. <\/p>\n<p data-start=\"1029\" data-end=\"1342\">Fabricado em <strong data-start=\"1042\" data-end=\"1059\">a\u00e7o de 2 mm<\/strong> e com um <strong data-start=\"1069\" data-end=\"1111\">acabamento met\u00e1lico de zinco anti-corrosivo<\/strong>, garante uma elevada durabilidade mesmo em condi\u00e7\u00f5es ambientais exigentes. O seu <strong data-start=\"1193\" data-end=\"1221\">grau de prote\u00e7\u00e3o IP55<\/strong> torna-o ideal para instala\u00e7\u00f5es exteriores onde \u00e9 necess\u00e1ria estanquicidade e resist\u00eancia ao p\u00f3 e \u00e0 humidade. <\/p>\n<p data-start=\"1344\" data-end=\"1760\">Inclui uma <strong data-start=\"1352\" data-end=\"1412\">porta frontal lisa com fechadura e borracha de veda\u00e7\u00e3o<\/strong>, <strong data-start=\"1414\" data-end=\"1436\">dobradi\u00e7as met\u00e1licas<\/strong> e <strong data-start=\"1439\" data-end=\"1458\">laterais fixas<\/strong>, garantindo uma veda\u00e7\u00e3o herm\u00e9tica e uma estrutura s\u00f3lida. Al\u00e9m disso, disp\u00f5e de <strong data-start=\"1535\" data-end=\"1598\">2 perfis de fixa\u00e7\u00e3o tipo \"L\" que podem ser deslocados em profundidade<\/strong>, facilitando o ajuste da posi\u00e7\u00e3o do equipamento no seu interior. Entrega-se <strong data-start=\"1686\" data-end=\"1711\">totalmente montado<\/strong>, facilitando uma instala\u00e7\u00e3o r\u00e1pida e eficaz.  <\/p>\n<p data-start=\"1762\" data-end=\"1794\"><strong data-start=\"1762\" data-end=\"1794\">Carater\u00edsticas principais:<\/strong><\/p>\n<ul data-start=\"1795\" data-end=\"2139\">\n<li data-start=\"1795\" data-end=\"1815\">\n<p data-start=\"1797\" data-end=\"1815\">Capacidade: <strong data-start=\"1808\" data-end=\"1815\">12U<\/strong><\/p>\n<\/li>\n<li data-start=\"1816\" data-end=\"1835\">\n<p data-start=\"1818\" data-end=\"1835\">Profundidade: <strong data-start=\"1825\" data-end=\"1835\">445 mm<\/strong><\/p>\n<\/li>\n<li data-start=\"1836\" data-end=\"1870\">\n<p data-start=\"1838\" data-end=\"1870\">Com capota de prote\u00e7\u00e3o superior<\/p>\n<\/li>\n<li data-start=\"1871\" data-end=\"1900\">\n<p data-start=\"1873\" data-end=\"1900\">Material: <strong data-start=\"1883\" data-end=\"1900\">a\u00e7o de 2 mm<\/strong><\/p>\n<\/li>\n<li data-start=\"1901\" data-end=\"1943\">\n<p data-start=\"1903\" data-end=\"1943\">Acabamento: <strong data-start=\"1912\" data-end=\"1943\">Zinco met\u00e1lico resistente \u00e0 corros\u00e3o<\/strong><\/p>\n<\/li>\n<li data-start=\"1944\" data-end=\"1966\">\n<p data-start=\"1946\" data-end=\"1966\">Prote\u00e7\u00e3o: <strong data-start=\"1958\" data-end=\"1966\">IP55<\/strong><\/p>\n<\/li>\n<li data-start=\"1967\" data-end=\"1993\">\n<p data-start=\"1969\" data-end=\"1993\">Cor: <strong data-start=\"1976\" data-end=\"1993\">Cinzento RAL 7032<\/strong><\/p>\n<\/li>\n<li data-start=\"1994\" data-end=\"2011\">\n<p data-start=\"1996\" data-end=\"2011\">Peso: <strong data-start=\"2002\" data-end=\"2011\">24 kg<\/strong><\/p>\n<\/li>\n<li data-start=\"2012\" data-end=\"2049\">\n<p data-start=\"2014\" data-end=\"2049\">Dimens\u00f5es: <strong data-start=\"2027\" data-end=\"2049\">650 \u00d7 640 \u00d7 445 mm<\/strong><\/p>\n<\/li>\n<li data-start=\"2050\" data-end=\"2080\">\n<p data-start=\"2052\" data-end=\"2080\">Utiliza\u00e7\u00e3o: <strong data-start=\"2057\" data-end=\"2080\">interior \/ exterior<\/strong><\/p>\n<\/li>\n<li data-start=\"2081\" data-end=\"2139\">\n<p data-start=\"2083\" data-end=\"2139\">Cumpre as normas <strong data-start=\"2105\" data-end=\"2120\">IEC 61969-1<\/strong>, <strong data-start=\"2122\" data-end=\"2128\">CE<\/strong> e <strong data-start=\"2131\" data-end=\"2139\">RoHS<\/strong><\/p>\n<\/li>\n<\/ul>\n<p data-start=\"2141\" data-end=\"2328\"><strong data-start=\"2141\" data-end=\"2156\">Ideal para:<\/strong> instala\u00e7\u00f5es de telecomunica\u00e7\u00f5es, redes industriais, videovigil\u00e2ncia ou qualquer ambiente onde a prote\u00e7\u00e3o, a durabilidade e a facilidade de instala\u00e7\u00e3o sejam essenciais.<\/p>\n<p data-start=\"2330\" data-end=\"2516\"><strong data-start=\"2333\" data-end=\"2379\">Configura\u00e7\u00e3o a pedido:<\/strong> consulta as diferentes op\u00e7\u00f5es com o nosso departamento comercial para adaptar o arm\u00e1rio \u00e0s necessidades espec\u00edficas do teu projeto.<\/p>\n","protected":false},"excerpt":{"rendered":"<h6>Arm\u00e1rio para rack de parede de 19&#8243; com 12U, 445 mm de profundidade e cobertura, fabricado em a\u00e7o de 2 mm com acabamento anti-corros\u00e3o zincado. Prote\u00e7\u00e3o IP55 para utiliza\u00e7\u00e3o no interior ou no exterior. Porta com fechadura, vedante de borracha e dobradi\u00e7as met\u00e1licas. Fornece-o montado. Cor cinzenta RAL 7032.    <\/h6>\n<h6><strong data-start=\"2333\" data-end=\"2379\">Configura\u00e7\u00e3o a pedido:<\/strong> consulta as diferentes op\u00e7\u00f5es com o nosso departamento comercial para adaptar o arm\u00e1rio \u00e0s necessidades espec\u00edficas do teu projeto.<\/h6>\n<h6><a href=\"https:\/\/gtlan.com\/wp-content\/uploads\/ftgtlan\/31EM12F4T.pdf\" target=\"_blank\" rel=\"noopener\"><strong>\u21e9 Dados t\u00e9cnicos <\/strong><strong>\u21e9 <\/strong> <\/a><\/h6>\n<h6><\/h6>\n<h6><\/h6>\n","protected":false},"featured_media":33113,"template":"","meta":{"site-sidebar-layout":"default","site-content-layout":"","ast-site-content-layout":"default","site-content-style":"default","site-sidebar-style":"default","ast-global-header-display":"","ast-banner-title-visibility":"","ast-main-header-display":"","ast-hfb-above-header-display":"","ast-hfb-below-header-display":"","ast-hfb-mobile-header-display":"","site-post-title":"","ast-breadcrumbs-content":"","ast-featured-img":"","footer-sml-layout":"","ast-disable-related-posts":"","theme-transparent-header-meta":"default","adv-header-id-meta":"","stick-header-meta":"","header-above-stick-meta":"","header-main-stick-meta":"","header-below-stick-meta":"","astra-migrate-meta-layouts":"default","ast-page-background-enabled":"default","ast-page-background-meta":{"desktop":{"background-color":"var(--ast-global-color-5)","background-image":"","background-repeat":"repeat","background-position":"center center","background-size":"auto","background-attachment":"scroll","background-type":"","background-media":"","overlay-type":"","overlay-color":"","overlay-opacity":"","overlay-gradient":""},"tablet":{"background-color":"","background-image":"","background-repeat":"repeat","background-position":"center center","background-size":"auto","background-attachment":"scroll","background-type":"","background-media":"","overlay-type":"","overlay-color":"","overlay-opacity":"","overlay-gradient":""},"mobile":{"background-color":"","background-image":"","background-repeat":"repeat","background-position":"center center","background-size":"auto","background-attachment":"scroll","background-type":"","background-media":"","overlay-type":"","overlay-color":"","overlay-opacity":"","overlay-gradient":""}},"ast-content-background-meta":{"desktop":{"background-color":"var(--ast-global-color-4)","background-image":"","background-repeat":"repeat","background-position":"center center","background-size":"auto","background-attachment":"scroll","background-type":"","background-media":"","overlay-type":"","overlay-color":"","overlay-opacity":"","overlay-gradient":""},"tablet":{"background-color":"var(--ast-global-color-4)","background-image":"","background-repeat":"repeat","background-position":"center center","background-size":"auto","background-attachment":"scroll","background-type":"","background-media":"","overlay-type":"","overlay-color":"","overlay-opacity":"","overlay-gradient":""},"mobile":{"background-color":"var(--ast-global-color-4)","background-image":"","background-repeat":"repeat","background-position":"center center","background-size":"auto","background-attachment":"scroll","background-type":"","background-media":"","overlay-type":"","overlay-color":"","overlay-opacity":"","overlay-gradient":""}}},"product_brand":[],"product_cat":[7460,4651,4230,4652],"product_tag":[4295,4293,4294,4298,4296,4297],"class_list":{"0":"post-31019","1":"product","2":"type-product","3":"status-publish","4":"has-post-thumbnail","6":"product_cat-armario-de-rack-12u","7":"product_cat-armarios-para-estantes-exteriores-de-19","8":"product_cat-armarios-rack-pt-pt","9":"product_cat-estante-externa","10":"product_tag-armario-de-parede","11":"product_tag-armario-de-rack","12":"product_tag-armario-rack-de-19","13":"product_tag-armario-rack-gtlan-pt-pt","14":"product_tag-armario-rack-para-computador","15":"product_tag-preco-do-armario-rack","16":"desktop-align-left","17":"tablet-align-left","18":"mobile-align-left","20":"first","21":"instock","22":"shipping-taxable","23":"product-type-simple"},"_links":{"self":[{"href":"https:\/\/gtlan.com\/pt-pt\/wp-json\/wp\/v2\/product\/31019","targetHints":{"allow":["GET"]}}],"collection":[{"href":"https:\/\/gtlan.com\/pt-pt\/wp-json\/wp\/v2\/product"}],"about":[{"href":"https:\/\/gtlan.com\/pt-pt\/wp-json\/wp\/v2\/types\/product"}],"wp:featuredmedia":[{"embeddable":true,"href":"https:\/\/gtlan.com\/pt-pt\/wp-json\/wp\/v2\/media\/33113"}],"wp:attachment":[{"href":"https:\/\/gtlan.com\/pt-pt\/wp-json\/wp\/v2\/media?parent=31019"}],"wp:term":[{"taxonomy":"product_brand","embeddable":true,"href":"https:\/\/gtlan.com\/pt-pt\/wp-json\/wp\/v2\/product_brand?post=31019"},{"taxonomy":"product_cat","embeddable":true,"href":"https:\/\/gtlan.com\/pt-pt\/wp-json\/wp\/v2\/product_cat?post=31019"},{"taxonomy":"product_tag","embeddable":true,"href":"https:\/\/gtlan.com\/pt-pt\/wp-json\/wp\/v2\/product_tag?post=31019"}],"curies":[{"name":"wp","href":"https:\/\/api.w.org\/{rel}","templated":true}]}}