{"id":31033,"date":"2024-08-13T14:20:24","date_gmt":"2024-08-13T12:20:24","guid":{"rendered":"https:\/\/gtlan.com\/producto\/pigtail-duplex-f-o-om4-multimodo-50-125-%ce%bcm-sc-upc-lc-upc\/"},"modified":"2025-07-08T14:54:00","modified_gmt":"2025-07-08T12:54:00","slug":"pigtail-duplex-f-o-om4-multimodo-50-125-%ce%bcm-sc-upc-lc-upc","status":"publish","type":"product","link":"https:\/\/gtlan.com\/pt-pt\/producto\/pigtail-duplex-f-o-om4-multimodo-50-125-%ce%bcm-sc-upc-lc-upc\/","title":{"rendered":"Pigtail duplex F.O., OM4 Multimodo 50\/125 \u03bcm SC-UPC \/ LC-UPC"},"content":{"rendered":"<p data-start=\"588\" data-end=\"946\">O cabo de liga\u00e7\u00e3o de fibra \u00f3tica OM4 multimodo duplex da <strong data-start=\"642\" data-end=\"651\">GTLAN<\/strong> oferece um desempenho superior para redes de alta velocidade e alta densidade. Ideal para interliga\u00e7\u00f5es entre comutadores, servidores e equipamento de telecomunica\u00e7\u00f5es, este cabo de liga\u00e7\u00e3o possui conectores <strong data-start=\"854\" data-end=\"873\">SC-UPC \/ LC-UPC<\/strong>, que s\u00e3o amplamente utilizados em ambientes <strong data-start=\"913\" data-end=\"945\">de centros de dados e LAN<\/strong>. <\/p>\n<p data-start=\"948\" data-end=\"1224\">Concebida com <strong data-start=\"961\" data-end=\"987\">fibra OM4 de 50\/125 \u00b5m<\/strong>, oferece baixas perdas e elevada capacidade de transmiss\u00e3o, especialmente em aplica\u00e7\u00f5es de 850 nm, como 10G, 40G e 100G. O revestimento <strong data-start=\"1118\" data-end=\"1126\">LSZH<\/strong> violeta garante a seguran\u00e7a contra inc\u00eandios e facilita a identifica\u00e7\u00e3o do tipo de fibra. <\/p>\n<p data-start=\"1226\" data-end=\"1266\"><strong data-start=\"1226\" data-end=\"1266\">Destaques t\u00e9cnicos:<\/strong><\/p>\n<ul data-start=\"1267\" data-end=\"1797\">\n<li data-start=\"1267\" data-end=\"1309\">\n<p data-start=\"1269\" data-end=\"1309\">Tipo de fibra: Multimodo OM4 50\/125 \u00b5m<\/p>\n<\/li>\n<li data-start=\"1310\" data-end=\"1341\">\n<p data-start=\"1312\" data-end=\"1341\">Conectores: SC-UPC \/ LC-UPC<\/p>\n<\/li>\n<li data-start=\"1342\" data-end=\"1364\">\n<p data-start=\"1344\" data-end=\"1364\">Comprimento: 2 metros<\/p>\n<\/li>\n<li data-start=\"1365\" data-end=\"1395\">\n<p data-start=\"1367\" data-end=\"1395\">Tipo de mangueira: Duplex<\/p>\n<\/li>\n<li data-start=\"1396\" data-end=\"1430\">\n<p data-start=\"1398\" data-end=\"1430\">Caixa: LSZH (cor violeta)<\/p>\n<\/li>\n<li data-start=\"1431\" data-end=\"1458\">\n<p data-start=\"1433\" data-end=\"1458\">Di\u00e2metro exterior: 3 mm<\/p>\n<\/li>\n<li data-start=\"1459\" data-end=\"1503\">\n<p data-start=\"1461\" data-end=\"1503\">Material da tala: Cer\u00e2mica de zirc\u00f3nio<\/p>\n<\/li>\n<li data-start=\"1504\" data-end=\"1540\">\n<p data-start=\"1506\" data-end=\"1540\">Raio de curvatura m\u00ednimo: 45 mm<\/p>\n<\/li>\n<li data-start=\"1541\" data-end=\"1585\">\n<p data-start=\"1543\" data-end=\"1585\">Temperatura de funcionamento: -20 \u00b0C a 70 \u00b0C<\/p>\n<\/li>\n<li data-start=\"1586\" data-end=\"1623\">\n<p data-start=\"1588\" data-end=\"1623\">Comprimentos de onda: 850 \/ 1300 nm<\/p>\n<\/li>\n<li data-start=\"1624\" data-end=\"1657\">\n<p data-start=\"1626\" data-end=\"1657\">Atenua\u00e7\u00e3o: &lt;3,2 \/ &lt;0,8 dB\/Km<\/p>\n<\/li>\n<li data-start=\"1658\" data-end=\"1697\">\n<p data-start=\"1660\" data-end=\"1697\">Durabilidade: At\u00e9 1000 inser\u00e7\u00f5es<\/p>\n<\/li>\n<li data-start=\"1698\" data-end=\"1728\">\n<p data-start=\"1700\" data-end=\"1728\">Certifica\u00e7\u00f5es: CE e RoHS<\/p>\n<\/li>\n<li data-start=\"1729\" data-end=\"1797\">\n<p data-start=\"1731\" data-end=\"1797\">Normas: IEC 60793, IEC 61754-20, IEC 61754-4, Telcordia GR-409<\/p>\n<\/li>\n<\/ul>\n<p data-start=\"1799\" data-end=\"1824\"><strong data-start=\"1799\" data-end=\"1824\">Aplica\u00e7\u00f5es ideais:<\/strong><\/p>\n<ul data-start=\"1825\" data-end=\"1959\">\n<li data-start=\"1825\" data-end=\"1845\">\n<p data-start=\"1827\" data-end=\"1845\">Centros de dados<\/p>\n<\/li>\n<li data-start=\"1846\" data-end=\"1887\">\n<p data-start=\"1848\" data-end=\"1887\">Redes empresariais de alta velocidade<\/p>\n<\/li>\n<li data-start=\"1888\" data-end=\"1909\">\n<p data-start=\"1890\" data-end=\"1909\">Cablagem de backbone<\/p>\n<\/li>\n<li data-start=\"1910\" data-end=\"1959\">\n<p data-start=\"1912\" data-end=\"1959\">Liga\u00e7\u00f5es entre comutadores, routers e servidores<\/p>\n<\/li>\n<\/ul>\n<p data-start=\"1961\" data-end=\"2122\">Confiar na GTLAN \u00e9 apostar em solu\u00e7\u00f5es de conetividade seguras e eficientes, alinhadas com os padr\u00f5es mais exigentes do sector das telecomunica\u00e7\u00f5es.<\/p>\n","protected":false},"excerpt":{"rendered":"<p>Pigtail F.O. duplex OM4 multimodo 50\/125 \u00b5m com conectores SC-UPC \/ LC-UPC. Comprimento 2 m. Alta velocidade e desempenho em redes de alta densidade. Bainha LSZH p\u00farpura. Conformidade com CE e RoHS.    <\/p>\n<h6><a href=\"https:\/\/gtlan.com\/wp-content\/uploads\/ftgtlan\/35GT2SCLC2OM4.pdf\" target=\"_blank\" rel=\"noopener\"><strong>\u21e9 Dados t\u00e9cnicos <\/strong><strong>\u21e9 <\/strong> <\/a><\/h6>\n<h6><\/h6>\n<h6><\/h6>\n","protected":false},"featured_media":32716,"template":"","meta":{"site-sidebar-layout":"default","site-content-layout":"","ast-site-content-layout":"default","site-content-style":"default","site-sidebar-style":"default","ast-global-header-display":"","ast-banner-title-visibility":"","ast-main-header-display":"","ast-hfb-above-header-display":"","ast-hfb-below-header-display":"","ast-hfb-mobile-header-display":"","site-post-title":"","ast-breadcrumbs-content":"","ast-featured-img":"","footer-sml-layout":"","ast-disable-related-posts":"","theme-transparent-header-meta":"default","adv-header-id-meta":"","stick-header-meta":"","header-above-stick-meta":"","header-main-stick-meta":"","header-below-stick-meta":"","astra-migrate-meta-layouts":"default","ast-page-background-enabled":"default","ast-page-background-meta":{"desktop":{"background-color":"var(--ast-global-color-5)","background-image":"","background-repeat":"repeat","background-position":"center center","background-size":"auto","background-attachment":"scroll","background-type":"","background-media":"","overlay-type":"","overlay-color":"","overlay-opacity":"","overlay-gradient":""},"tablet":{"background-color":"","background-image":"","background-repeat":"repeat","background-position":"center center","background-size":"auto","background-attachment":"scroll","background-type":"","background-media":"","overlay-type":"","overlay-color":"","overlay-opacity":"","overlay-gradient":""},"mobile":{"background-color":"","background-image":"","background-repeat":"repeat","background-position":"center center","background-size":"auto","background-attachment":"scroll","background-type":"","background-media":"","overlay-type":"","overlay-color":"","overlay-opacity":"","overlay-gradient":""}},"ast-content-background-meta":{"desktop":{"background-color":"var(--ast-global-color-4)","background-image":"","background-repeat":"repeat","background-position":"center center","background-size":"auto","background-attachment":"scroll","background-type":"","background-media":"","overlay-type":"","overlay-color":"","overlay-opacity":"","overlay-gradient":""},"tablet":{"background-color":"var(--ast-global-color-4)","background-image":"","background-repeat":"repeat","background-position":"center center","background-size":"auto","background-attachment":"scroll","background-type":"","background-media":"","overlay-type":"","overlay-color":"","overlay-opacity":"","overlay-gradient":""},"mobile":{"background-color":"var(--ast-global-color-4)","background-image":"","background-repeat":"repeat","background-position":"center center","background-size":"auto","background-attachment":"scroll","background-type":"","background-media":"","overlay-type":"","overlay-color":"","overlay-opacity":"","overlay-gradient":""}}},"product_brand":[],"product_cat":[7241,7417,7418,4218,7416],"product_tag":[5134,5135,5136,5129,5131,5133,5128,5132],"class_list":{"0":"post-31033","1":"product","2":"type-product","3":"status-publish","4":"has-post-thumbnail","6":"product_cat-cabo-de-ligacao-de-fibra-otica","7":"product_cat-fibra-multimodo-pt-pt","8":"product_cat-fibra-om4","9":"product_cat-fibra-optica-pt-pt","10":"product_cat-om4-multimodo-50-125-m-pt-pt","11":"product_tag-cabos-de-fibra-otica","12":"product_tag-ferramentas-de-instalacao-de-fibras","13":"product_tag-ferramentas-de-verificacao-da-fibra","14":"product_tag-fibra-multimodo-om2-pt-pt","15":"product_tag-fibra-multimodo-om4-pt-pt","16":"product_tag-mes-de-modo-unico","17":"product_tag-om1-fibra-multimodo","18":"product_tag-os2-fibra-multimodo","19":"desktop-align-left","20":"tablet-align-left","21":"mobile-align-left","23":"first","24":"instock","25":"shipping-taxable","26":"product-type-simple"},"_links":{"self":[{"href":"https:\/\/gtlan.com\/pt-pt\/wp-json\/wp\/v2\/product\/31033","targetHints":{"allow":["GET"]}}],"collection":[{"href":"https:\/\/gtlan.com\/pt-pt\/wp-json\/wp\/v2\/product"}],"about":[{"href":"https:\/\/gtlan.com\/pt-pt\/wp-json\/wp\/v2\/types\/product"}],"wp:featuredmedia":[{"embeddable":true,"href":"https:\/\/gtlan.com\/pt-pt\/wp-json\/wp\/v2\/media\/32716"}],"wp:attachment":[{"href":"https:\/\/gtlan.com\/pt-pt\/wp-json\/wp\/v2\/media?parent=31033"}],"wp:term":[{"taxonomy":"product_brand","embeddable":true,"href":"https:\/\/gtlan.com\/pt-pt\/wp-json\/wp\/v2\/product_brand?post=31033"},{"taxonomy":"product_cat","embeddable":true,"href":"https:\/\/gtlan.com\/pt-pt\/wp-json\/wp\/v2\/product_cat?post=31033"},{"taxonomy":"product_tag","embeddable":true,"href":"https:\/\/gtlan.com\/pt-pt\/wp-json\/wp\/v2\/product_tag?post=31033"}],"curies":[{"name":"wp","href":"https:\/\/api.w.org\/{rel}","templated":true}]}}