{"id":31158,"date":"2024-08-13T14:19:32","date_gmt":"2024-08-13T12:19:32","guid":{"rendered":"https:\/\/gtlan.com\/producto\/f-o-ftth-fonte-de-luz-led\/"},"modified":"2024-08-13T14:19:32","modified_gmt":"2024-08-13T12:19:32","slug":"f-o-ftth-fonte-de-luz-led","status":"publish","type":"product","link":"https:\/\/gtlan.com\/pt-pt\/producto\/f-o-ftth-fonte-de-luz-led\/","title":{"rendered":"F.O. FTTH Fonte de luz LED"},"content":{"rendered":"<blockquote>\n<p><strong>Fonte de luz LED F.O. FTTH.  <\/strong>  Com fun\u00e7\u00e3o de desligamento autom\u00e1tico ap\u00f3s 10 minutos de inatividade.<\/p>\n<\/blockquote>\n<ul>\n<li>Inclui mala de transporte<\/li>\n<li>Tampa de prote\u00e7\u00e3o com dobradi\u00e7as<\/li>\n<li>L\u00edngua da equipa: Ingl\u00eas<\/li>\n<\/ul>\n","protected":false},"excerpt":{"rendered":"<h6><a href=\"https:\/\/gtlan.com\/wp-content\/uploads\/ftgtlan\/22GTFFTTH.pdf\" target=\"_blank\" rel=\"noopener\"><strong>\u21e9 Dados t\u00e9cnicos <\/strong><strong>\u21e9 <\/strong> <\/a><\/h6>\n<h6><\/h6>\n<h6><\/h6>\n","protected":false},"featured_media":27597,"template":"","meta":{"site-sidebar-layout":"default","site-content-layout":"","ast-site-content-layout":"default","site-content-style":"default","site-sidebar-style":"default","ast-global-header-display":"","ast-banner-title-visibility":"","ast-main-header-display":"","ast-hfb-above-header-display":"","ast-hfb-below-header-display":"","ast-hfb-mobile-header-display":"","site-post-title":"","ast-breadcrumbs-content":"","ast-featured-img":"","footer-sml-layout":"","ast-disable-related-posts":"","theme-transparent-header-meta":"","adv-header-id-meta":"","stick-header-meta":"","header-above-stick-meta":"","header-main-stick-meta":"","header-below-stick-meta":"","astra-migrate-meta-layouts":"default","ast-page-background-enabled":"default","ast-page-background-meta":{"desktop":{"background-color":"var(--ast-global-color-5)","background-image":"","background-repeat":"repeat","background-position":"center center","background-size":"auto","background-attachment":"scroll","background-type":"","background-media":"","overlay-type":"","overlay-color":"","overlay-opacity":"","overlay-gradient":""},"tablet":{"background-color":"","background-image":"","background-repeat":"repeat","background-position":"center center","background-size":"auto","background-attachment":"scroll","background-type":"","background-media":"","overlay-type":"","overlay-color":"","overlay-opacity":"","overlay-gradient":""},"mobile":{"background-color":"","background-image":"","background-repeat":"repeat","background-position":"center center","background-size":"auto","background-attachment":"scroll","background-type":"","background-media":"","overlay-type":"","overlay-color":"","overlay-opacity":"","overlay-gradient":""}},"ast-content-background-meta":{"desktop":{"background-color":"var(--ast-global-color-4)","background-image":"","background-repeat":"repeat","background-position":"center center","background-size":"auto","background-attachment":"scroll","background-type":"","background-media":"","overlay-type":"","overlay-color":"","overlay-opacity":"","overlay-gradient":""},"tablet":{"background-color":"var(--ast-global-color-4)","background-image":"","background-repeat":"repeat","background-position":"center center","background-size":"auto","background-attachment":"scroll","background-type":"","background-media":"","overlay-type":"","overlay-color":"","overlay-opacity":"","overlay-gradient":""},"mobile":{"background-color":"var(--ast-global-color-4)","background-image":"","background-repeat":"repeat","background-position":"center center","background-size":"auto","background-attachment":"scroll","background-type":"","background-media":"","overlay-type":"","overlay-color":"","overlay-opacity":"","overlay-gradient":""}}},"product_brand":[],"product_cat":[4224,4218,7780,7640],"product_tag":[5134,5135,5136,5129,5130,5131,5133,5128,5132],"class_list":{"0":"post-31158","1":"product","2":"type-product","3":"status-publish","4":"has-post-thumbnail","6":"product_cat-ferramentas-de-fibra-optica","7":"product_cat-fibra-optica-pt-pt","8":"product_cat-fonte-de-luz-de-fibra-otica","9":"product_cat-verificacao-das-ferramentas-de-instalacao","10":"product_tag-cabos-de-fibra-otica","11":"product_tag-ferramentas-de-instalacao-de-fibras","12":"product_tag-ferramentas-de-verificacao-da-fibra","13":"product_tag-fibra-multimodo-om2-pt-pt","14":"product_tag-fibra-multimodo-om3-pt-pt","15":"product_tag-fibra-multimodo-om4-pt-pt","16":"product_tag-mes-de-modo-unico","17":"product_tag-om1-fibra-multimodo","18":"product_tag-os2-fibra-multimodo","19":"desktop-align-left","20":"tablet-align-left","21":"mobile-align-left","23":"first","24":"instock","25":"shipping-taxable","26":"product-type-simple"},"_links":{"self":[{"href":"https:\/\/gtlan.com\/pt-pt\/wp-json\/wp\/v2\/product\/31158","targetHints":{"allow":["GET"]}}],"collection":[{"href":"https:\/\/gtlan.com\/pt-pt\/wp-json\/wp\/v2\/product"}],"about":[{"href":"https:\/\/gtlan.com\/pt-pt\/wp-json\/wp\/v2\/types\/product"}],"wp:featuredmedia":[{"embeddable":true,"href":"https:\/\/gtlan.com\/pt-pt\/wp-json\/wp\/v2\/media\/27597"}],"wp:attachment":[{"href":"https:\/\/gtlan.com\/pt-pt\/wp-json\/wp\/v2\/media?parent=31158"}],"wp:term":[{"taxonomy":"product_brand","embeddable":true,"href":"https:\/\/gtlan.com\/pt-pt\/wp-json\/wp\/v2\/product_brand?post=31158"},{"taxonomy":"product_cat","embeddable":true,"href":"https:\/\/gtlan.com\/pt-pt\/wp-json\/wp\/v2\/product_cat?post=31158"},{"taxonomy":"product_tag","embeddable":true,"href":"https:\/\/gtlan.com\/pt-pt\/wp-json\/wp\/v2\/product_tag?post=31158"}],"curies":[{"name":"wp","href":"https:\/\/api.w.org\/{rel}","templated":true}]}}