{"id":31173,"date":"2024-08-13T14:19:25","date_gmt":"2024-08-13T12:19:25","guid":{"rendered":"https:\/\/gtlan.com\/producto\/f-o-ftth-cabo-dieletrico-exterior-lszh-fca-bobina-de-2000-m-1-x-2-fibras\/"},"modified":"2025-09-03T08:27:03","modified_gmt":"2025-09-03T06:27:03","slug":"f-o-ftth-cabo-dieletrico-exterior-lszh-fca-bobina-de-2000-m-1-x-2-fibras","status":"publish","type":"product","link":"https:\/\/gtlan.com\/pt-pt\/producto\/f-o-ftth-cabo-dieletrico-exterior-lszh-fca-bobina-de-2000-m-1-x-2-fibras\/","title":{"rendered":"F.O. Cabo diel\u00e9trico FTTH interior exterior, LSZH, Dca, bobina de 2000 m, 1 x 2 fibras"},"content":{"rendered":"<p data-start=\"646\" data-end=\"1063\">O cabo de fibra \u00f3tica <strong data-start=\"693\" data-end=\"705\">de 2 fibras<\/strong> <strong data-start=\"671\" data-end=\"689\">GTLAN G.657.A2<\/strong> foi concebido para implementa\u00e7\u00f5es <strong data-start=\"740\" data-end=\"748\">FTTH<\/strong> que requerem uma solu\u00e7\u00e3o compacta, flex\u00edvel e segura, tanto em ambientes <strong data-start=\"822\" data-end=\"852\">interiores como exteriores<\/strong>. A sua estrutura diel\u00e9ctrica sem metal, em conjunto com um refor\u00e7o interno <strong data-start=\"929\" data-end=\"940\">de aramida<\/strong> e um revestimento <strong data-start=\"952\" data-end=\"966\">LSZH preto<\/strong>, torna-o a escolha ideal para instala\u00e7\u00e3o em calhas, fachadas ou ambientes mistos. <\/p>\n<p data-start=\"1065\" data-end=\"1436\">Este cabo inclui um \u00fanico tubo com 2 fibras monomodo <strong data-start=\"1120\" data-end=\"1141\">9\/125 \u00b5m G.657.A2<\/strong>, oferecendo uma elevada resist\u00eancia a curvas apertadas e facilitando as instala\u00e7\u00f5es em espa\u00e7os reduzidos. Gra\u00e7as \u00e0 sua classifica\u00e7\u00e3o <strong data-start=\"1271\" data-end=\"1291\">CPR Dca-s2,d2,a1<\/strong>, apresenta um excelente comportamento ao fogo e baixa emiss\u00e3o de fumos, cumprindo os requisitos para instala\u00e7\u00f5es em edif\u00edcios. <\/p>\n<p data-start=\"1438\" data-end=\"1716\">Com um di\u00e2metro exterior de apenas <strong data-start=\"1475\" data-end=\"1485\">4,9 mm<\/strong>, o seu pequeno raio de curvatura e uma extens\u00e3o m\u00e1xima de <strong data-start=\"1538\" data-end=\"1551\">30 metros<\/strong>, este cabo \u00e9 perfeito para percursos verticais em fachadas, passagens interiores e implementa\u00e7\u00f5es de calhas, combinando <strong data-start=\"1667\" data-end=\"1715\">flexibilidade, seguran\u00e7a e desempenho \u00f3tico<\/strong>.<\/p>\n","protected":false},"excerpt":{"rendered":"<h6>Cabo F.O. monomodo G.657.A2 para uso interior\/exterior, 1 tubo com 2 fibras, bainha LSZH preta, CPR Dca, bobina de 2000 m. Ideal para instala\u00e7\u00f5es FTTH seguras e compactas em fachadas, calhas ou interiores. <\/h6>\n<h6><a href=\"https:\/\/gtlan.com\/wp-content\/uploads\/ftgtlan\/35GTFO2G657A2E.pdf\" target=\"_blank\" rel=\"noopener\"><strong>\u21e9 Dados t\u00e9cnicos <\/strong><strong>\u21e9 <\/strong> <\/a><\/h6>\n<h6><\/h6>\n<h6><\/h6>\n","protected":false},"featured_media":32919,"template":"","meta":{"site-sidebar-layout":"default","site-content-layout":"","ast-site-content-layout":"default","site-content-style":"default","site-sidebar-style":"default","ast-global-header-display":"","ast-banner-title-visibility":"","ast-main-header-display":"","ast-hfb-above-header-display":"","ast-hfb-below-header-display":"","ast-hfb-mobile-header-display":"","site-post-title":"","ast-breadcrumbs-content":"","ast-featured-img":"","footer-sml-layout":"","ast-disable-related-posts":"","theme-transparent-header-meta":"default","adv-header-id-meta":"","stick-header-meta":"","header-above-stick-meta":"","header-main-stick-meta":"","header-below-stick-meta":"","astra-migrate-meta-layouts":"default","ast-page-background-enabled":"default","ast-page-background-meta":{"desktop":{"background-color":"var(--ast-global-color-5)","background-image":"","background-repeat":"repeat","background-position":"center center","background-size":"auto","background-attachment":"scroll","background-type":"","background-media":"","overlay-type":"","overlay-color":"","overlay-opacity":"","overlay-gradient":""},"tablet":{"background-color":"","background-image":"","background-repeat":"repeat","background-position":"center center","background-size":"auto","background-attachment":"scroll","background-type":"","background-media":"","overlay-type":"","overlay-color":"","overlay-opacity":"","overlay-gradient":""},"mobile":{"background-color":"","background-image":"","background-repeat":"repeat","background-position":"center center","background-size":"auto","background-attachment":"scroll","background-type":"","background-media":"","overlay-type":"","overlay-color":"","overlay-opacity":"","overlay-gradient":""}},"ast-content-background-meta":{"desktop":{"background-color":"var(--ast-global-color-4)","background-image":"","background-repeat":"repeat","background-position":"center center","background-size":"auto","background-attachment":"scroll","background-type":"","background-media":"","overlay-type":"","overlay-color":"","overlay-opacity":"","overlay-gradient":""},"tablet":{"background-color":"var(--ast-global-color-4)","background-image":"","background-repeat":"repeat","background-position":"center center","background-size":"auto","background-attachment":"scroll","background-type":"","background-media":"","overlay-type":"","overlay-color":"","overlay-opacity":"","overlay-gradient":""},"mobile":{"background-color":"var(--ast-global-color-4)","background-image":"","background-repeat":"repeat","background-position":"center center","background-size":"auto","background-attachment":"scroll","background-type":"","background-media":"","overlay-type":"","overlay-color":"","overlay-opacity":"","overlay-gradient":""}}},"product_brand":[],"product_cat":[5125,4218,5126,5124],"product_tag":[5134,5135,5136,5129,5130,5131,5133,5128,5132],"class_list":{"0":"post-31173","1":"product","2":"type-product","3":"status-publish","4":"has-post-thumbnail","6":"product_cat-fibra-de-modo-unico","7":"product_cat-fibra-optica-pt-pt","8":"product_cat-ftth-fibra-otica","9":"product_cat-ftth-monomodo-9-125-m-pt-pt","10":"product_tag-cabos-de-fibra-otica","11":"product_tag-ferramentas-de-instalacao-de-fibras","12":"product_tag-ferramentas-de-verificacao-da-fibra","13":"product_tag-fibra-multimodo-om2-pt-pt","14":"product_tag-fibra-multimodo-om3-pt-pt","15":"product_tag-fibra-multimodo-om4-pt-pt","16":"product_tag-mes-de-modo-unico","17":"product_tag-om1-fibra-multimodo","18":"product_tag-os2-fibra-multimodo","19":"desktop-align-left","20":"tablet-align-left","21":"mobile-align-left","23":"first","24":"instock","25":"shipping-taxable","26":"product-type-simple"},"_links":{"self":[{"href":"https:\/\/gtlan.com\/pt-pt\/wp-json\/wp\/v2\/product\/31173","targetHints":{"allow":["GET"]}}],"collection":[{"href":"https:\/\/gtlan.com\/pt-pt\/wp-json\/wp\/v2\/product"}],"about":[{"href":"https:\/\/gtlan.com\/pt-pt\/wp-json\/wp\/v2\/types\/product"}],"wp:featuredmedia":[{"embeddable":true,"href":"https:\/\/gtlan.com\/pt-pt\/wp-json\/wp\/v2\/media\/32919"}],"wp:attachment":[{"href":"https:\/\/gtlan.com\/pt-pt\/wp-json\/wp\/v2\/media?parent=31173"}],"wp:term":[{"taxonomy":"product_brand","embeddable":true,"href":"https:\/\/gtlan.com\/pt-pt\/wp-json\/wp\/v2\/product_brand?post=31173"},{"taxonomy":"product_cat","embeddable":true,"href":"https:\/\/gtlan.com\/pt-pt\/wp-json\/wp\/v2\/product_cat?post=31173"},{"taxonomy":"product_tag","embeddable":true,"href":"https:\/\/gtlan.com\/pt-pt\/wp-json\/wp\/v2\/product_tag?post=31173"}],"curies":[{"name":"wp","href":"https:\/\/api.w.org\/{rel}","templated":true}]}}