{"id":31225,"date":"2024-08-13T14:19:08","date_gmt":"2024-08-13T12:19:08","guid":{"rendered":"https:\/\/gtlan.com\/producto\/cabo-de-ligacao-duplex-f-o-ftth-monomodo-9-125-%ce%bcm-sc-apc-sc-apc-2-m\/"},"modified":"2025-07-08T14:54:27","modified_gmt":"2025-07-08T12:54:27","slug":"cabo-de-ligacao-duplex-f-o-ftth-monomodo-9-125-%ce%bcm-sc-apc-sc-apc-2-m","status":"publish","type":"product","link":"https:\/\/gtlan.com\/pt-pt\/producto\/cabo-de-ligacao-duplex-f-o-ftth-monomodo-9-125-%ce%bcm-sc-apc-sc-apc-2-m\/","title":{"rendered":"Cabo de liga\u00e7\u00e3o duplex F.O., FTTH Monomodo 9\/125 \u03bcm SC-APC \/ SC-APC, 2 m"},"content":{"rendered":"<p data-start=\"601\" data-end=\"942\">O cabo de liga\u00e7\u00e3o de fibra \u00f3tica monomodo SC-APC \/ SC-APC <strong data-start=\"659\" data-end=\"668\">da GTLAN<\/strong> foi concebido para aplica\u00e7\u00f5es FTTH (Fiber To The Home), redes \u00f3pticas passivas e liga\u00e7\u00f5es de elevado desempenho em infra-estruturas de telecomunica\u00e7\u00f5es. Com <strong data-start=\"829\" data-end=\"856\">fibra monomodo de 9\/125 \u00b5m<\/strong>, oferece uma transmiss\u00e3o de sinal est\u00e1vel com atenua\u00e7\u00e3o m\u00ednima em longas dist\u00e2ncias. <\/p>\n<p data-start=\"944\" data-end=\"1240\">Gra\u00e7as \u00e0 sua caixa amarela <strong data-start=\"966\" data-end=\"999\">LSZH (Low Smoke Zero Halogen)<\/strong> e ao seu design duplex, garante seguran\u00e7a, flexibilidade e durabilidade em instala\u00e7\u00f5es residenciais, comerciais e industriais. A sua termina\u00e7\u00e3o SC-APC proporciona uma <strong data-start=\"1184\" data-end=\"1214\">baixa perda de retorno<\/strong> e uma elevada fiabilidade \u00f3tica. <\/p>\n<p data-start=\"1242\" data-end=\"1282\"><strong data-start=\"1242\" data-end=\"1282\">Destaques t\u00e9cnicos:<\/strong><\/p>\n<ul data-start=\"1283\" data-end=\"1805\">\n<li data-start=\"1283\" data-end=\"1319\">\n<p data-start=\"1285\" data-end=\"1319\">Tipo de fibra: Monomodo 9\/125 \u00b5m<\/p>\n<\/li>\n<li data-start=\"1320\" data-end=\"1351\">\n<p data-start=\"1322\" data-end=\"1351\">Conectores: SC-APC \/ SC-APC<\/p>\n<\/li>\n<li data-start=\"1352\" data-end=\"1384\">\n<p data-start=\"1354\" data-end=\"1384\">Comprimento do cabo: 2 metros<\/p>\n<\/li>\n<li data-start=\"1385\" data-end=\"1415\">\n<p data-start=\"1387\" data-end=\"1415\">Tipo de mangueira: Duplex<\/p>\n<\/li>\n<li data-start=\"1416\" data-end=\"1451\">\n<p data-start=\"1418\" data-end=\"1451\">Caixa: LSZH (cor amarela)<\/p>\n<\/li>\n<li data-start=\"1452\" data-end=\"1479\">\n<p data-start=\"1454\" data-end=\"1479\">Di\u00e2metro exterior: 3 mm<\/p>\n<\/li>\n<li data-start=\"1480\" data-end=\"1521\">\n<p data-start=\"1482\" data-end=\"1521\">Material da tala: Cer\u00e2mica de zirc\u00f3nio<\/p>\n<\/li>\n<li data-start=\"1522\" data-end=\"1558\">\n<p data-start=\"1524\" data-end=\"1558\">Raio de curvatura m\u00ednimo: 10 mm<\/p>\n<\/li>\n<li data-start=\"1559\" data-end=\"1600\">\n<p data-start=\"1561\" data-end=\"1600\">Temperatura de funcionamento: -20 \u00b0C a 70 \u00b0C<\/p>\n<\/li>\n<li data-start=\"1601\" data-end=\"1639\">\n<p data-start=\"1603\" data-end=\"1639\">Comprimentos de onda: 1310 \/ 1550 nm<\/p>\n<\/li>\n<li data-start=\"1640\" data-end=\"1677\">\n<p data-start=\"1642\" data-end=\"1677\">Durabilidade: At\u00e9 500 liga\u00e7\u00f5es<\/p>\n<\/li>\n<li data-start=\"1678\" data-end=\"1708\">\n<p data-start=\"1680\" data-end=\"1708\">Certifica\u00e7\u00f5es: CE e RoHS<\/p>\n<\/li>\n<li data-start=\"1709\" data-end=\"1805\">\n<p data-start=\"1711\" data-end=\"1805\">Normas: IEC 60793, IEC 61754-4, Telcordia GR-326 e GR-409, IEC 60332, IEC 60754, IEC 61034<\/p>\n<\/li>\n<\/ul>\n<p data-start=\"1807\" data-end=\"1832\"><strong data-start=\"1807\" data-end=\"1832\">Aplica\u00e7\u00f5es ideais:<\/strong><\/p>\n<ul data-start=\"1833\" data-end=\"1957\">\n<li data-start=\"1833\" data-end=\"1855\">\n<p data-start=\"1835\" data-end=\"1855\">Instala\u00e7\u00f5es FTTH<\/p>\n<\/li>\n<li data-start=\"1856\" data-end=\"1882\">\n<p data-start=\"1858\" data-end=\"1882\">Redes de acesso \u00f3tico<\/p>\n<\/li>\n<li data-start=\"1883\" data-end=\"1926\">\n<p data-start=\"1885\" data-end=\"1926\">Sistemas de telecomunica\u00e7\u00f5es de modo \u00fanico<\/p>\n<\/li>\n<li data-start=\"1927\" data-end=\"1957\">\n<p data-start=\"1929\" data-end=\"1957\">Liga\u00e7\u00f5es entre OLT e ONT<\/p>\n<\/li>\n<\/ul>\n<p data-start=\"1959\" data-end=\"2126\">Confia na qualidade profissional da <strong data-start=\"1995\" data-end=\"2004\">GTLAN<\/strong> para os teus projectos de fibra \u00f3tica: solu\u00e7\u00f5es eficazes, seguras e adaptadas \u00e0s normas mais exigentes do sector.<\/p>\n","protected":false},"excerpt":{"rendered":"<p>Cabo de liga\u00e7\u00e3o de fibra \u00f3tica duplex monomodo 9\/125 \u00b5m SC-APC \/ SC-APC monomodo para instala\u00e7\u00f5es FTTH. Comprimento: 2 m. Alta precis\u00e3o, baixa perda e revestimento LSZH amarelo. Certifica\u00e7\u00f5es CE e RoHS. Ideal para redes \u00f3pticas.    <\/p>\n<h6><a href=\"https:\/\/gtlan.com\/wp-content\/uploads\/ftgtlan\/35GT2SCSPC2S.pdf\" target=\"_blank\" rel=\"noopener\"><strong>\u21e9 Dados t\u00e9cnicos <\/strong><strong>\u21e9 <\/strong> <\/a><\/h6>\n<h6><\/h6>\n<h6><\/h6>\n","protected":false},"featured_media":32722,"template":"","meta":{"site-sidebar-layout":"default","site-content-layout":"","ast-site-content-layout":"default","site-content-style":"default","site-sidebar-style":"default","ast-global-header-display":"","ast-banner-title-visibility":"","ast-main-header-display":"","ast-hfb-above-header-display":"","ast-hfb-below-header-display":"","ast-hfb-mobile-header-display":"","site-post-title":"","ast-breadcrumbs-content":"","ast-featured-img":"","footer-sml-layout":"","ast-disable-related-posts":"","theme-transparent-header-meta":"default","adv-header-id-meta":"","stick-header-meta":"","header-above-stick-meta":"","header-main-stick-meta":"","header-below-stick-meta":"","astra-migrate-meta-layouts":"default","ast-page-background-enabled":"default","ast-page-background-meta":{"desktop":{"background-color":"var(--ast-global-color-5)","background-image":"","background-repeat":"repeat","background-position":"center center","background-size":"auto","background-attachment":"scroll","background-type":"","background-media":"","overlay-type":"","overlay-color":"","overlay-opacity":"","overlay-gradient":""},"tablet":{"background-color":"","background-image":"","background-repeat":"repeat","background-position":"center center","background-size":"auto","background-attachment":"scroll","background-type":"","background-media":"","overlay-type":"","overlay-color":"","overlay-opacity":"","overlay-gradient":""},"mobile":{"background-color":"","background-image":"","background-repeat":"repeat","background-position":"center center","background-size":"auto","background-attachment":"scroll","background-type":"","background-media":"","overlay-type":"","overlay-color":"","overlay-opacity":"","overlay-gradient":""}},"ast-content-background-meta":{"desktop":{"background-color":"var(--ast-global-color-4)","background-image":"","background-repeat":"repeat","background-position":"center center","background-size":"auto","background-attachment":"scroll","background-type":"","background-media":"","overlay-type":"","overlay-color":"","overlay-opacity":"","overlay-gradient":""},"tablet":{"background-color":"var(--ast-global-color-4)","background-image":"","background-repeat":"repeat","background-position":"center center","background-size":"auto","background-attachment":"scroll","background-type":"","background-media":"","overlay-type":"","overlay-color":"","overlay-opacity":"","overlay-gradient":""},"mobile":{"background-color":"var(--ast-global-color-4)","background-image":"","background-repeat":"repeat","background-position":"center center","background-size":"auto","background-attachment":"scroll","background-type":"","background-media":"","overlay-type":"","overlay-color":"","overlay-opacity":"","overlay-gradient":""}}},"product_brand":[],"product_cat":[7241,5125,4218,5126,5124],"product_tag":[5134,5135,5136,5129,5130,5131,5133,5128,5132],"class_list":{"0":"post-31225","1":"product","2":"type-product","3":"status-publish","4":"has-post-thumbnail","6":"product_cat-cabo-de-ligacao-de-fibra-otica","7":"product_cat-fibra-de-modo-unico","8":"product_cat-fibra-optica-pt-pt","9":"product_cat-ftth-fibra-otica","10":"product_cat-ftth-monomodo-9-125-m-pt-pt","11":"product_tag-cabos-de-fibra-otica","12":"product_tag-ferramentas-de-instalacao-de-fibras","13":"product_tag-ferramentas-de-verificacao-da-fibra","14":"product_tag-fibra-multimodo-om2-pt-pt","15":"product_tag-fibra-multimodo-om3-pt-pt","16":"product_tag-fibra-multimodo-om4-pt-pt","17":"product_tag-mes-de-modo-unico","18":"product_tag-om1-fibra-multimodo","19":"product_tag-os2-fibra-multimodo","20":"desktop-align-left","21":"tablet-align-left","22":"mobile-align-left","24":"first","25":"instock","26":"shipping-taxable","27":"product-type-simple"},"_links":{"self":[{"href":"https:\/\/gtlan.com\/pt-pt\/wp-json\/wp\/v2\/product\/31225","targetHints":{"allow":["GET"]}}],"collection":[{"href":"https:\/\/gtlan.com\/pt-pt\/wp-json\/wp\/v2\/product"}],"about":[{"href":"https:\/\/gtlan.com\/pt-pt\/wp-json\/wp\/v2\/types\/product"}],"wp:featuredmedia":[{"embeddable":true,"href":"https:\/\/gtlan.com\/pt-pt\/wp-json\/wp\/v2\/media\/32722"}],"wp:attachment":[{"href":"https:\/\/gtlan.com\/pt-pt\/wp-json\/wp\/v2\/media?parent=31225"}],"wp:term":[{"taxonomy":"product_brand","embeddable":true,"href":"https:\/\/gtlan.com\/pt-pt\/wp-json\/wp\/v2\/product_brand?post=31225"},{"taxonomy":"product_cat","embeddable":true,"href":"https:\/\/gtlan.com\/pt-pt\/wp-json\/wp\/v2\/product_cat?post=31225"},{"taxonomy":"product_tag","embeddable":true,"href":"https:\/\/gtlan.com\/pt-pt\/wp-json\/wp\/v2\/product_tag?post=31225"}],"curies":[{"name":"wp","href":"https:\/\/api.w.org\/{rel}","templated":true}]}}