{"id":31295,"date":"2024-08-14T08:46:36","date_gmt":"2024-08-14T06:46:36","guid":{"rendered":"https:\/\/gtlan.com\/producto\/cabo-de-ligacao-rj45-c-6a-s-ftp-lszh-5-m\/"},"modified":"2025-07-08T15:30:09","modified_gmt":"2025-07-08T13:30:09","slug":"cabo-de-ligacao-rj45-c-6a-s-ftp-lszh-5-m","status":"publish","type":"product","link":"https:\/\/gtlan.com\/pt-pt\/producto\/cabo-de-ligacao-rj45-c-6a-s-ftp-lszh-5-m\/","title":{"rendered":"Cabo de liga\u00e7\u00e3o RJ45 C-6A, S\/FTP, LSZH, 5 m"},"content":{"rendered":"<p data-start=\"563\" data-end=\"865\">A mangueira de rede  <strong data-start=\"584\" data-end=\"606\">RJ45 Cat. 6A S\/FTP <\/strong>  da <strong data-start=\"610\" data-end=\"619\">GTLAN<\/strong>, com um comprimento de 5 metros, oferece um desempenho est\u00e1vel e de alta velocidade para redes Ethernet at\u00e9 <strong data-start=\"726\" data-end=\"737\">10 Gbps.<\/strong> \u00c9 a solu\u00e7\u00e3o ideal para <strong data-start=\"765\" data-end=\"864\">instala\u00e7\u00f5es empresariais, centros de dados, arm\u00e1rios de comunica\u00e7\u00f5es e backbones horizontais<\/strong>. <\/p>\n<p data-start=\"867\" data-end=\"1240\">A cablagem <strong data-start=\"879\" data-end=\"888\">S\/FTP<\/strong> (Shielded Foiled Twisted Pair) oferece uma <strong data-start=\"932\" data-end=\"950\">dupla blindagem<\/strong>: par entran\u00e7ado e blindagem geral, garantindo uma excelente prote\u00e7\u00e3o contra as interfer\u00eancias electromagn\u00e9ticas. Al\u00e9m disso, a bainha <strong data-start=\"1091\" data-end=\"1099\">LSZH<\/strong> em cinzento <strong data-start=\"1114\" data-end=\"1126\">RAL 7035<\/strong> garante uma seguran\u00e7a adicional em instala\u00e7\u00f5es fechadas, gra\u00e7as \u00e0 sua baixa emiss\u00e3o de fumo e \u00e0 aus\u00eancia de halog\u00e9neos. <\/p>\n<p data-start=\"1242\" data-end=\"1473\">Os conectores RJ45 est\u00e3o equipados com <strong data-start=\"1282\" data-end=\"1318\">contactos banhados a ouro de 50 \u00b5<\/strong> e <strong data-start=\"1321\" data-end=\"1371\">tampas injectadas com protectores de flange<\/strong>, proporcionando resist\u00eancia, durabilidade e facilidade de utiliza\u00e7\u00e3o em ambientes de elevada densidade de liga\u00e7\u00e3o.<\/p>\n<p data-start=\"1475\" data-end=\"1515\"><strong data-start=\"1475\" data-end=\"1515\">Destaques t\u00e9cnicos:<\/strong><\/p>\n<ul data-start=\"1516\" data-end=\"1972\">\n<li data-start=\"1516\" data-end=\"1549\">\n<p data-start=\"1518\" data-end=\"1549\">Categoria: 6A (at\u00e9 10 Gbps)<\/p>\n<\/li>\n<li data-start=\"1550\" data-end=\"1572\">\n<p data-start=\"1552\" data-end=\"1572\">Comprimento: 5 metros<\/p>\n<\/li>\n<li data-start=\"1573\" data-end=\"1634\">\n<p data-start=\"1575\" data-end=\"1634\">Tipo de cabo: S\/FTP (blindado por par + blindagem geral)<\/p>\n<\/li>\n<li data-start=\"1635\" data-end=\"1654\">\n<p data-start=\"1637\" data-end=\"1654\">Bitola: AWG 26<\/p>\n<\/li>\n<li data-start=\"1655\" data-end=\"1684\">\n<p data-start=\"1657\" data-end=\"1684\">Di\u00e2metro exterior: 6,3 mm<\/p>\n<\/li>\n<li data-start=\"1685\" data-end=\"1711\">\n<p data-start=\"1687\" data-end=\"1711\">Tipo de conetor: RJ45<\/p>\n<\/li>\n<li data-start=\"1712\" data-end=\"1760\">\n<p data-start=\"1714\" data-end=\"1760\">Material do conetor: N\u00edquel + bronze fosforoso<\/p>\n<\/li>\n<li data-start=\"1761\" data-end=\"1801\">\n<p data-start=\"1763\" data-end=\"1801\">Revestimento de contacto: Ouro 50 \u00b5<\/p>\n<\/li>\n<li data-start=\"1802\" data-end=\"1850\">\n<p data-start=\"1804\" data-end=\"1850\">Tampa: Injectada com prote\u00e7\u00e3o de flange<\/p>\n<\/li>\n<li data-start=\"1851\" data-end=\"1884\">\n<p data-start=\"1853\" data-end=\"1884\">Cor da tampa: Cinzento RAL 7035<\/p>\n<\/li>\n<li data-start=\"1885\" data-end=\"1922\">\n<p data-start=\"1887\" data-end=\"1922\">Durabilidade: At\u00e9 750 liga\u00e7\u00f5es<\/p>\n<\/li>\n<li data-start=\"1923\" data-end=\"1941\">\n<p data-start=\"1925\" data-end=\"1941\">Inv\u00f3lucro: LSZH<\/p>\n<\/li>\n<li data-start=\"1942\" data-end=\"1972\">\n<p data-start=\"1944\" data-end=\"1972\">Certifica\u00e7\u00f5es: CE e RoHS<\/p>\n<\/li>\n<\/ul>\n<p data-start=\"1974\" data-end=\"1999\"><strong data-start=\"1974\" data-end=\"1999\">Aplica\u00e7\u00f5es ideais:<\/strong><\/p>\n<ul data-start=\"2000\" data-end=\"2198\">\n<li data-start=\"2000\" data-end=\"2027\">\n<p data-start=\"2002\" data-end=\"2027\">LANs empresariais<\/p>\n<\/li>\n<li data-start=\"2028\" data-end=\"2078\">\n<p data-start=\"2030\" data-end=\"2078\">Centros de dados e bastidores de telecomunica\u00e7\u00f5es<\/p>\n<\/li>\n<li data-start=\"2079\" data-end=\"2130\">\n<p data-start=\"2081\" data-end=\"2130\">Liga\u00e7\u00f5es entre comutadores, pain\u00e9is e servidores<\/p>\n<\/li>\n<li data-start=\"2131\" data-end=\"2198\">\n<p data-start=\"2133\" data-end=\"2198\">Instala\u00e7\u00f5es que requerem prote\u00e7\u00e3o EMI\/RFI e elevada resist\u00eancia<\/p>\n<\/li>\n<\/ul>\n<p data-start=\"2200\" data-end=\"2355\">Este cabo de liga\u00e7\u00e3o <strong data-start=\"2219\" data-end=\"2228\">GTLAN<\/strong> garante velocidade, prote\u00e7\u00e3o e fiabilidade para ambientes exigentes, cumprindo os mais elevados padr\u00f5es de conetividade.<\/p>\n","protected":false},"excerpt":{"rendered":"<p>Cabo de liga\u00e7\u00e3o RJ45 Cat. 6A S\/FTP, 5 m. Par de cabos blindados e blindagem geral, com bainha LSZH cinzenta RAL 7035. Conectores com revestimento de ouro de 50 \u00b5. Alta resist\u00eancia, baixa interfer\u00eancia, em conformidade com CE e RoHS.    <\/p>\n<h6><a href=\"https:\/\/gtlan.com\/wp-content\/uploads\/ftgtlan\/50F6A5GRL.pdf\" target=\"_blank\" rel=\"noopener\"><strong>\u21e9 Dados t\u00e9cnicos <\/strong><strong>\u21e9 <\/strong> <\/a><\/h6>\n<h6><\/h6>\n<h6><\/h6>\n","protected":false},"featured_media":32813,"template":"","meta":{"site-sidebar-layout":"default","site-content-layout":"","ast-site-content-layout":"default","site-content-style":"default","site-sidebar-style":"default","ast-global-header-display":"","ast-banner-title-visibility":"","ast-main-header-display":"","ast-hfb-above-header-display":"","ast-hfb-below-header-display":"","ast-hfb-mobile-header-display":"","site-post-title":"","ast-breadcrumbs-content":"","ast-featured-img":"","footer-sml-layout":"","ast-disable-related-posts":"","theme-transparent-header-meta":"default","adv-header-id-meta":"","stick-header-meta":"","header-above-stick-meta":"","header-main-stick-meta":"","header-below-stick-meta":"","astra-migrate-meta-layouts":"default","ast-page-background-enabled":"default","ast-page-background-meta":{"desktop":{"background-color":"var(--ast-global-color-5)","background-image":"","background-repeat":"repeat","background-position":"center center","background-size":"auto","background-attachment":"scroll","background-type":"","background-media":"","overlay-type":"","overlay-color":"","overlay-opacity":"","overlay-gradient":""},"tablet":{"background-color":"","background-image":"","background-repeat":"repeat","background-position":"center center","background-size":"auto","background-attachment":"scroll","background-type":"","background-media":"","overlay-type":"","overlay-color":"","overlay-opacity":"","overlay-gradient":""},"mobile":{"background-color":"","background-image":"","background-repeat":"repeat","background-position":"center center","background-size":"auto","background-attachment":"scroll","background-type":"","background-media":"","overlay-type":"","overlay-color":"","overlay-opacity":"","overlay-gradient":""}},"ast-content-background-meta":{"desktop":{"background-color":"var(--ast-global-color-4)","background-image":"","background-repeat":"repeat","background-position":"center center","background-size":"auto","background-attachment":"scroll","background-type":"","background-media":"","overlay-type":"","overlay-color":"","overlay-opacity":"","overlay-gradient":""},"tablet":{"background-color":"var(--ast-global-color-4)","background-image":"","background-repeat":"repeat","background-position":"center center","background-size":"auto","background-attachment":"scroll","background-type":"","background-media":"","overlay-type":"","overlay-color":"","overlay-opacity":"","overlay-gradient":""},"mobile":{"background-color":"var(--ast-global-color-4)","background-image":"","background-repeat":"repeat","background-position":"center center","background-size":"auto","background-attachment":"scroll","background-type":"","background-media":"","overlay-type":"","overlay-color":"","overlay-opacity":"","overlay-gradient":""}}},"product_brand":[],"product_cat":[4212,8480,8666,4226],"product_tag":[4535,4540,4536,4539,4542,4537,4541,4538],"class_list":{"0":"post-31295","1":"product","2":"type-product","3":"status-publish","4":"has-post-thumbnail","6":"product_cat-cabeamento-de-rede","7":"product_cat-cabos-de-ligacao-rj45","8":"product_cat-categoria-6a-ftp-pt-pt","9":"product_cat-rede-de-par-trancado-de-cobre","10":"product_tag-cabo-ethernet","11":"product_tag-cabos-de-ligacao-rj45","12":"product_tag-categorias-de-par-entrancado","13":"product_tag-conectores-rj45-pt-pt","14":"product_tag-fio-de-cobre","15":"product_tag-ftp-par-trancado","16":"product_tag-painel-19","17":"product_tag-par-trancado-upt","18":"desktop-align-left","19":"tablet-align-left","20":"mobile-align-left","22":"first","23":"instock","24":"shipping-taxable","25":"product-type-simple"},"_links":{"self":[{"href":"https:\/\/gtlan.com\/pt-pt\/wp-json\/wp\/v2\/product\/31295","targetHints":{"allow":["GET"]}}],"collection":[{"href":"https:\/\/gtlan.com\/pt-pt\/wp-json\/wp\/v2\/product"}],"about":[{"href":"https:\/\/gtlan.com\/pt-pt\/wp-json\/wp\/v2\/types\/product"}],"wp:featuredmedia":[{"embeddable":true,"href":"https:\/\/gtlan.com\/pt-pt\/wp-json\/wp\/v2\/media\/32813"}],"wp:attachment":[{"href":"https:\/\/gtlan.com\/pt-pt\/wp-json\/wp\/v2\/media?parent=31295"}],"wp:term":[{"taxonomy":"product_brand","embeddable":true,"href":"https:\/\/gtlan.com\/pt-pt\/wp-json\/wp\/v2\/product_brand?post=31295"},{"taxonomy":"product_cat","embeddable":true,"href":"https:\/\/gtlan.com\/pt-pt\/wp-json\/wp\/v2\/product_cat?post=31295"},{"taxonomy":"product_tag","embeddable":true,"href":"https:\/\/gtlan.com\/pt-pt\/wp-json\/wp\/v2\/product_tag?post=31295"}],"curies":[{"name":"wp","href":"https:\/\/api.w.org\/{rel}","templated":true}]}}