{"id":31303,"date":"2024-08-14T08:46:33","date_gmt":"2024-08-14T06:46:33","guid":{"rendered":"https:\/\/gtlan.com\/producto\/cabo-de-ligacao-rj45-c-6a-s-ftp-lszh-2-m\/"},"modified":"2025-07-08T15:23:38","modified_gmt":"2025-07-08T13:23:38","slug":"cabo-de-ligacao-rj45-c-6a-s-ftp-lszh-2-m","status":"publish","type":"product","link":"https:\/\/gtlan.com\/pt-pt\/producto\/cabo-de-ligacao-rj45-c-6a-s-ftp-lszh-2-m\/","title":{"rendered":"Cabo de liga\u00e7\u00e3o RJ45 C-6A, S\/FTP, LSZH, 2 m"},"content":{"rendered":"<p data-start=\"576\" data-end=\"787\">O chicote  <strong data-start=\"590\" data-end=\"612\">RJ45 Cat. 6A S\/FTP <\/strong>  da <strong data-start=\"616\" data-end=\"625\">GTLAN<\/strong> oferece um desempenho superior em redes de elevado tr\u00e1fego, ideal para liga\u00e7\u00f5es profissionais em ambientes <strong data-start=\"731\" data-end=\"786\">LAN, centros de dados e bastidores de telecomunica\u00e7\u00f5es<\/strong>.<\/p>\n<p data-start=\"789\" data-end=\"1180\">Fabricado com bainha <strong data-start=\"812\" data-end=\"820\">LSZH<\/strong> (Low Smoke Zero Halogen) em <strong data-start=\"855\" data-end=\"872\">cinzento RAL 7035<\/strong>, este cabo garante a seguran\u00e7a contra inc\u00eandios, bem como a conformidade com as normas CE e RoHS. A sua estrutura <strong data-start=\"994\" data-end=\"1003\">S\/FTP<\/strong> (par blindado + blindagem geral) proporciona uma excelente prote\u00e7\u00e3o contra as interfer\u00eancias electromagn\u00e9ticas, garantindo uma transmiss\u00e3o de dados fi\u00e1vel e sem perdas. <\/p>\n<p data-start=\"1182\" data-end=\"1458\">Os conectores RJ45 possuem <strong data-start=\"1214\" data-end=\"1246\">um revestimento de ouro de 50 \u00b5<\/strong>, que melhora a durabilidade e a qualidade do contacto at\u00e9 <strong data-start=\"1305\" data-end=\"1331\">750 ciclos de liga\u00e7\u00e3o<\/strong>. A sua tampa moldada por inje\u00e7\u00e3o inclui <strong data-start=\"1363\" data-end=\"1388\">uma prote\u00e7\u00e3o de flange<\/strong> para evitar quebras e facilitar a instala\u00e7\u00e3o em espa\u00e7os apertados. <\/p>\n<p data-start=\"1460\" data-end=\"1500\"><strong data-start=\"1460\" data-end=\"1500\">Destaques t\u00e9cnicos:<\/strong><\/p>\n<ul data-start=\"1501\" data-end=\"1963\">\n<li data-start=\"1501\" data-end=\"1540\">\n<p data-start=\"1503\" data-end=\"1540\">Categoria: 6A (10 Gigabit Ethernet)<\/p>\n<\/li>\n<li data-start=\"1541\" data-end=\"1598\">\n<p data-start=\"1543\" data-end=\"1598\">Tipo de cabo: S\/FTP (blindado aos pares e em geral)<\/p>\n<\/li>\n<li data-start=\"1599\" data-end=\"1621\">\n<p data-start=\"1601\" data-end=\"1621\">Comprimento: 2 metros<\/p>\n<\/li>\n<li data-start=\"1622\" data-end=\"1648\">\n<p data-start=\"1624\" data-end=\"1648\">Tipo de conetor: RJ45<\/p>\n<\/li>\n<li data-start=\"1649\" data-end=\"1660\">\n<p data-start=\"1651\" data-end=\"1660\">AWG: 26<\/p>\n<\/li>\n<li data-start=\"1661\" data-end=\"1690\">\n<p data-start=\"1663\" data-end=\"1690\">Di\u00e2metro exterior: 6,3 mm<\/p>\n<\/li>\n<li data-start=\"1691\" data-end=\"1715\">\n<p data-start=\"1693\" data-end=\"1715\">Cor: Cinzento RAL 7035<\/p>\n<\/li>\n<li data-start=\"1716\" data-end=\"1755\">\n<p data-start=\"1718\" data-end=\"1755\">Inv\u00f3lucro: LSZH (sem halog\u00e9neos)<\/p>\n<\/li>\n<li data-start=\"1756\" data-end=\"1804\">\n<p data-start=\"1758\" data-end=\"1804\">Material do conetor: N\u00edquel + bronze fosforoso<\/p>\n<\/li>\n<li data-start=\"1805\" data-end=\"1845\">\n<p data-start=\"1807\" data-end=\"1845\">Revestimento de contacto: Ouro 50 \u00b5<\/p>\n<\/li>\n<li data-start=\"1846\" data-end=\"1883\">\n<p data-start=\"1848\" data-end=\"1883\">Durabilidade: At\u00e9 750 liga\u00e7\u00f5es<\/p>\n<\/li>\n<li data-start=\"1884\" data-end=\"1932\">\n<p data-start=\"1886\" data-end=\"1932\">Tampa: Injectada com prote\u00e7\u00e3o de flange<\/p>\n<\/li>\n<li data-start=\"1933\" data-end=\"1963\">\n<p data-start=\"1935\" data-end=\"1963\">Certifica\u00e7\u00f5es: CE e RoHS<\/p>\n<\/li>\n<\/ul>\n<p data-start=\"1965\" data-end=\"1990\"><strong data-start=\"1965\" data-end=\"1990\">Aplica\u00e7\u00f5es ideais:<\/strong><\/p>\n<ul data-start=\"1991\" data-end=\"2183\">\n<li data-start=\"1991\" data-end=\"2018\">\n<p data-start=\"1993\" data-end=\"2018\">LANs empresariais<\/p>\n<\/li>\n<li data-start=\"2019\" data-end=\"2053\">\n<p data-start=\"2021\" data-end=\"2053\">Arm\u00e1rios de telecomunica\u00e7\u00f5es<\/p>\n<\/li>\n<li data-start=\"2054\" data-end=\"2113\">\n<p data-start=\"2056\" data-end=\"2113\">Liga\u00e7\u00f5es entre switches, routers e patch panels<\/p>\n<\/li>\n<li data-start=\"2114\" data-end=\"2183\">\n<p data-start=\"2116\" data-end=\"2183\">Instala\u00e7\u00f5es onde \u00e9 necess\u00e1ria blindagem e conformidade<\/p>\n<\/li>\n<\/ul>\n<p data-start=\"2185\" data-end=\"2307\">Este cabo de liga\u00e7\u00e3o <strong data-start=\"2204\" data-end=\"2213\">GTLAN<\/strong> garante um elevado desempenho, fiabilidade e prote\u00e7\u00e3o electromagn\u00e9tica para ambientes exigentes.<\/p>\n","protected":false},"excerpt":{"rendered":"<p>Patch cable RJ45 Cat. 6A S\/FTP, 2 m, com bainha LSZH cinzenta (RAL 7035). Blindado em pares e blindagem geral. Conectores niquelados com contactos dourados de 50 \u00b5. Ideal para redes de elevado desempenho. Certificado CE e RoHS.     <\/p>\n<h6><a href=\"https:\/\/gtlan.com\/wp-content\/uploads\/ftgtlan\/50F6A2GRL.pdf\" target=\"_blank\" rel=\"noopener\"><strong>\u21e9 Dados t\u00e9cnicos <\/strong><strong>\u21e9 <\/strong> <\/a><\/h6>\n<h6><\/h6>\n<h6><\/h6>\n","protected":false},"featured_media":32793,"template":"","meta":{"site-sidebar-layout":"default","site-content-layout":"","ast-site-content-layout":"default","site-content-style":"default","site-sidebar-style":"default","ast-global-header-display":"","ast-banner-title-visibility":"","ast-main-header-display":"","ast-hfb-above-header-display":"","ast-hfb-below-header-display":"","ast-hfb-mobile-header-display":"","site-post-title":"","ast-breadcrumbs-content":"","ast-featured-img":"","footer-sml-layout":"","ast-disable-related-posts":"","theme-transparent-header-meta":"default","adv-header-id-meta":"","stick-header-meta":"","header-above-stick-meta":"","header-main-stick-meta":"","header-below-stick-meta":"","astra-migrate-meta-layouts":"default","ast-page-background-enabled":"default","ast-page-background-meta":{"desktop":{"background-color":"var(--ast-global-color-5)","background-image":"","background-repeat":"repeat","background-position":"center center","background-size":"auto","background-attachment":"scroll","background-type":"","background-media":"","overlay-type":"","overlay-color":"","overlay-opacity":"","overlay-gradient":""},"tablet":{"background-color":"","background-image":"","background-repeat":"repeat","background-position":"center center","background-size":"auto","background-attachment":"scroll","background-type":"","background-media":"","overlay-type":"","overlay-color":"","overlay-opacity":"","overlay-gradient":""},"mobile":{"background-color":"","background-image":"","background-repeat":"repeat","background-position":"center center","background-size":"auto","background-attachment":"scroll","background-type":"","background-media":"","overlay-type":"","overlay-color":"","overlay-opacity":"","overlay-gradient":""}},"ast-content-background-meta":{"desktop":{"background-color":"var(--ast-global-color-4)","background-image":"","background-repeat":"repeat","background-position":"center center","background-size":"auto","background-attachment":"scroll","background-type":"","background-media":"","overlay-type":"","overlay-color":"","overlay-opacity":"","overlay-gradient":""},"tablet":{"background-color":"var(--ast-global-color-4)","background-image":"","background-repeat":"repeat","background-position":"center center","background-size":"auto","background-attachment":"scroll","background-type":"","background-media":"","overlay-type":"","overlay-color":"","overlay-opacity":"","overlay-gradient":""},"mobile":{"background-color":"var(--ast-global-color-4)","background-image":"","background-repeat":"repeat","background-position":"center center","background-size":"auto","background-attachment":"scroll","background-type":"","background-media":"","overlay-type":"","overlay-color":"","overlay-opacity":"","overlay-gradient":""}}},"product_brand":[],"product_cat":[4212,8480,8666,4226],"product_tag":[4535,4540,4536,4539,4542,4537,4541,4538],"class_list":{"0":"post-31303","1":"product","2":"type-product","3":"status-publish","4":"has-post-thumbnail","6":"product_cat-cabeamento-de-rede","7":"product_cat-cabos-de-ligacao-rj45","8":"product_cat-categoria-6a-ftp-pt-pt","9":"product_cat-rede-de-par-trancado-de-cobre","10":"product_tag-cabo-ethernet","11":"product_tag-cabos-de-ligacao-rj45","12":"product_tag-categorias-de-par-entrancado","13":"product_tag-conectores-rj45-pt-pt","14":"product_tag-fio-de-cobre","15":"product_tag-ftp-par-trancado","16":"product_tag-painel-19","17":"product_tag-par-trancado-upt","18":"desktop-align-left","19":"tablet-align-left","20":"mobile-align-left","22":"first","23":"instock","24":"shipping-taxable","25":"product-type-simple"},"_links":{"self":[{"href":"https:\/\/gtlan.com\/pt-pt\/wp-json\/wp\/v2\/product\/31303","targetHints":{"allow":["GET"]}}],"collection":[{"href":"https:\/\/gtlan.com\/pt-pt\/wp-json\/wp\/v2\/product"}],"about":[{"href":"https:\/\/gtlan.com\/pt-pt\/wp-json\/wp\/v2\/types\/product"}],"wp:featuredmedia":[{"embeddable":true,"href":"https:\/\/gtlan.com\/pt-pt\/wp-json\/wp\/v2\/media\/32793"}],"wp:attachment":[{"href":"https:\/\/gtlan.com\/pt-pt\/wp-json\/wp\/v2\/media?parent=31303"}],"wp:term":[{"taxonomy":"product_brand","embeddable":true,"href":"https:\/\/gtlan.com\/pt-pt\/wp-json\/wp\/v2\/product_brand?post=31303"},{"taxonomy":"product_cat","embeddable":true,"href":"https:\/\/gtlan.com\/pt-pt\/wp-json\/wp\/v2\/product_cat?post=31303"},{"taxonomy":"product_tag","embeddable":true,"href":"https:\/\/gtlan.com\/pt-pt\/wp-json\/wp\/v2\/product_tag?post=31303"}],"curies":[{"name":"wp","href":"https:\/\/api.w.org\/{rel}","templated":true}]}}