{"id":31331,"date":"2024-08-14T08:46:28","date_gmt":"2024-08-14T06:46:28","guid":{"rendered":"https:\/\/gtlan.com\/producto\/patchcord-rj45-c-6-utp-pvc-3-m\/"},"modified":"2025-07-09T11:24:23","modified_gmt":"2025-07-09T09:24:23","slug":"patchcord-rj45-c-6-utp-pvc-3-m","status":"publish","type":"product","link":"https:\/\/gtlan.com\/pt-pt\/producto\/patchcord-rj45-c-6-utp-pvc-3-m\/","title":{"rendered":"Patchcord RJ45 C-6 UTP, PVC, 3 m"},"content":{"rendered":"<p data-start=\"562\" data-end=\"880\">O chicote  <strong data-start=\"576\" data-end=\"607\">RJ45 Cat. 6 UTP 3 metros <\/strong>  da <strong data-start=\"611\" data-end=\"620\">GTLAN<\/strong> \u00e9 uma solu\u00e7\u00e3o vers\u00e1til, segura e de elevado desempenho para redes at\u00e9 <strong data-start=\"696\" data-end=\"706\">1 Gbps<\/strong>, ideal para ambientes empresariais, educativos e dom\u00e9sticos. A constru\u00e7\u00e3o <strong data-start=\"788\" data-end=\"825\">do cabo UTP e<\/strong> a constru\u00e7\u00e3o <strong data-start=\"788\" data-end=\"825\">anti-crosstalk<\/strong> reduzem a crosstalk e melhoram a integridade do sinal. <\/p>\n<p data-start=\"882\" data-end=\"1152\">A bainha <strong data-start=\"897\" data-end=\"923\">de PVC sem halog\u00e9neos<\/strong> em <strong data-start=\"933\" data-end=\"950\">cinzento RAL 7035<\/strong> garante resist\u00eancia mec\u00e2nica, boa flexibilidade e facilidade de instala\u00e7\u00e3o. O design inclui uma <strong data-start=\"1048\" data-end=\"1096\">tampa injectada com prote\u00e7\u00e3o de flange<\/strong>, que prolonga a sua vida \u00fatil at\u00e9 <strong data-start=\"1133\" data-end=\"1151\">750 liga\u00e7\u00f5es<\/strong>. <\/p>\n<p data-start=\"1154\" data-end=\"1335\">Este cabo de liga\u00e7\u00e3o est\u00e1 em conformidade com as normas <strong data-start=\"1192\" data-end=\"1216\">ANSI\/TIA\/EIA 568.2-E<\/strong> e <strong data-start=\"1219\" data-end=\"1246\">ISO\/IEC 11801-1 Classe E<\/strong>, e tem certifica\u00e7\u00e3o <strong data-start=\"1267\" data-end=\"1280\">CE e RoHS<\/strong>, garantindo compatibilidade, seguran\u00e7a e qualidade.<\/p>\n<p data-start=\"1337\" data-end=\"1377\"><strong data-start=\"1337\" data-end=\"1377\">Destaques t\u00e9cnicos:<\/strong><\/p>\n<ul data-start=\"1378\" data-end=\"1901\">\n<li data-start=\"1378\" data-end=\"1409\">\n<p data-start=\"1380\" data-end=\"1409\">Categoria: 6 (at\u00e9 1 Gbps)<\/p>\n<\/li>\n<li data-start=\"1410\" data-end=\"1432\">\n<p data-start=\"1412\" data-end=\"1432\">Comprimento: 3 metros<\/p>\n<\/li>\n<li data-start=\"1433\" data-end=\"1481\">\n<p data-start=\"1435\" data-end=\"1481\">Tipo de cabo: UTP com cruzeta anti-diaf\u00f3nica<\/p>\n<\/li>\n<li data-start=\"1482\" data-end=\"1501\">\n<p data-start=\"1484\" data-end=\"1501\">Bitola: AWG 26<\/p>\n<\/li>\n<li data-start=\"1502\" data-end=\"1531\">\n<p data-start=\"1504\" data-end=\"1531\">Di\u00e2metro exterior: 5,3 mm<\/p>\n<\/li>\n<li data-start=\"1532\" data-end=\"1558\">\n<p data-start=\"1534\" data-end=\"1558\">Tipo de conetor: RJ45<\/p>\n<\/li>\n<li data-start=\"1559\" data-end=\"1598\">\n<p data-start=\"1561\" data-end=\"1598\">Revestimento dos contactos: Ouro 3 \u00b5<\/p>\n<\/li>\n<li data-start=\"1599\" data-end=\"1651\">\n<p data-start=\"1601\" data-end=\"1651\">Material do conetor: N\u00edquel + bronze fosforoso<\/p>\n<\/li>\n<li data-start=\"1652\" data-end=\"1700\">\n<p data-start=\"1654\" data-end=\"1700\">Tampa: Injectada com prote\u00e7\u00e3o de flange<\/p>\n<\/li>\n<li data-start=\"1701\" data-end=\"1725\">\n<p data-start=\"1703\" data-end=\"1725\">Cor: Cinzento RAL 7035<\/p>\n<\/li>\n<li data-start=\"1726\" data-end=\"1743\">\n<p data-start=\"1728\" data-end=\"1743\">Tampa: PVC<\/p>\n<\/li>\n<li data-start=\"1744\" data-end=\"1781\">\n<p data-start=\"1746\" data-end=\"1781\">Durabilidade: At\u00e9 750 liga\u00e7\u00f5es<\/p>\n<\/li>\n<li data-start=\"1782\" data-end=\"1812\">\n<p data-start=\"1784\" data-end=\"1812\">Certifica\u00e7\u00f5es: CE e RoHS<\/p>\n<\/li>\n<li data-start=\"1813\" data-end=\"1901\">\n<p data-start=\"1815\" data-end=\"1828\">Regulamentos:<\/p>\n<ul data-start=\"1831\" data-end=\"1901\">\n<li data-start=\"1831\" data-end=\"1855\">\n<p data-start=\"1833\" data-end=\"1855\">ANSI\/TIA\/EIA 568.2-E<\/p>\n<\/li>\n<li data-start=\"1858\" data-end=\"1885\">\n<p data-start=\"1860\" data-end=\"1885\">ISO\/IEC 11801-1 Classe E<\/p>\n<\/li>\n<li data-start=\"1888\" data-end=\"1901\">\n<p data-start=\"1890\" data-end=\"1901\">IEC 60603-7<\/p>\n<\/li>\n<\/ul>\n<\/li>\n<\/ul>\n<p data-start=\"1903\" data-end=\"1928\"><strong data-start=\"1903\" data-end=\"1928\">Aplica\u00e7\u00f5es ideais:<\/strong><\/p>\n<ul data-start=\"1929\" data-end=\"2143\">\n<li data-start=\"1929\" data-end=\"1967\">\n<p data-start=\"1931\" data-end=\"1967\">Redes Ethernet standard (1GBASE-T)<\/p>\n<\/li>\n<li data-start=\"1968\" data-end=\"2023\">\n<p data-start=\"1970\" data-end=\"2023\">Liga\u00e7\u00f5es entre pain\u00e9is de liga\u00e7\u00e3o, comutadores e PCs<\/p>\n<\/li>\n<li data-start=\"2024\" data-end=\"2075\">\n<p data-start=\"2026\" data-end=\"2075\">Instala\u00e7\u00f5es em escrit\u00f3rios, escolas e resid\u00eancias<\/p>\n<\/li>\n<li data-start=\"2076\" data-end=\"2143\">\n<p data-start=\"2078\" data-end=\"2143\">Projectos de cablagem estruturada sem necessidade de blindagem<\/p>\n<\/li>\n<\/ul>\n<p data-start=\"2145\" data-end=\"2281\">Este cabo de liga\u00e7\u00e3o <strong data-start=\"2164\" data-end=\"2173\">GTLAN<\/strong> \u00e9 uma op\u00e7\u00e3o fi\u00e1vel e econ\u00f3mica para liga\u00e7\u00f5es est\u00e1veis e organizadas em todos os tipos de instala\u00e7\u00f5es de rede.<\/p>\n","protected":false},"excerpt":{"rendered":"<p data-start=\"226\" data-end=\"446\">Patch cable RJ45 Cat. 6 UTP, 3 m, com cabo entran\u00e7ado e cruzeta anti-diaf\u00f3nica. Bainha em PVC cinzento RAL 7035. Conectores RJ45 com 3 \u00b5 banhados a ouro, tampa injectada e certifica\u00e7\u00f5es CE e RoHS. Ideal para redes Ethernet standard.    <\/p>\n<h6><a href=\"https:\/\/gtlan.com\/wp-content\/uploads\/ftgtlan\/50U63GRK.pdf\" target=\"_blank\" rel=\"noopener\"><strong>\u21e9 Dados t\u00e9cnicos <\/strong><strong>\u21e9 <\/strong> <\/a><\/h6>\n<h6><\/h6>\n<h6><\/h6>\n","protected":false},"featured_media":32878,"template":"","meta":{"site-sidebar-layout":"default","site-content-layout":"","ast-site-content-layout":"default","site-content-style":"default","site-sidebar-style":"default","ast-global-header-display":"","ast-banner-title-visibility":"","ast-main-header-display":"","ast-hfb-above-header-display":"","ast-hfb-below-header-display":"","ast-hfb-mobile-header-display":"","site-post-title":"","ast-breadcrumbs-content":"","ast-featured-img":"","footer-sml-layout":"","ast-disable-related-posts":"","theme-transparent-header-meta":"default","adv-header-id-meta":"","stick-header-meta":"","header-above-stick-meta":"","header-main-stick-meta":"","header-below-stick-meta":"","astra-migrate-meta-layouts":"default","ast-page-background-enabled":"default","ast-page-background-meta":{"desktop":{"background-color":"var(--ast-global-color-5)","background-image":"","background-repeat":"repeat","background-position":"center center","background-size":"auto","background-attachment":"scroll","background-type":"","background-media":"","overlay-type":"","overlay-color":"","overlay-opacity":"","overlay-gradient":""},"tablet":{"background-color":"","background-image":"","background-repeat":"repeat","background-position":"center center","background-size":"auto","background-attachment":"scroll","background-type":"","background-media":"","overlay-type":"","overlay-color":"","overlay-opacity":"","overlay-gradient":""},"mobile":{"background-color":"","background-image":"","background-repeat":"repeat","background-position":"center center","background-size":"auto","background-attachment":"scroll","background-type":"","background-media":"","overlay-type":"","overlay-color":"","overlay-opacity":"","overlay-gradient":""}},"ast-content-background-meta":{"desktop":{"background-color":"var(--ast-global-color-4)","background-image":"","background-repeat":"repeat","background-position":"center center","background-size":"auto","background-attachment":"scroll","background-type":"","background-media":"","overlay-type":"","overlay-color":"","overlay-opacity":"","overlay-gradient":""},"tablet":{"background-color":"var(--ast-global-color-4)","background-image":"","background-repeat":"repeat","background-position":"center center","background-size":"auto","background-attachment":"scroll","background-type":"","background-media":"","overlay-type":"","overlay-color":"","overlay-opacity":"","overlay-gradient":""},"mobile":{"background-color":"var(--ast-global-color-4)","background-image":"","background-repeat":"repeat","background-position":"center center","background-size":"auto","background-attachment":"scroll","background-type":"","background-media":"","overlay-type":"","overlay-color":"","overlay-opacity":"","overlay-gradient":""}}},"product_brand":[],"product_cat":[4212,8480,8696,4226],"product_tag":[4535,4540,4536,4539,4542,4537,4541,4538],"class_list":{"0":"post-31331","1":"product","2":"type-product","3":"status-publish","4":"has-post-thumbnail","6":"product_cat-cabeamento-de-rede","7":"product_cat-cabos-de-ligacao-rj45","8":"product_cat-categoria-6-utp-pt-pt","9":"product_cat-rede-de-par-trancado-de-cobre","10":"product_tag-cabo-ethernet","11":"product_tag-cabos-de-ligacao-rj45","12":"product_tag-categorias-de-par-entrancado","13":"product_tag-conectores-rj45-pt-pt","14":"product_tag-fio-de-cobre","15":"product_tag-ftp-par-trancado","16":"product_tag-painel-19","17":"product_tag-par-trancado-upt","18":"desktop-align-left","19":"tablet-align-left","20":"mobile-align-left","22":"first","23":"instock","24":"shipping-taxable","25":"product-type-simple"},"_links":{"self":[{"href":"https:\/\/gtlan.com\/pt-pt\/wp-json\/wp\/v2\/product\/31331","targetHints":{"allow":["GET"]}}],"collection":[{"href":"https:\/\/gtlan.com\/pt-pt\/wp-json\/wp\/v2\/product"}],"about":[{"href":"https:\/\/gtlan.com\/pt-pt\/wp-json\/wp\/v2\/types\/product"}],"wp:featuredmedia":[{"embeddable":true,"href":"https:\/\/gtlan.com\/pt-pt\/wp-json\/wp\/v2\/media\/32878"}],"wp:attachment":[{"href":"https:\/\/gtlan.com\/pt-pt\/wp-json\/wp\/v2\/media?parent=31331"}],"wp:term":[{"taxonomy":"product_brand","embeddable":true,"href":"https:\/\/gtlan.com\/pt-pt\/wp-json\/wp\/v2\/product_brand?post=31331"},{"taxonomy":"product_cat","embeddable":true,"href":"https:\/\/gtlan.com\/pt-pt\/wp-json\/wp\/v2\/product_cat?post=31331"},{"taxonomy":"product_tag","embeddable":true,"href":"https:\/\/gtlan.com\/pt-pt\/wp-json\/wp\/v2\/product_tag?post=31331"}],"curies":[{"name":"wp","href":"https:\/\/api.w.org\/{rel}","templated":true}]}}