{"id":31339,"date":"2024-08-14T08:46:26","date_gmt":"2024-08-14T06:46:26","guid":{"rendered":"https:\/\/gtlan.com\/producto\/patchcord-rj45-c-6-utp-pvc-2-m\/"},"modified":"2025-07-09T11:22:35","modified_gmt":"2025-07-09T09:22:35","slug":"patchcord-rj45-c-6-utp-pvc-2-m","status":"publish","type":"product","link":"https:\/\/gtlan.com\/pt-pt\/producto\/patchcord-rj45-c-6-utp-pvc-2-m\/","title":{"rendered":"Patchcord RJ45 C-6 UTP, PVC, 2 m"},"content":{"rendered":"<p data-start=\"554\" data-end=\"886\">A mangueira de rede  <strong data-start=\"575\" data-end=\"594\">RJ45 Cat. 6 UTP <\/strong>  O cabo de 2 metros de comprimento <strong data-start=\"598\" data-end=\"607\">da GTLAN<\/strong> foi concebido para proporcionar conetividade de elevado desempenho em redes <strong data-start=\"704\" data-end=\"741\">Ethernet padr\u00e3o at\u00e9 1 Gbps<\/strong>. Fabricado em <strong data-start=\"757\" data-end=\"801\">cabo de par entran\u00e7ado com um bra\u00e7o cruzado antidiaf\u00f3nico<\/strong>, garante uma excelente separa\u00e7\u00e3o entre pares, reduzindo as interfer\u00eancias internas. <\/p>\n<p data-start=\"888\" data-end=\"1230\">O seu <strong data-start=\"891\" data-end=\"910\">revestimento em PVC<\/strong> <strong data-start=\"920\" data-end=\"937\">cinzento RAL 7035<\/strong> oferece uma boa resist\u00eancia mec\u00e2nica e flexibilidade, tornando-o perfeito para escrit\u00f3rios, salas de aula, arm\u00e1rios de telecomunica\u00e7\u00f5es e bastidores. Os conectores RJ45 s\u00e3o fabricados com <strong data-start=\"1115\" data-end=\"1150\">contactos banhados a ouro de 3 \u00b5<\/strong>, garantindo uma transmiss\u00e3o de dados fi\u00e1vel e resist\u00eancia \u00e0 corros\u00e3o. <\/p>\n<p data-start=\"1232\" data-end=\"1394\">Inclui uma <strong data-start=\"1240\" data-end=\"1288\">tampa moldada por inje\u00e7\u00e3o com prote\u00e7\u00e3o da flange<\/strong>, que aumenta a durabilidade (at\u00e9 <strong data-start=\"1327\" data-end=\"1345\">750 liga\u00e7\u00f5es<\/strong>) e facilita o manuseamento em instala\u00e7\u00f5es t\u00e9cnicas.<\/p>\n<p data-start=\"1396\" data-end=\"1436\"><strong data-start=\"1396\" data-end=\"1436\">Destaques t\u00e9cnicos:<\/strong><\/p>\n<ul data-start=\"1437\" data-end=\"1953\">\n<li data-start=\"1437\" data-end=\"1462\">\n<p data-start=\"1439\" data-end=\"1462\">Categoria: 6 (1 Gbps)<\/p>\n<\/li>\n<li data-start=\"1463\" data-end=\"1485\">\n<p data-start=\"1465\" data-end=\"1485\">Comprimento: 2 metros<\/p>\n<\/li>\n<li data-start=\"1486\" data-end=\"1534\">\n<p data-start=\"1488\" data-end=\"1534\">Tipo de cabo: UTP com cruzeta anti-diaf\u00f3nica<\/p>\n<\/li>\n<li data-start=\"1535\" data-end=\"1546\">\n<p data-start=\"1537\" data-end=\"1546\">AWG: 26<\/p>\n<\/li>\n<li data-start=\"1547\" data-end=\"1576\">\n<p data-start=\"1549\" data-end=\"1576\">Di\u00e2metro exterior: 5,3 mm<\/p>\n<\/li>\n<li data-start=\"1577\" data-end=\"1603\">\n<p data-start=\"1579\" data-end=\"1603\">Tipo de conetor: RJ45<\/p>\n<\/li>\n<li data-start=\"1604\" data-end=\"1643\">\n<p data-start=\"1606\" data-end=\"1643\">Revestimento dos contactos: Ouro 3 \u00b5<\/p>\n<\/li>\n<li data-start=\"1644\" data-end=\"1692\">\n<p data-start=\"1646\" data-end=\"1692\">Material do conetor: N\u00edquel + bronze fosforoso<\/p>\n<\/li>\n<li data-start=\"1693\" data-end=\"1742\">\n<p data-start=\"1695\" data-end=\"1742\">Tampa: Injectada com prote\u00e7\u00e3o de flange<\/p>\n<\/li>\n<li data-start=\"1743\" data-end=\"1767\">\n<p data-start=\"1745\" data-end=\"1767\">Cor: Cinzento RAL 7035<\/p>\n<\/li>\n<li data-start=\"1768\" data-end=\"1785\">\n<p data-start=\"1770\" data-end=\"1785\">Tampa: PVC<\/p>\n<\/li>\n<li data-start=\"1786\" data-end=\"1823\">\n<p data-start=\"1788\" data-end=\"1823\">Durabilidade: At\u00e9 750 liga\u00e7\u00f5es<\/p>\n<\/li>\n<li data-start=\"1824\" data-end=\"1854\">\n<p data-start=\"1826\" data-end=\"1854\">Certifica\u00e7\u00f5es: CE e RoHS<\/p>\n<\/li>\n<li data-start=\"1855\" data-end=\"1953\">\n<p data-start=\"1857\" data-end=\"1870\">Regulamentos:<\/p>\n<ul data-start=\"1873\" data-end=\"1953\">\n<li data-start=\"1873\" data-end=\"1905\">\n<p data-start=\"1875\" data-end=\"1905\">ANSI\/TIA\/EIA 568.2-E (Cat.6)<\/p>\n<\/li>\n<li data-start=\"1908\" data-end=\"1937\">\n<p data-start=\"1910\" data-end=\"1937\">ISO\/IEC 11801-1 (Classe E)<\/p>\n<\/li>\n<li data-start=\"1940\" data-end=\"1953\">\n<p data-start=\"1942\" data-end=\"1953\">IEC 60603-7<\/p>\n<\/li>\n<\/ul>\n<\/li>\n<\/ul>\n<p data-start=\"1955\" data-end=\"1980\"><strong data-start=\"1955\" data-end=\"1980\">Aplica\u00e7\u00f5es ideais:<\/strong><\/p>\n<ul data-start=\"1981\" data-end=\"2217\">\n<li data-start=\"1981\" data-end=\"2038\">\n<p data-start=\"1983\" data-end=\"2038\">LANs em escrit\u00f3rios, salas de aula e ambientes residenciais<\/p>\n<\/li>\n<li data-start=\"2039\" data-end=\"2081\">\n<p data-start=\"2041\" data-end=\"2081\">Pain\u00e9is de liga\u00e7\u00e3o, comutadores e routers<\/p>\n<\/li>\n<li data-start=\"2082\" data-end=\"2144\">\n<p data-start=\"2084\" data-end=\"2144\">Instala\u00e7\u00f5es de cablagem estruturada sem blindagem<\/p>\n<\/li>\n<li data-start=\"2145\" data-end=\"2217\">\n<p data-start=\"2147\" data-end=\"2217\">Projectos que exigem um desempenho est\u00e1vel e facilidade de instala\u00e7\u00e3o<\/p>\n<\/li>\n<\/ul>\n<p data-start=\"2219\" data-end=\"2376\">Este cabo de liga\u00e7\u00e3o <strong data-start=\"2238\" data-end=\"2247\">GTLAN<\/strong> combina fiabilidade, durabilidade e conformidade regulamentar para ambientes onde \u00e9 necess\u00e1ria uma conetividade eficiente e econ\u00f3mica.<\/p>\n","protected":false},"excerpt":{"rendered":"<p>Patch cable RJ45 Cat. 6 UTP, 2 m, com bainha em PVC cinzento RAL 7035. Cabo entran\u00e7ado com cruzeta anti-diaf\u00f3nica, conectores banhados a ouro de 3 \u00b5, tampa injectada e certifica\u00e7\u00f5es CE e RoHS. Ideal para redes LAN standard.   <\/p>\n<h6><a href=\"https:\/\/gtlan.com\/wp-content\/uploads\/ftgtlan\/50U62GRK.pdf\" target=\"_blank\" rel=\"noopener\"><strong>\u21e9 Dados t\u00e9cnicos <\/strong><strong>\u21e9 <\/strong> <\/a><\/h6>\n<h6><\/h6>\n<h6><\/h6>\n","protected":false},"featured_media":32869,"template":"","meta":{"site-sidebar-layout":"default","site-content-layout":"","ast-site-content-layout":"default","site-content-style":"default","site-sidebar-style":"default","ast-global-header-display":"","ast-banner-title-visibility":"","ast-main-header-display":"","ast-hfb-above-header-display":"","ast-hfb-below-header-display":"","ast-hfb-mobile-header-display":"","site-post-title":"","ast-breadcrumbs-content":"","ast-featured-img":"","footer-sml-layout":"","ast-disable-related-posts":"","theme-transparent-header-meta":"default","adv-header-id-meta":"","stick-header-meta":"","header-above-stick-meta":"","header-main-stick-meta":"","header-below-stick-meta":"","astra-migrate-meta-layouts":"default","ast-page-background-enabled":"default","ast-page-background-meta":{"desktop":{"background-color":"var(--ast-global-color-5)","background-image":"","background-repeat":"repeat","background-position":"center center","background-size":"auto","background-attachment":"scroll","background-type":"","background-media":"","overlay-type":"","overlay-color":"","overlay-opacity":"","overlay-gradient":""},"tablet":{"background-color":"","background-image":"","background-repeat":"repeat","background-position":"center center","background-size":"auto","background-attachment":"scroll","background-type":"","background-media":"","overlay-type":"","overlay-color":"","overlay-opacity":"","overlay-gradient":""},"mobile":{"background-color":"","background-image":"","background-repeat":"repeat","background-position":"center center","background-size":"auto","background-attachment":"scroll","background-type":"","background-media":"","overlay-type":"","overlay-color":"","overlay-opacity":"","overlay-gradient":""}},"ast-content-background-meta":{"desktop":{"background-color":"var(--ast-global-color-4)","background-image":"","background-repeat":"repeat","background-position":"center center","background-size":"auto","background-attachment":"scroll","background-type":"","background-media":"","overlay-type":"","overlay-color":"","overlay-opacity":"","overlay-gradient":""},"tablet":{"background-color":"var(--ast-global-color-4)","background-image":"","background-repeat":"repeat","background-position":"center center","background-size":"auto","background-attachment":"scroll","background-type":"","background-media":"","overlay-type":"","overlay-color":"","overlay-opacity":"","overlay-gradient":""},"mobile":{"background-color":"var(--ast-global-color-4)","background-image":"","background-repeat":"repeat","background-position":"center center","background-size":"auto","background-attachment":"scroll","background-type":"","background-media":"","overlay-type":"","overlay-color":"","overlay-opacity":"","overlay-gradient":""}}},"product_brand":[],"product_cat":[4212,8480,8696,4226],"product_tag":[4535,4540,4536,4539,4542,4537,4541,4538],"class_list":{"0":"post-31339","1":"product","2":"type-product","3":"status-publish","4":"has-post-thumbnail","6":"product_cat-cabeamento-de-rede","7":"product_cat-cabos-de-ligacao-rj45","8":"product_cat-categoria-6-utp-pt-pt","9":"product_cat-rede-de-par-trancado-de-cobre","10":"product_tag-cabo-ethernet","11":"product_tag-cabos-de-ligacao-rj45","12":"product_tag-categorias-de-par-entrancado","13":"product_tag-conectores-rj45-pt-pt","14":"product_tag-fio-de-cobre","15":"product_tag-ftp-par-trancado","16":"product_tag-painel-19","17":"product_tag-par-trancado-upt","18":"desktop-align-left","19":"tablet-align-left","20":"mobile-align-left","22":"first","23":"instock","24":"shipping-taxable","25":"product-type-simple"},"_links":{"self":[{"href":"https:\/\/gtlan.com\/pt-pt\/wp-json\/wp\/v2\/product\/31339","targetHints":{"allow":["GET"]}}],"collection":[{"href":"https:\/\/gtlan.com\/pt-pt\/wp-json\/wp\/v2\/product"}],"about":[{"href":"https:\/\/gtlan.com\/pt-pt\/wp-json\/wp\/v2\/types\/product"}],"wp:featuredmedia":[{"embeddable":true,"href":"https:\/\/gtlan.com\/pt-pt\/wp-json\/wp\/v2\/media\/32869"}],"wp:attachment":[{"href":"https:\/\/gtlan.com\/pt-pt\/wp-json\/wp\/v2\/media?parent=31339"}],"wp:term":[{"taxonomy":"product_brand","embeddable":true,"href":"https:\/\/gtlan.com\/pt-pt\/wp-json\/wp\/v2\/product_brand?post=31339"},{"taxonomy":"product_cat","embeddable":true,"href":"https:\/\/gtlan.com\/pt-pt\/wp-json\/wp\/v2\/product_cat?post=31339"},{"taxonomy":"product_tag","embeddable":true,"href":"https:\/\/gtlan.com\/pt-pt\/wp-json\/wp\/v2\/product_tag?post=31339"}],"curies":[{"name":"wp","href":"https:\/\/api.w.org\/{rel}","templated":true}]}}