{"id":31342,"date":"2024-08-14T08:46:24","date_gmt":"2024-08-14T06:46:24","guid":{"rendered":"https:\/\/gtlan.com\/producto\/patchcord-rj45-c-6-utp-pvc-10-m\/"},"modified":"2025-07-09T11:36:23","modified_gmt":"2025-07-09T09:36:23","slug":"patchcord-rj45-c-6-utp-pvc-10-m","status":"publish","type":"product","link":"https:\/\/gtlan.com\/pt-pt\/producto\/patchcord-rj45-c-6-utp-pvc-10-m\/","title":{"rendered":"Patchcord RJ45 C-6 UTP, PVC, 10 m"},"content":{"rendered":"<p data-start=\"562\" data-end=\"903\">O chicote  <strong data-start=\"576\" data-end=\"608\">RJ45 Cat. 6 UTP 10 metros <\/strong>  da <strong data-start=\"612\" data-end=\"621\">GTLAN<\/strong> \u00e9 a solu\u00e7\u00e3o ideal para liga\u00e7\u00f5es de rede de longo alcance, garantindo uma transmiss\u00e3o fi\u00e1vel e est\u00e1vel em redes Ethernet standard at\u00e9 <strong data-start=\"767\" data-end=\"777\">1 Gbps.<\/strong> Recomendado para instala\u00e7\u00f5es em escrit\u00f3rios, salas de aula, bastidores de telecomunica\u00e7\u00f5es e ambientes onde \u00e9 necess\u00e1ria uma maior dist\u00e2ncia. <\/p>\n<p data-start=\"905\" data-end=\"1152\">O seu cabo <strong data-start=\"914\" data-end=\"947\">UTP com bra\u00e7o cruzado antidiaf\u00f3nico<\/strong> melhora a separa\u00e7\u00e3o entre pares e reduz as interfer\u00eancias internas, garantindo uma maior qualidade do sinal. O revestimento <strong data-start=\"1065\" data-end=\"1086\">em PVC cinzento RAL 7035<\/strong> proporciona resist\u00eancia, flexibilidade e facilidade de instala\u00e7\u00e3o. <\/p>\n<p data-start=\"1154\" data-end=\"1334\">Os conectores RJ45 possuem <strong data-start=\"1183\" data-end=\"1218\">contactos banhados a ouro de 3 \u00b5<\/strong>, com uma <strong data-start=\"1224\" data-end=\"1269\">tampa injectada e<\/strong> um <strong data-start=\"1224\" data-end=\"1269\">protetor de flange<\/strong>, oferecendo uma durabilidade de at\u00e9 <strong data-start=\"1307\" data-end=\"1333\">750 ciclos de liga\u00e7\u00e3o<\/strong>.<\/p>\n<p data-start=\"1336\" data-end=\"1376\"><strong data-start=\"1336\" data-end=\"1376\">Destaques t\u00e9cnicos:<\/strong><\/p>\n<ul data-start=\"1377\" data-end=\"1910\">\n<li data-start=\"1377\" data-end=\"1408\">\n<p data-start=\"1379\" data-end=\"1408\">Categoria: 6 (at\u00e9 1 Gbps)<\/p>\n<\/li>\n<li data-start=\"1409\" data-end=\"1432\">\n<p data-start=\"1411\" data-end=\"1432\">Comprimento: 10 metros<\/p>\n<\/li>\n<li data-start=\"1433\" data-end=\"1481\">\n<p data-start=\"1435\" data-end=\"1481\">Tipo de cabo: UTP com cruzeta anti-diaf\u00f3nica<\/p>\n<\/li>\n<li data-start=\"1482\" data-end=\"1501\">\n<p data-start=\"1484\" data-end=\"1501\">Bitola: AWG 26<\/p>\n<\/li>\n<li data-start=\"1502\" data-end=\"1531\">\n<p data-start=\"1504\" data-end=\"1531\">Di\u00e2metro exterior: 5,3 mm<\/p>\n<\/li>\n<li data-start=\"1532\" data-end=\"1558\">\n<p data-start=\"1534\" data-end=\"1558\">Tipo de conetor: RJ45<\/p>\n<\/li>\n<li data-start=\"1559\" data-end=\"1598\">\n<p data-start=\"1561\" data-end=\"1598\">Revestimento dos contactos: Ouro 3 \u00b5<\/p>\n<\/li>\n<li data-start=\"1599\" data-end=\"1651\">\n<p data-start=\"1601\" data-end=\"1651\">Material do conetor: N\u00edquel + bronze fosforoso<\/p>\n<\/li>\n<li data-start=\"1652\" data-end=\"1701\">\n<p data-start=\"1654\" data-end=\"1701\">Tampa: Injectada com prote\u00e7\u00e3o de flange<\/p>\n<\/li>\n<li data-start=\"1702\" data-end=\"1726\">\n<p data-start=\"1704\" data-end=\"1726\">Cor: Cinzento RAL 7035<\/p>\n<\/li>\n<li data-start=\"1727\" data-end=\"1744\">\n<p data-start=\"1729\" data-end=\"1744\">Tampa: PVC<\/p>\n<\/li>\n<li data-start=\"1745\" data-end=\"1782\">\n<p data-start=\"1747\" data-end=\"1782\">Durabilidade: At\u00e9 750 liga\u00e7\u00f5es<\/p>\n<\/li>\n<li data-start=\"1783\" data-end=\"1813\">\n<p data-start=\"1785\" data-end=\"1813\">Certifica\u00e7\u00f5es: CE e RoHS<\/p>\n<\/li>\n<li data-start=\"1814\" data-end=\"1910\">\n<p data-start=\"1816\" data-end=\"1829\">Regulamentos:<\/p>\n<ul data-start=\"1832\" data-end=\"1910\">\n<li data-start=\"1832\" data-end=\"1864\">\n<p data-start=\"1834\" data-end=\"1864\">ANSI\/TIA\/EIA 568.2-E (Cat.6)<\/p>\n<\/li>\n<li data-start=\"1867\" data-end=\"1894\">\n<p data-start=\"1869\" data-end=\"1894\">ISO\/IEC 11801-1 Classe E<\/p>\n<\/li>\n<li data-start=\"1897\" data-end=\"1910\">\n<p data-start=\"1899\" data-end=\"1910\">IEC 60603-7<\/p>\n<\/li>\n<\/ul>\n<\/li>\n<\/ul>\n<p data-start=\"1912\" data-end=\"1937\"><strong data-start=\"1912\" data-end=\"1937\">Aplica\u00e7\u00f5es ideais:<\/strong><\/p>\n<ul data-start=\"1938\" data-end=\"2140\">\n<li data-start=\"1938\" data-end=\"1968\">\n<p data-start=\"1940\" data-end=\"1968\">LANs de longo alcance<\/p>\n<\/li>\n<li data-start=\"1969\" data-end=\"2018\">\n<p data-start=\"1971\" data-end=\"2018\">Liga\u00e7\u00e3o entre arm\u00e1rios de telecomunica\u00e7\u00f5es<\/p>\n<\/li>\n<li data-start=\"2019\" data-end=\"2078\">\n<p data-start=\"2021\" data-end=\"2078\">Instala\u00e7\u00f5es em escrit\u00f3rios, escolas e resid\u00eancias<\/p>\n<\/li>\n<li data-start=\"2079\" data-end=\"2140\">\n<p data-start=\"2081\" data-end=\"2140\">Cablagem estruturada sem necessidade de blindagem<\/p>\n<\/li>\n<\/ul>\n<p data-start=\"2142\" data-end=\"2303\">Este cabo de liga\u00e7\u00e3o <strong data-start=\"2161\" data-end=\"2170\">GTLAN<\/strong> combina desempenho, durabilidade e facilidade de instala\u00e7\u00e3o para garantir uma conetividade fi\u00e1vel em redes profissionais e dom\u00e9sticas.<\/p>\n","protected":false},"excerpt":{"rendered":"<p>Cabo de liga\u00e7\u00e3o RJ45 Cat. 6 UTP, 10 m. Cabo com cruzeta anti-diaf\u00f3nica e bainha em PVC cinzento RAL 7035. Conectores RJ45 banhados a ouro de 3 \u00b5 com tampa injectada. Ideal para redes Ethernet standard. Certificado CE e RoHS.     <\/p>\n<h6><a href=\"https:\/\/gtlan.com\/wp-content\/uploads\/ftgtlan\/50U610GRK.pdf\" target=\"_blank\" rel=\"noopener\"><strong>\u21e9 Dados t\u00e9cnicos <\/strong><strong>\u21e9 <\/strong> <\/a><\/h6>\n<h6><\/h6>\n<h6><\/h6>\n","protected":false},"featured_media":32895,"template":"","meta":{"site-sidebar-layout":"default","site-content-layout":"","ast-site-content-layout":"default","site-content-style":"default","site-sidebar-style":"default","ast-global-header-display":"","ast-banner-title-visibility":"","ast-main-header-display":"","ast-hfb-above-header-display":"","ast-hfb-below-header-display":"","ast-hfb-mobile-header-display":"","site-post-title":"","ast-breadcrumbs-content":"","ast-featured-img":"","footer-sml-layout":"","ast-disable-related-posts":"","theme-transparent-header-meta":"default","adv-header-id-meta":"","stick-header-meta":"","header-above-stick-meta":"","header-main-stick-meta":"","header-below-stick-meta":"","astra-migrate-meta-layouts":"default","ast-page-background-enabled":"default","ast-page-background-meta":{"desktop":{"background-color":"var(--ast-global-color-5)","background-image":"","background-repeat":"repeat","background-position":"center center","background-size":"auto","background-attachment":"scroll","background-type":"","background-media":"","overlay-type":"","overlay-color":"","overlay-opacity":"","overlay-gradient":""},"tablet":{"background-color":"","background-image":"","background-repeat":"repeat","background-position":"center center","background-size":"auto","background-attachment":"scroll","background-type":"","background-media":"","overlay-type":"","overlay-color":"","overlay-opacity":"","overlay-gradient":""},"mobile":{"background-color":"","background-image":"","background-repeat":"repeat","background-position":"center center","background-size":"auto","background-attachment":"scroll","background-type":"","background-media":"","overlay-type":"","overlay-color":"","overlay-opacity":"","overlay-gradient":""}},"ast-content-background-meta":{"desktop":{"background-color":"var(--ast-global-color-4)","background-image":"","background-repeat":"repeat","background-position":"center center","background-size":"auto","background-attachment":"scroll","background-type":"","background-media":"","overlay-type":"","overlay-color":"","overlay-opacity":"","overlay-gradient":""},"tablet":{"background-color":"var(--ast-global-color-4)","background-image":"","background-repeat":"repeat","background-position":"center center","background-size":"auto","background-attachment":"scroll","background-type":"","background-media":"","overlay-type":"","overlay-color":"","overlay-opacity":"","overlay-gradient":""},"mobile":{"background-color":"var(--ast-global-color-4)","background-image":"","background-repeat":"repeat","background-position":"center center","background-size":"auto","background-attachment":"scroll","background-type":"","background-media":"","overlay-type":"","overlay-color":"","overlay-opacity":"","overlay-gradient":""}}},"product_brand":[],"product_cat":[4212,8480,8696,4226],"product_tag":[4535,4540,4536,4539,4542,4537,4541,4538],"class_list":{"0":"post-31342","1":"product","2":"type-product","3":"status-publish","4":"has-post-thumbnail","6":"product_cat-cabeamento-de-rede","7":"product_cat-cabos-de-ligacao-rj45","8":"product_cat-categoria-6-utp-pt-pt","9":"product_cat-rede-de-par-trancado-de-cobre","10":"product_tag-cabo-ethernet","11":"product_tag-cabos-de-ligacao-rj45","12":"product_tag-categorias-de-par-entrancado","13":"product_tag-conectores-rj45-pt-pt","14":"product_tag-fio-de-cobre","15":"product_tag-ftp-par-trancado","16":"product_tag-painel-19","17":"product_tag-par-trancado-upt","18":"desktop-align-left","19":"tablet-align-left","20":"mobile-align-left","22":"first","23":"instock","24":"shipping-taxable","25":"product-type-simple"},"_links":{"self":[{"href":"https:\/\/gtlan.com\/pt-pt\/wp-json\/wp\/v2\/product\/31342","targetHints":{"allow":["GET"]}}],"collection":[{"href":"https:\/\/gtlan.com\/pt-pt\/wp-json\/wp\/v2\/product"}],"about":[{"href":"https:\/\/gtlan.com\/pt-pt\/wp-json\/wp\/v2\/types\/product"}],"wp:featuredmedia":[{"embeddable":true,"href":"https:\/\/gtlan.com\/pt-pt\/wp-json\/wp\/v2\/media\/32895"}],"wp:attachment":[{"href":"https:\/\/gtlan.com\/pt-pt\/wp-json\/wp\/v2\/media?parent=31342"}],"wp:term":[{"taxonomy":"product_brand","embeddable":true,"href":"https:\/\/gtlan.com\/pt-pt\/wp-json\/wp\/v2\/product_brand?post=31342"},{"taxonomy":"product_cat","embeddable":true,"href":"https:\/\/gtlan.com\/pt-pt\/wp-json\/wp\/v2\/product_cat?post=31342"},{"taxonomy":"product_tag","embeddable":true,"href":"https:\/\/gtlan.com\/pt-pt\/wp-json\/wp\/v2\/product_tag?post=31342"}],"curies":[{"name":"wp","href":"https:\/\/api.w.org\/{rel}","templated":true}]}}