{"id":31399,"date":"2024-08-14T08:46:04","date_gmt":"2024-08-14T06:46:04","guid":{"rendered":"https:\/\/gtlan.com\/producto\/c-6-lszh-dca-s2d2a1-500mt-cabo-utp-rigido-c-6-lszh-dca-s2d2a1-500mt\/"},"modified":"2025-07-10T10:08:21","modified_gmt":"2025-07-10T08:08:21","slug":"c-6-lszh-dca-s2d2a1-500mt-cabo-utp-rigido-c-6-lszh-dca-s2d2a1-500mt","status":"publish","type":"product","link":"https:\/\/gtlan.com\/pt-pt\/producto\/c-6-lszh-dca-s2d2a1-500mt-cabo-utp-rigido-c-6-lszh-dca-s2d2a1-500mt\/","title":{"rendered":"C-6 LSZH Dca-s2,d2,a1 500MT CABO UTP R\u00cdGIDO C-6 LSZH Dca-s2,d2,a1 500MT"},"content":{"rendered":"<p data-start=\"655\" data-end=\"1030\">O cabo r\u00edgido <strong data-start=\"675\" data-end=\"685\">Cat. 6<\/strong> UTP <strong data-start=\"689\" data-end=\"698\">da GTLAN<\/strong> \u00e9 uma solu\u00e7\u00e3o profissional para instala\u00e7\u00f5es interiores de redes de voz e dados. Com um comprimento de <strong data-start=\"802\" data-end=\"816\">500 metros<\/strong>, este cabo n\u00e3o blindado \u00e9 fabricado com <strong data-start=\"868\" data-end=\"903\">um condutor de cobre s\u00f3lido AWG24<\/strong> e oferece um excelente desempenho em sistemas at\u00e9 <strong data-start=\"959\" data-end=\"970\">250 MHz<\/strong>, suportando velocidades de transmiss\u00e3o at\u00e9 <strong data-start=\"1019\" data-end=\"1029\">1 Gbps<\/strong>. <\/p>\n<p data-start=\"1032\" data-end=\"1429\">A sua cobertura <strong data-start=\"1044\" data-end=\"1059\">branca LSZH<\/strong> reduz a emiss\u00e3o de fumos e gases t\u00f3xicos em caso de inc\u00eandio, o que a torna uma op\u00e7\u00e3o ideal para instala\u00e7\u00f5es em ambientes cr\u00edticos como escrit\u00f3rios, hospitais, centros educativos ou edif\u00edcios p\u00fablicos. Al\u00e9m disso, possui a classifica\u00e7\u00e3o <strong data-start=\"1305\" data-end=\"1325\">CPR Dca-s2,d2,a1,<\/strong> garantindo um elevado n\u00edvel de seguran\u00e7a contra inc\u00eandios e o cumprimento das normas europeias. <\/p>\n<p data-start=\"1431\" data-end=\"1670\">O cabo foi concebido para aplica\u00e7\u00f5es de cablagem estruturada, compat\u00edvel com as configura\u00e7\u00f5es T568A e T568B, e adequado para sistemas que exigem uma infraestrutura fi\u00e1vel e duradoura em calhas, tabuleiros ou pistas.<\/p>\n","protected":false},"excerpt":{"rendered":"<h6>Cabo UTP r\u00edgido Cat. 6 de 500 m com bainha LSZH branca e classifica\u00e7\u00e3o CPR Dca-s2,d2,a1. Ideal para cablagem estruturada em interiores. Cumpre as normas ISO\/IEC 11801-1, TIA\/EIA 568.2-E, CE e RoHS.   <\/h6>\n<h6><a href=\"https:\/\/gtlan.com\/wp-content\/uploads\/ftgtlan\/50NU6DCA5.pdf\" target=\"_blank\" rel=\"noopener\"><strong>\u21e9 Dados t\u00e9cnicos <\/strong><strong>\u21e9 <\/strong> <\/a><\/h6>\n<h6><\/h6>\n<h6><\/h6>\n","protected":false},"featured_media":32915,"template":"","meta":{"site-sidebar-layout":"default","site-content-layout":"","ast-site-content-layout":"default","site-content-style":"default","site-sidebar-style":"default","ast-global-header-display":"","ast-banner-title-visibility":"","ast-main-header-display":"","ast-hfb-above-header-display":"","ast-hfb-below-header-display":"","ast-hfb-mobile-header-display":"","site-post-title":"","ast-breadcrumbs-content":"","ast-featured-img":"","footer-sml-layout":"","ast-disable-related-posts":"","theme-transparent-header-meta":"default","adv-header-id-meta":"","stick-header-meta":"","header-above-stick-meta":"","header-main-stick-meta":"","header-below-stick-meta":"","astra-migrate-meta-layouts":"default","ast-page-background-enabled":"default","ast-page-background-meta":{"desktop":{"background-color":"var(--ast-global-color-5)","background-image":"","background-repeat":"repeat","background-position":"center center","background-size":"auto","background-attachment":"scroll","background-type":"","background-media":"","overlay-type":"","overlay-color":"","overlay-opacity":"","overlay-gradient":""},"tablet":{"background-color":"","background-image":"","background-repeat":"repeat","background-position":"center center","background-size":"auto","background-attachment":"scroll","background-type":"","background-media":"","overlay-type":"","overlay-color":"","overlay-opacity":"","overlay-gradient":""},"mobile":{"background-color":"","background-image":"","background-repeat":"repeat","background-position":"center center","background-size":"auto","background-attachment":"scroll","background-type":"","background-media":"","overlay-type":"","overlay-color":"","overlay-opacity":"","overlay-gradient":""}},"ast-content-background-meta":{"desktop":{"background-color":"var(--ast-global-color-4)","background-image":"","background-repeat":"repeat","background-position":"center center","background-size":"auto","background-attachment":"scroll","background-type":"","background-media":"","overlay-type":"","overlay-color":"","overlay-opacity":"","overlay-gradient":""},"tablet":{"background-color":"var(--ast-global-color-4)","background-image":"","background-repeat":"repeat","background-position":"center center","background-size":"auto","background-attachment":"scroll","background-type":"","background-media":"","overlay-type":"","overlay-color":"","overlay-opacity":"","overlay-gradient":""},"mobile":{"background-color":"var(--ast-global-color-4)","background-image":"","background-repeat":"repeat","background-position":"center center","background-size":"auto","background-attachment":"scroll","background-type":"","background-media":"","overlay-type":"","overlay-color":"","overlay-opacity":"","overlay-gradient":""}}},"product_brand":[],"product_cat":[4212,8811,8696,4226],"product_tag":[],"class_list":{"0":"post-31399","1":"product","2":"type-product","3":"status-publish","4":"has-post-thumbnail","6":"product_cat-cabeamento-de-rede","7":"product_cat-cabo-cat-6","8":"product_cat-categoria-6-utp-pt-pt","9":"product_cat-rede-de-par-trancado-de-cobre","10":"desktop-align-left","11":"tablet-align-left","12":"mobile-align-left","14":"first","15":"instock","16":"shipping-taxable","17":"product-type-simple"},"_links":{"self":[{"href":"https:\/\/gtlan.com\/pt-pt\/wp-json\/wp\/v2\/product\/31399","targetHints":{"allow":["GET"]}}],"collection":[{"href":"https:\/\/gtlan.com\/pt-pt\/wp-json\/wp\/v2\/product"}],"about":[{"href":"https:\/\/gtlan.com\/pt-pt\/wp-json\/wp\/v2\/types\/product"}],"wp:featuredmedia":[{"embeddable":true,"href":"https:\/\/gtlan.com\/pt-pt\/wp-json\/wp\/v2\/media\/32915"}],"wp:attachment":[{"href":"https:\/\/gtlan.com\/pt-pt\/wp-json\/wp\/v2\/media?parent=31399"}],"wp:term":[{"taxonomy":"product_brand","embeddable":true,"href":"https:\/\/gtlan.com\/pt-pt\/wp-json\/wp\/v2\/product_brand?post=31399"},{"taxonomy":"product_cat","embeddable":true,"href":"https:\/\/gtlan.com\/pt-pt\/wp-json\/wp\/v2\/product_cat?post=31399"},{"taxonomy":"product_tag","embeddable":true,"href":"https:\/\/gtlan.com\/pt-pt\/wp-json\/wp\/v2\/product_tag?post=31399"}],"curies":[{"name":"wp","href":"https:\/\/api.w.org\/{rel}","templated":true}]}}