{"id":31892,"date":"2025-04-23T12:03:42","date_gmt":"2025-04-23T10:03:42","guid":{"rendered":"https:\/\/gtlan.com\/?post_type=product&#038;p=31892"},"modified":"2025-04-23T12:07:15","modified_gmt":"2025-04-23T10:07:15","slug":"tabuleiro-ajustavel-de-19-com-4-pontos-de-fixacao-para-rack-de-1000-mm-de-profundidade-f800mm-copia-2","status":"publish","type":"product","link":"https:\/\/gtlan.com\/pt-pt\/producto\/tabuleiro-ajustavel-de-19-com-4-pontos-de-fixacao-para-rack-de-1000-mm-de-profundidade-f800mm-copia-2\/","title":{"rendered":"Tabuleiro de 19&#8243; com 4 pontos de fixa\u00e7\u00e3o ajust\u00e1veis para rack de 800 mm de profundidade (F550mm)"},"content":{"rendered":"<p>Tabuleiro de 19&#8243; com 4 pontos de fixa\u00e7\u00e3o ajust\u00e1veis para rack de 800 mm de profundidade (F550mm)<\/p>\n","protected":false},"excerpt":{"rendered":"<h6><a href=\"https:\/\/gtlan.com\/wp-content\/uploads\/ftgtlan\/31BAF800.pdf\" target=\"_blank\" rel=\"noopener\"><strong>\u21e9 Dados t\u00e9cnicos <\/strong><strong>\u21e9 <\/strong> <\/a><\/h6>\n<h6><\/h6>\n<h6><\/h6>\n","protected":false},"featured_media":0,"template":"","meta":{"site-sidebar-layout":"default","site-content-layout":"","ast-site-content-layout":"default","site-content-style":"default","site-sidebar-style":"default","ast-global-header-display":"","ast-banner-title-visibility":"","ast-main-header-display":"","ast-hfb-above-header-display":"","ast-hfb-below-header-display":"","ast-hfb-mobile-header-display":"","site-post-title":"","ast-breadcrumbs-content":"","ast-featured-img":"","footer-sml-layout":"","ast-disable-related-posts":"","theme-transparent-header-meta":"default","adv-header-id-meta":"","stick-header-meta":"","header-above-stick-meta":"","header-main-stick-meta":"","header-below-stick-meta":"","astra-migrate-meta-layouts":"set","ast-page-background-enabled":"default","ast-page-background-meta":{"desktop":{"background-color":"var(--ast-global-color-5)","background-image":"","background-repeat":"repeat","background-position":"center center","background-size":"auto","background-attachment":"scroll","background-type":"","background-media":"","overlay-type":"","overlay-color":"","overlay-opacity":"","overlay-gradient":""},"tablet":{"background-color":"","background-image":"","background-repeat":"repeat","background-position":"center center","background-size":"auto","background-attachment":"scroll","background-type":"","background-media":"","overlay-type":"","overlay-color":"","overlay-opacity":"","overlay-gradient":""},"mobile":{"background-color":"","background-image":"","background-repeat":"repeat","background-position":"center center","background-size":"auto","background-attachment":"scroll","background-type":"","background-media":"","overlay-type":"","overlay-color":"","overlay-opacity":"","overlay-gradient":""}},"ast-content-background-meta":{"desktop":{"background-color":"var(--ast-global-color-4)","background-image":"","background-repeat":"repeat","background-position":"center center","background-size":"auto","background-attachment":"scroll","background-type":"","background-media":"","overlay-type":"","overlay-color":"","overlay-opacity":"","overlay-gradient":""},"tablet":{"background-color":"var(--ast-global-color-4)","background-image":"","background-repeat":"repeat","background-position":"center center","background-size":"auto","background-attachment":"scroll","background-type":"","background-media":"","overlay-type":"","overlay-color":"","overlay-opacity":"","overlay-gradient":""},"mobile":{"background-color":"var(--ast-global-color-4)","background-image":"","background-repeat":"repeat","background-position":"center center","background-size":"auto","background-attachment":"scroll","background-type":"","background-media":"","overlay-type":"","overlay-color":"","overlay-opacity":"","overlay-gradient":""}}},"product_brand":[],"product_cat":[4200,4230,4291,4202,4292],"product_tag":[4295,4293,4294,4298,4296,4297],"class_list":{"0":"post-31892","1":"product","2":"type-product","3":"status-publish","5":"product_cat-acessorios-de-rack","6":"product_cat-armarios-rack-pt-pt","7":"product_cat-armarios-rack-acessorios","8":"product_cat-bandejas-para-rack","9":"product_cat-tabuleiros-de-19","10":"product_tag-armario-de-parede","11":"product_tag-armario-de-rack","12":"product_tag-armario-rack-de-19","13":"product_tag-armario-rack-gtlan-pt-pt","14":"product_tag-armario-rack-para-computador","15":"product_tag-preco-do-armario-rack","16":"desktop-align-left","17":"tablet-align-left","18":"mobile-align-left","20":"first","21":"instock","22":"shipping-taxable","23":"product-type-simple"},"_links":{"self":[{"href":"https:\/\/gtlan.com\/pt-pt\/wp-json\/wp\/v2\/product\/31892","targetHints":{"allow":["GET"]}}],"collection":[{"href":"https:\/\/gtlan.com\/pt-pt\/wp-json\/wp\/v2\/product"}],"about":[{"href":"https:\/\/gtlan.com\/pt-pt\/wp-json\/wp\/v2\/types\/product"}],"wp:attachment":[{"href":"https:\/\/gtlan.com\/pt-pt\/wp-json\/wp\/v2\/media?parent=31892"}],"wp:term":[{"taxonomy":"product_brand","embeddable":true,"href":"https:\/\/gtlan.com\/pt-pt\/wp-json\/wp\/v2\/product_brand?post=31892"},{"taxonomy":"product_cat","embeddable":true,"href":"https:\/\/gtlan.com\/pt-pt\/wp-json\/wp\/v2\/product_cat?post=31892"},{"taxonomy":"product_tag","embeddable":true,"href":"https:\/\/gtlan.com\/pt-pt\/wp-json\/wp\/v2\/product_tag?post=31892"}],"curies":[{"name":"wp","href":"https:\/\/api.w.org\/{rel}","templated":true}]}}