{"id":32396,"date":"2025-05-13T11:02:46","date_gmt":"2025-05-13T09:02:46","guid":{"rendered":"https:\/\/gtlan.com\/producto\/estrutura-aberta-19-42u-ajustavel-profundidade-600-1000-mm-com-rodizios\/"},"modified":"2025-06-25T11:33:18","modified_gmt":"2025-06-25T09:33:18","slug":"estrutura-aberta-19-42u-ajustavel-profundidade-600-1000-mm-com-rodizios","status":"publish","type":"product","link":"https:\/\/gtlan.com\/pt-pt\/producto\/estrutura-aberta-19-42u-ajustavel-profundidade-600-1000-mm-com-rodizios\/","title":{"rendered":"Estrutura aberta 19&#8243;, 42U, AJUST\u00c1VEL, profundidade 600- 1000 mm, com rod\u00edzios"},"content":{"rendered":"<p>Rack aberto de 19&#8243;, 42U, ajust\u00e1vel, profundidade 600 &#8211; 1000 mm<\/p>\n<p><strong>Tabuleiros compat\u00edveis:<\/strong><br \/>\n<a href=\"https:\/\/gtlan.com\/pt-pt\/producto\/tabuleiros-de-suspensao-frontal-para-armarios-de-19-1u\/\"><strong>31GTBC66<\/strong> &#8211; BANDEJA 19&#8243; FRONT HANGING 1UC gtlan<\/a><br \/>\n<a href=\"https:\/\/gtlan.com\/pt-pt\/producto\/tabuleiros-de-suspensao-frontal-para-armarios-de-19-2u-2\/\"><strong>31GTBC662U<\/strong> &#8211; BANDEJA 19&#8243; FRONT HANGING 2UC gtlan<\/a><br \/>\n<a href=\"https:\/\/gtlan.com\/pt-pt\/producto\/tabuleiro-de-19-com-4-pontos-de-fixacao-ajustaveis-para-prateleiras-com-1000-mm-de-profundidade-copia\/\"><strong>31GTBAF600<\/strong> &#8211; BANDEJA 19&#8243; ADJUST\u00c1VEL 4 PONTOS F\/RACK F600 gtlan<\/a><\/p>\n<p>BANDEJA <strong>31GTBF66, N\u00c3O<\/strong> \u00e9 compat\u00edvel com esta estante (BANDEJA FIXA DE 19&#8243; PARA RACK F600 A600 AT\u00c9 50Kg gtlan)<\/p>\n","protected":false},"excerpt":{"rendered":"<p><strong><a href=\"https:\/\/gtlan.com\/wp-content\/uploads\/ftgtlan\/31GTBA42.pdf\" target=\"_blank\" rel=\"noopener\">\u21e9 Folha de dados \u21e9 Dados t\u00e9cnicos<\/a><\/strong><\/p>\n","protected":false},"featured_media":32595,"template":"","meta":{"site-sidebar-layout":"default","site-content-layout":"","ast-site-content-layout":"default","site-content-style":"default","site-sidebar-style":"default","ast-global-header-display":"","ast-banner-title-visibility":"","ast-main-header-display":"","ast-hfb-above-header-display":"","ast-hfb-below-header-display":"","ast-hfb-mobile-header-display":"","site-post-title":"","ast-breadcrumbs-content":"","ast-featured-img":"","footer-sml-layout":"","ast-disable-related-posts":"","theme-transparent-header-meta":"default","adv-header-id-meta":"","stick-header-meta":"","header-above-stick-meta":"","header-main-stick-meta":"","header-below-stick-meta":"","astra-migrate-meta-layouts":"default","ast-page-background-enabled":"default","ast-page-background-meta":{"desktop":{"background-color":"var(--ast-global-color-5)","background-image":"","background-repeat":"repeat","background-position":"center center","background-size":"auto","background-attachment":"scroll","background-type":"","background-media":"","overlay-type":"","overlay-color":"","overlay-opacity":"","overlay-gradient":""},"tablet":{"background-color":"","background-image":"","background-repeat":"repeat","background-position":"center center","background-size":"auto","background-attachment":"scroll","background-type":"","background-media":"","overlay-type":"","overlay-color":"","overlay-opacity":"","overlay-gradient":""},"mobile":{"background-color":"","background-image":"","background-repeat":"repeat","background-position":"center center","background-size":"auto","background-attachment":"scroll","background-type":"","background-media":"","overlay-type":"","overlay-color":"","overlay-opacity":"","overlay-gradient":""}},"ast-content-background-meta":{"desktop":{"background-color":"var(--ast-global-color-4)","background-image":"","background-repeat":"repeat","background-position":"center center","background-size":"auto","background-attachment":"scroll","background-type":"","background-media":"","overlay-type":"","overlay-color":"","overlay-opacity":"","overlay-gradient":""},"tablet":{"background-color":"var(--ast-global-color-4)","background-image":"","background-repeat":"repeat","background-position":"center center","background-size":"auto","background-attachment":"scroll","background-type":"","background-media":"","overlay-type":"","overlay-color":"","overlay-opacity":"","overlay-gradient":""},"mobile":{"background-color":"var(--ast-global-color-4)","background-image":"","background-repeat":"repeat","background-position":"center center","background-size":"auto","background-attachment":"scroll","background-type":"","background-media":"","overlay-type":"","overlay-color":"","overlay-opacity":"","overlay-gradient":""}}},"product_brand":[],"product_cat":[4668,4667,4230],"product_tag":[],"class_list":{"0":"post-32396","1":"product","2":"type-product","3":"status-publish","4":"has-post-thumbnail","6":"product_cat-abre-o-rack","7":"product_cat-armario-rack-42u","8":"product_cat-armarios-rack-pt-pt","9":"desktop-align-left","10":"tablet-align-left","11":"mobile-align-left","13":"first","14":"instock","15":"shipping-taxable","16":"product-type-simple"},"_links":{"self":[{"href":"https:\/\/gtlan.com\/pt-pt\/wp-json\/wp\/v2\/product\/32396","targetHints":{"allow":["GET"]}}],"collection":[{"href":"https:\/\/gtlan.com\/pt-pt\/wp-json\/wp\/v2\/product"}],"about":[{"href":"https:\/\/gtlan.com\/pt-pt\/wp-json\/wp\/v2\/types\/product"}],"wp:featuredmedia":[{"embeddable":true,"href":"https:\/\/gtlan.com\/pt-pt\/wp-json\/wp\/v2\/media\/32595"}],"wp:attachment":[{"href":"https:\/\/gtlan.com\/pt-pt\/wp-json\/wp\/v2\/media?parent=32396"}],"wp:term":[{"taxonomy":"product_brand","embeddable":true,"href":"https:\/\/gtlan.com\/pt-pt\/wp-json\/wp\/v2\/product_brand?post=32396"},{"taxonomy":"product_cat","embeddable":true,"href":"https:\/\/gtlan.com\/pt-pt\/wp-json\/wp\/v2\/product_cat?post=32396"},{"taxonomy":"product_tag","embeddable":true,"href":"https:\/\/gtlan.com\/pt-pt\/wp-json\/wp\/v2\/product_tag?post=32396"}],"curies":[{"name":"wp","href":"https:\/\/api.w.org\/{rel}","templated":true}]}}