{"id":32530,"date":"2025-06-13T11:05:38","date_gmt":"2025-06-13T09:05:38","guid":{"rendered":"https:\/\/gtlan.com\/?post_type=product&#038;p=32530"},"modified":"2025-06-13T11:12:05","modified_gmt":"2025-06-13T09:12:05","slug":"cabos-de-fibra-otica-12fo-om4-monotubo-para-interior-exterior-copia","status":"publish","type":"product","link":"https:\/\/gtlan.com\/pt-pt\/producto\/cabos-de-fibra-otica-12fo-om4-monotubo-para-interior-exterior-copia\/","title":{"rendered":"Cabos de fibra \u00f3tica 12FO SM unipolares para interior\/exterior"},"content":{"rendered":"<p data-start=\"392\" data-end=\"498\"><strong data-start=\"392\" data-end=\"498\">Cabo de fibra \u00f3tica monotubular SM 12FO &#8211; Interior\/Exterior | Precis\u00e3o e durabilidade em redes monomodo<\/strong><\/p>\n<p data-start=\"500\" data-end=\"855\">O <strong data-start=\"503\" data-end=\"561\">cabo de fibra \u00f3tica monotubular SM 12FO 12FO (Ref. 35FO12SM)<\/strong> foi concebido para aplica\u00e7\u00f5es de transmiss\u00e3o \u00f3tica de longo alcance com elevado desempenho e m\u00e1xima fiabilidade. Equipado com <strong data-start=\"688\" data-end=\"721\">12 fibras monomodo do tipo G652D<\/strong>, este cabo \u00e9 ideal para backbone, FTTx e telecomunica\u00e7\u00f5es de alta precis\u00e3o, tanto em ambientes interiores como exteriores. <\/p>\n<p data-start=\"857\" data-end=\"1086\">A sua constru\u00e7\u00e3o inclui um tubo central com gel de bloqueio, elementos de refor\u00e7o em <strong data-start=\"942\" data-end=\"972\">fibra de vidro anti-roedores<\/strong> e um <strong data-start=\"980\" data-end=\"1037\">revestimento exterior em LSZH amarelo resistente aos raios UV<\/strong>, em conformidade com as normas CE, RoHS e EN 50575.<\/p>\n<p data-start=\"1088\" data-end=\"1120\"><strong data-start=\"1088\" data-end=\"1120\">Carater\u00edsticas principais:<\/strong><\/p>\n<ul data-start=\"1121\" data-end=\"1383\">\n<li data-start=\"1121\" data-end=\"1153\">\n<p data-start=\"1123\" data-end=\"1153\">Fibra \u00f3tica de modo \u00fanico SM G652D<\/p>\n<\/li>\n<li data-start=\"1154\" data-end=\"1186\">\n<p data-start=\"1156\" data-end=\"1186\">Aplica\u00e7\u00e3o no interior e no exterior<\/p>\n<\/li>\n<li data-start=\"1187\" data-end=\"1227\">\n<p data-start=\"1189\" data-end=\"1227\">Diel\u00e9trico, com prote\u00e7\u00e3o anti-roedores<\/p>\n<\/li>\n<li data-start=\"1228\" data-end=\"1264\">\n<p data-start=\"1230\" data-end=\"1264\">Revestimento LSZH UV : Cor: Amarelo<\/p>\n<\/li>\n<li data-start=\"1265\" data-end=\"1300\">\n<p data-start=\"1267\" data-end=\"1300\">Di\u00e2metro: 6,3 mm | Peso: 41 kg\/km<\/p>\n<\/li>\n<li data-start=\"1301\" data-end=\"1337\">\n<p data-start=\"1303\" data-end=\"1337\">Tens\u00e3o m\u00e1xima de instala\u00e7\u00e3o: 2000 N<\/p>\n<\/li>\n<li data-start=\"1338\" data-end=\"1383\">\n<p data-start=\"1340\" data-end=\"1383\">Gama de temperaturas de funcionamento: -20 \u00b0C a +70 \u00b0C<\/p>\n<\/li>\n<\/ul>\n<p data-start=\"1385\" data-end=\"1564\">Com uma elevada resist\u00eancia mec\u00e2nica e \u00f3tica, este cabo \u00e9 a solu\u00e7\u00e3o profissional ideal para instala\u00e7\u00f5es de telecomunica\u00e7\u00f5es que requerem uma conetividade est\u00e1vel e de longo alcance.<\/p>\n","protected":false},"excerpt":{"rendered":"<p>Cabo de fibra \u00f3tica SM 12FO, monotubo, diel\u00e9trico e anti-roedores, adequado para utiliza\u00e7\u00e3o em interiores e exteriores. Alta resist\u00eancia, transmiss\u00e3o eficiente e revestimento LSZH resistente aos raios UV. <\/p>\n<h6><a href=\"https:\/\/gtlan.com\/wp-content\/uploads\/ftgtlan\/35FO12SM.pdf\" target=\"_blank\" rel=\"noopener\"><strong>\u21e9 Dados t\u00e9cnicos <\/strong><strong>\u21e9 <\/strong> <\/a><\/h6>\n<h6><\/h6>\n<h6><\/h6>\n","protected":false},"featured_media":32533,"template":"","meta":{"site-sidebar-layout":"default","site-content-layout":"","ast-site-content-layout":"default","site-content-style":"default","site-sidebar-style":"default","ast-global-header-display":"","ast-banner-title-visibility":"","ast-main-header-display":"","ast-hfb-above-header-display":"","ast-hfb-below-header-display":"","ast-hfb-mobile-header-display":"","site-post-title":"","ast-breadcrumbs-content":"","ast-featured-img":"","footer-sml-layout":"","ast-disable-related-posts":"","theme-transparent-header-meta":"default","adv-header-id-meta":"","stick-header-meta":"","header-above-stick-meta":"","header-main-stick-meta":"","header-below-stick-meta":"","astra-migrate-meta-layouts":"set","ast-page-background-enabled":"default","ast-page-background-meta":{"desktop":{"background-color":"var(--ast-global-color-5)","background-image":"","background-repeat":"repeat","background-position":"center center","background-size":"auto","background-attachment":"scroll","background-type":"","background-media":"","overlay-type":"","overlay-color":"","overlay-opacity":"","overlay-gradient":""},"tablet":{"background-color":"","background-image":"","background-repeat":"repeat","background-position":"center center","background-size":"auto","background-attachment":"scroll","background-type":"","background-media":"","overlay-type":"","overlay-color":"","overlay-opacity":"","overlay-gradient":""},"mobile":{"background-color":"","background-image":"","background-repeat":"repeat","background-position":"center center","background-size":"auto","background-attachment":"scroll","background-type":"","background-media":"","overlay-type":"","overlay-color":"","overlay-opacity":"","overlay-gradient":""}},"ast-content-background-meta":{"desktop":{"background-color":"var(--ast-global-color-4)","background-image":"","background-repeat":"repeat","background-position":"center center","background-size":"auto","background-attachment":"scroll","background-type":"","background-media":"","overlay-type":"","overlay-color":"","overlay-opacity":"","overlay-gradient":""},"tablet":{"background-color":"var(--ast-global-color-4)","background-image":"","background-repeat":"repeat","background-position":"center center","background-size":"auto","background-attachment":"scroll","background-type":"","background-media":"","overlay-type":"","overlay-color":"","overlay-opacity":"","overlay-gradient":""},"mobile":{"background-color":"var(--ast-global-color-4)","background-image":"","background-repeat":"repeat","background-position":"center center","background-size":"auto","background-attachment":"scroll","background-type":"","background-media":"","overlay-type":"","overlay-color":"","overlay-opacity":"","overlay-gradient":""}}},"product_brand":[],"product_cat":[4220,5125,4218,7094,7531],"product_tag":[],"class_list":{"0":"post-32530","1":"product","2":"type-product","3":"status-publish","4":"has-post-thumbnail","6":"product_cat-cabos-de-fibra-optica","7":"product_cat-fibra-de-modo-unico","8":"product_cat-fibra-optica-pt-pt","9":"product_cat-fibra-os2","10":"product_cat-om3-multimodo-50-125-m-pt-pt","11":"desktop-align-left","12":"tablet-align-left","13":"mobile-align-left","15":"first","16":"instock","17":"shipping-taxable","18":"product-type-simple"},"_links":{"self":[{"href":"https:\/\/gtlan.com\/pt-pt\/wp-json\/wp\/v2\/product\/32530","targetHints":{"allow":["GET"]}}],"collection":[{"href":"https:\/\/gtlan.com\/pt-pt\/wp-json\/wp\/v2\/product"}],"about":[{"href":"https:\/\/gtlan.com\/pt-pt\/wp-json\/wp\/v2\/types\/product"}],"wp:featuredmedia":[{"embeddable":true,"href":"https:\/\/gtlan.com\/pt-pt\/wp-json\/wp\/v2\/media\/32533"}],"wp:attachment":[{"href":"https:\/\/gtlan.com\/pt-pt\/wp-json\/wp\/v2\/media?parent=32530"}],"wp:term":[{"taxonomy":"product_brand","embeddable":true,"href":"https:\/\/gtlan.com\/pt-pt\/wp-json\/wp\/v2\/product_brand?post=32530"},{"taxonomy":"product_cat","embeddable":true,"href":"https:\/\/gtlan.com\/pt-pt\/wp-json\/wp\/v2\/product_cat?post=32530"},{"taxonomy":"product_tag","embeddable":true,"href":"https:\/\/gtlan.com\/pt-pt\/wp-json\/wp\/v2\/product_tag?post=32530"}],"curies":[{"name":"wp","href":"https:\/\/api.w.org\/{rel}","templated":true}]}}