{"id":32540,"date":"2025-06-17T15:48:05","date_gmt":"2025-06-17T13:48:05","guid":{"rendered":"https:\/\/gtlan.com\/?post_type=product&#038;p=32540"},"modified":"2025-06-23T13:29:03","modified_gmt":"2025-06-23T11:29:03","slug":"cabos-de-fibra-otica-12fo-sm-unipolares-para-interior-exterior-copia","status":"publish","type":"product","link":"https:\/\/gtlan.com\/pt-pt\/producto\/cabos-de-fibra-otica-12fo-sm-unipolares-para-interior-exterior-copia\/","title":{"rendered":"Cabo de fibra \u00f3tica 12FO SM Monotubo 12FO SM Monotubo Exterior Anti-rotor Met\u00e1lico"},"content":{"rendered":"<p data-start=\"506\" data-end=\"948\">O <strong data-start=\"509\" data-end=\"603\">cabo de fibra \u00f3tica 12FO SM monomodo de tubo \u00fanico met\u00e1lico exterior \u00e0 prova de roedores (N.\u00ba Cat. 35FO12SME)<\/strong> foi concebido para a m\u00e1xima fiabilidade em redes de telecomunica\u00e7\u00f5es de m\u00e9dia e longa dist\u00e2ncia. Incorpora 12 fibras \u00f3pticas monomodo (SM 9\/125 G652D) alojadas num tubo central com gel tixotr\u00f3pico, refor\u00e7ado com fios de fibra de vidro e protegido com fita de a\u00e7o ondulada para resistir a ambientes agressivos e \u00e0 presen\u00e7a de roedores. <\/p>\n<p data-start=\"950\" data-end=\"1305\">A sua cobertura em polietileno preto, resistente aos raios UV, garante um excelente desempenho no exterior, enquanto as suas especifica\u00e7\u00f5es mec\u00e2nicas lhe permitem suportar tens\u00f5es de instala\u00e7\u00e3o at\u00e9 3000 N e uma resist\u00eancia ao impacto e ao esmagamento muito superior \u00e0s normas do mercado. Est\u00e1 em conformidade com as normas UNE-EN 60794 e as diretivas CE e RoHS. <\/p>\n<p data-start=\"1307\" data-end=\"1457\">Este cabo GTlan \u00e9 ideal para operadores de telecomunica\u00e7\u00f5es, projectos de infra-estruturas de rede e implementa\u00e7\u00f5es em ambientes industriais exigentes.<\/p>\n<p data-start=\"1459\" data-end=\"1484\"><strong data-start=\"1459\" data-end=\"1484\">Principais vantagens:<\/strong><\/p>\n<ul data-start=\"1485\" data-end=\"1741\">\n<li data-start=\"1485\" data-end=\"1519\">\n<p data-start=\"1487\" data-end=\"1519\">12 fibras \u00f3pticas de modo \u00fanico G652D<\/p>\n<\/li>\n<li data-start=\"1520\" data-end=\"1565\">\n<p data-start=\"1522\" data-end=\"1565\">Prote\u00e7\u00e3o contra a ferrugem com blindagem met\u00e1lica<\/p>\n<\/li>\n<li data-start=\"1566\" data-end=\"1621\">\n<p data-start=\"1568\" data-end=\"1621\">Elevada resist\u00eancia ao impacto, \u00e0 tra\u00e7\u00e3o e ao esmagamento<\/p>\n<\/li>\n<li data-start=\"1622\" data-end=\"1683\">\n<p data-start=\"1624\" data-end=\"1683\">Adequado para instala\u00e7\u00e3o no exterior devido ao revestimento UV<\/p>\n<\/li>\n<li data-start=\"1684\" data-end=\"1741\">\n<p data-start=\"1686\" data-end=\"1741\">Cumpre as normas internacionais UNE-EN, CE e RoHS<\/p>\n<\/li>\n<\/ul>\n","protected":false},"excerpt":{"rendered":"<p>12FO SM 9\/125 G652D Cabo de fibra \u00f3tica 12FO SM 9\/125 para instala\u00e7\u00f5es exteriores. Design monotubo, prote\u00e7\u00e3o met\u00e1lica anti-roedores, elevada resist\u00eancia mec\u00e2nica e excelente desempenho em redes de longa dist\u00e2ncia. <\/p>\n<h6><a href=\"https:\/\/gtlan.com\/wp-content\/uploads\/ftgtlan\/35FO12SME.pdf\" target=\"_blank\" rel=\"noopener\"><strong>\u21e9 Dados t\u00e9cnicos <\/strong><strong>\u21e9 <\/strong> <\/a><\/h6>\n<h6><\/h6>\n<h6><\/h6>\n","protected":false},"featured_media":32543,"template":"","meta":{"site-sidebar-layout":"default","site-content-layout":"","ast-site-content-layout":"default","site-content-style":"default","site-sidebar-style":"default","ast-global-header-display":"","ast-banner-title-visibility":"","ast-main-header-display":"","ast-hfb-above-header-display":"","ast-hfb-below-header-display":"","ast-hfb-mobile-header-display":"","site-post-title":"","ast-breadcrumbs-content":"","ast-featured-img":"","footer-sml-layout":"","ast-disable-related-posts":"","theme-transparent-header-meta":"default","adv-header-id-meta":"","stick-header-meta":"","header-above-stick-meta":"","header-main-stick-meta":"","header-below-stick-meta":"","astra-migrate-meta-layouts":"set","ast-page-background-enabled":"default","ast-page-background-meta":{"desktop":{"background-color":"var(--ast-global-color-5)","background-image":"","background-repeat":"repeat","background-position":"center center","background-size":"auto","background-attachment":"scroll","background-type":"","background-media":"","overlay-type":"","overlay-color":"","overlay-opacity":"","overlay-gradient":""},"tablet":{"background-color":"","background-image":"","background-repeat":"repeat","background-position":"center center","background-size":"auto","background-attachment":"scroll","background-type":"","background-media":"","overlay-type":"","overlay-color":"","overlay-opacity":"","overlay-gradient":""},"mobile":{"background-color":"","background-image":"","background-repeat":"repeat","background-position":"center center","background-size":"auto","background-attachment":"scroll","background-type":"","background-media":"","overlay-type":"","overlay-color":"","overlay-opacity":"","overlay-gradient":""}},"ast-content-background-meta":{"desktop":{"background-color":"var(--ast-global-color-4)","background-image":"","background-repeat":"repeat","background-position":"center center","background-size":"auto","background-attachment":"scroll","background-type":"","background-media":"","overlay-type":"","overlay-color":"","overlay-opacity":"","overlay-gradient":""},"tablet":{"background-color":"var(--ast-global-color-4)","background-image":"","background-repeat":"repeat","background-position":"center center","background-size":"auto","background-attachment":"scroll","background-type":"","background-media":"","overlay-type":"","overlay-color":"","overlay-opacity":"","overlay-gradient":""},"mobile":{"background-color":"var(--ast-global-color-4)","background-image":"","background-repeat":"repeat","background-position":"center center","background-size":"auto","background-attachment":"scroll","background-type":"","background-media":"","overlay-type":"","overlay-color":"","overlay-opacity":"","overlay-gradient":""}}},"product_brand":[],"product_cat":[4220,5125,4218,7094,7093],"product_tag":[],"class_list":{"0":"post-32540","1":"product","2":"type-product","3":"status-publish","4":"has-post-thumbnail","6":"product_cat-cabos-de-fibra-optica","7":"product_cat-fibra-de-modo-unico","8":"product_cat-fibra-optica-pt-pt","9":"product_cat-fibra-os2","10":"product_cat-os2-monomodo-9-125-m-pt-pt","11":"desktop-align-left","12":"tablet-align-left","13":"mobile-align-left","15":"first","16":"instock","17":"shipping-taxable","18":"product-type-simple"},"_links":{"self":[{"href":"https:\/\/gtlan.com\/pt-pt\/wp-json\/wp\/v2\/product\/32540","targetHints":{"allow":["GET"]}}],"collection":[{"href":"https:\/\/gtlan.com\/pt-pt\/wp-json\/wp\/v2\/product"}],"about":[{"href":"https:\/\/gtlan.com\/pt-pt\/wp-json\/wp\/v2\/types\/product"}],"wp:featuredmedia":[{"embeddable":true,"href":"https:\/\/gtlan.com\/pt-pt\/wp-json\/wp\/v2\/media\/32543"}],"wp:attachment":[{"href":"https:\/\/gtlan.com\/pt-pt\/wp-json\/wp\/v2\/media?parent=32540"}],"wp:term":[{"taxonomy":"product_brand","embeddable":true,"href":"https:\/\/gtlan.com\/pt-pt\/wp-json\/wp\/v2\/product_brand?post=32540"},{"taxonomy":"product_cat","embeddable":true,"href":"https:\/\/gtlan.com\/pt-pt\/wp-json\/wp\/v2\/product_cat?post=32540"},{"taxonomy":"product_tag","embeddable":true,"href":"https:\/\/gtlan.com\/pt-pt\/wp-json\/wp\/v2\/product_tag?post=32540"}],"curies":[{"name":"wp","href":"https:\/\/api.w.org\/{rel}","templated":true}]}}