{"id":32558,"date":"2025-06-23T13:10:01","date_gmt":"2025-06-23T11:10:01","guid":{"rendered":"https:\/\/gtlan.com\/?post_type=product&#038;p=32558"},"modified":"2025-06-23T13:29:04","modified_gmt":"2025-06-23T11:29:04","slug":"cabos-de-fibra-otica-12fo-sm-unipolares-para-interior-exterior-copia-2","status":"publish","type":"product","link":"https:\/\/gtlan.com\/pt-pt\/producto\/cabos-de-fibra-otica-12fo-sm-unipolares-para-interior-exterior-copia-2\/","title":{"rendered":"12FO 0M4 cabos monotubo de fibra \u00f3tica Exterior Anti-roedor Met\u00e1lico"},"content":{"rendered":"<p data-start=\"437\" data-end=\"823\">O <strong data-start=\"440\" data-end=\"527\">cabo de fibra \u00f3tica monotubo exterior 12FO OM4 com prote\u00e7\u00e3o met\u00e1lica contra roedores<\/strong> \u00e9 a solu\u00e7\u00e3o ideal para implementa\u00e7\u00f5es de rede exigentes em ambientes exteriores. Equipado com 12 fibras \u00f3pticas OM4 (50\/125), este cabo oferece um desempenho \u00f3timo para a transmiss\u00e3o de dados a alta velocidade, garantindo uma atenua\u00e7\u00e3o reduzida e uma elevada capacidade em redes de m\u00e9dia e longa dist\u00e2ncia. <\/p>\n<p data-start=\"825\" data-end=\"1123\">O seu design robusto inclui um tubo central com gel tixotr\u00f3pico, refor\u00e7o interno com fios de fibra de vidro e uma fita de a\u00e7o ondulada que actua como barreira contra roedores. O revestimento exterior em polietileno preto \u00e9 resistente aos raios UV, garantindo a durabilidade em condi\u00e7\u00f5es climat\u00e9ricas adversas. <\/p>\n<p data-start=\"1125\" data-end=\"1419\">Certificado segundo as normas UNE-EN 60794-1-2, CE e RoHS, este cabo OM4 de 8,8 mm de di\u00e2metro e 66 kg\/km \u00e9 ideal para integradores, operadores e centros de dados que procuram fiabilidade, seguran\u00e7a e desempenho nas suas infra-estruturas de telecomunica\u00e7\u00f5es. Dispon\u00edvel em bobinas de 2000 metros. <\/p>\n","protected":false},"excerpt":{"rendered":"<p>Cabo de fibra \u00f3tica monotubo OM4 12FO para exterior com prote\u00e7\u00e3o anti-roedores e revestimento UV. Alta velocidade e robustez para redes profissionais de m\u00e9dia e longa dist\u00e2ncia. <\/p>\n<h6><a href=\"https:\/\/gtlan.com\/wp-content\/uploads\/ftgtlan\/35FO12OM4E.pdf\" target=\"_blank\" rel=\"noopener\"><strong>\u21e9 Dados t\u00e9cnicos <\/strong><strong>\u21e9 <\/strong> <\/a><\/h6>\n","protected":false},"featured_media":32561,"template":"","meta":{"site-sidebar-layout":"default","site-content-layout":"","ast-site-content-layout":"default","site-content-style":"default","site-sidebar-style":"default","ast-global-header-display":"","ast-banner-title-visibility":"","ast-main-header-display":"","ast-hfb-above-header-display":"","ast-hfb-below-header-display":"","ast-hfb-mobile-header-display":"","site-post-title":"","ast-breadcrumbs-content":"","ast-featured-img":"","footer-sml-layout":"","ast-disable-related-posts":"","theme-transparent-header-meta":"default","adv-header-id-meta":"","stick-header-meta":"","header-above-stick-meta":"","header-main-stick-meta":"","header-below-stick-meta":"","astra-migrate-meta-layouts":"set","ast-page-background-enabled":"default","ast-page-background-meta":{"desktop":{"background-color":"var(--ast-global-color-5)","background-image":"","background-repeat":"repeat","background-position":"center center","background-size":"auto","background-attachment":"scroll","background-type":"","background-media":"","overlay-type":"","overlay-color":"","overlay-opacity":"","overlay-gradient":""},"tablet":{"background-color":"","background-image":"","background-repeat":"repeat","background-position":"center center","background-size":"auto","background-attachment":"scroll","background-type":"","background-media":"","overlay-type":"","overlay-color":"","overlay-opacity":"","overlay-gradient":""},"mobile":{"background-color":"","background-image":"","background-repeat":"repeat","background-position":"center center","background-size":"auto","background-attachment":"scroll","background-type":"","background-media":"","overlay-type":"","overlay-color":"","overlay-opacity":"","overlay-gradient":""}},"ast-content-background-meta":{"desktop":{"background-color":"var(--ast-global-color-4)","background-image":"","background-repeat":"repeat","background-position":"center center","background-size":"auto","background-attachment":"scroll","background-type":"","background-media":"","overlay-type":"","overlay-color":"","overlay-opacity":"","overlay-gradient":""},"tablet":{"background-color":"var(--ast-global-color-4)","background-image":"","background-repeat":"repeat","background-position":"center center","background-size":"auto","background-attachment":"scroll","background-type":"","background-media":"","overlay-type":"","overlay-color":"","overlay-opacity":"","overlay-gradient":""},"mobile":{"background-color":"var(--ast-global-color-4)","background-image":"","background-repeat":"repeat","background-position":"center center","background-size":"auto","background-attachment":"scroll","background-type":"","background-media":"","overlay-type":"","overlay-color":"","overlay-opacity":"","overlay-gradient":""}}},"product_brand":[],"product_cat":[4220,7417,7418,4218,7416],"product_tag":[],"class_list":{"0":"post-32558","1":"product","2":"type-product","3":"status-publish","4":"has-post-thumbnail","6":"product_cat-cabos-de-fibra-optica","7":"product_cat-fibra-multimodo-pt-pt","8":"product_cat-fibra-om4","9":"product_cat-fibra-optica-pt-pt","10":"product_cat-om4-multimodo-50-125-m-pt-pt","11":"desktop-align-left","12":"tablet-align-left","13":"mobile-align-left","15":"first","16":"instock","17":"shipping-taxable","18":"product-type-simple"},"_links":{"self":[{"href":"https:\/\/gtlan.com\/pt-pt\/wp-json\/wp\/v2\/product\/32558","targetHints":{"allow":["GET"]}}],"collection":[{"href":"https:\/\/gtlan.com\/pt-pt\/wp-json\/wp\/v2\/product"}],"about":[{"href":"https:\/\/gtlan.com\/pt-pt\/wp-json\/wp\/v2\/types\/product"}],"wp:featuredmedia":[{"embeddable":true,"href":"https:\/\/gtlan.com\/pt-pt\/wp-json\/wp\/v2\/media\/32561"}],"wp:attachment":[{"href":"https:\/\/gtlan.com\/pt-pt\/wp-json\/wp\/v2\/media?parent=32558"}],"wp:term":[{"taxonomy":"product_brand","embeddable":true,"href":"https:\/\/gtlan.com\/pt-pt\/wp-json\/wp\/v2\/product_brand?post=32558"},{"taxonomy":"product_cat","embeddable":true,"href":"https:\/\/gtlan.com\/pt-pt\/wp-json\/wp\/v2\/product_cat?post=32558"},{"taxonomy":"product_tag","embeddable":true,"href":"https:\/\/gtlan.com\/pt-pt\/wp-json\/wp\/v2\/product_tag?post=32558"}],"curies":[{"name":"wp","href":"https:\/\/api.w.org\/{rel}","templated":true}]}}