{"id":32564,"date":"2025-06-23T13:18:34","date_gmt":"2025-06-23T11:18:34","guid":{"rendered":"https:\/\/gtlan.com\/?post_type=product&#038;p=32564"},"modified":"2025-06-23T13:29:06","modified_gmt":"2025-06-23T11:29:06","slug":"cabos-de-fibra-otica-12fo-sm-unipolares-para-interior-exterior-copia-copia","status":"publish","type":"product","link":"https:\/\/gtlan.com\/pt-pt\/producto\/cabos-de-fibra-otica-12fo-sm-unipolares-para-interior-exterior-copia-copia\/","title":{"rendered":"12FO 0M3 Cabos de fibra \u00f3tica monotubo Monotubo Exterior Anti-roedor Met\u00e1lico"},"content":{"rendered":"<p data-start=\"510\" data-end=\"848\">O <strong data-start=\"513\" data-end=\"600\">cabo de fibra \u00f3tica monotubo exterior 12FO OM3 com prote\u00e7\u00e3o met\u00e1lica contra roedores<\/strong> \u00e9 uma solu\u00e7\u00e3o avan\u00e7ada concebida para instala\u00e7\u00f5es de telecomunica\u00e7\u00f5es no exterior. Equipado com 12 fibras \u00f3pticas OM3 (50\/125 \u00b5m), oferece uma transmiss\u00e3o de dados gigabit de elevado desempenho para redes de m\u00e9dia e longa dist\u00e2ncia. <\/p>\n<p data-start=\"850\" data-end=\"1165\">Possui um tubo central preenchido com gel tixotr\u00f3pico, refor\u00e7o interno com fios de fibra de vidro e fita de a\u00e7o ondulada que o protege eficazmente contra roedores. A sua cobertura exterior em polietileno preto \u00e9 resistente aos raios UV, o que garante a sua durabilidade face \u00e0s condi\u00e7\u00f5es climat\u00e9ricas adversas. <\/p>\n<p data-start=\"1167\" data-end=\"1493\">Certificado segundo as normas UNE-EN 60794-1-2, CE e RoHS, este cabo OM3 de 8,8 mm de di\u00e2metro e 66 kg\/km est\u00e1 optimizado para centros de dados, operadores e integradores que exigem fiabilidade, prote\u00e7\u00e3o e continuidade de servi\u00e7o. \u00c9 fornecido em bobinas de 2000 metros, o que facilita a instala\u00e7\u00e3o em grandes implementa\u00e7\u00f5es de rede. <\/p>\n","protected":false},"excerpt":{"rendered":"<p>Cabo de fibra \u00f3tica monotubo exterior OM3 12FO com refor\u00e7o anti-roedor e prote\u00e7\u00e3o UV. Ideal para redes profissionais de alta velocidade em ambientes exteriores exigentes. <\/p>\n<h6><a href=\"https:\/\/gtlan.com\/wp-content\/uploads\/ftgtlan\/35FO12OM3E.pdf\" target=\"_blank\" rel=\"noopener\"><strong>\u21e9 Dados t\u00e9cnicos <\/strong><strong>\u21e9 <\/strong> <\/a><\/h6>\n","protected":false},"featured_media":32567,"template":"","meta":{"site-sidebar-layout":"default","site-content-layout":"","ast-site-content-layout":"default","site-content-style":"default","site-sidebar-style":"default","ast-global-header-display":"","ast-banner-title-visibility":"","ast-main-header-display":"","ast-hfb-above-header-display":"","ast-hfb-below-header-display":"","ast-hfb-mobile-header-display":"","site-post-title":"","ast-breadcrumbs-content":"","ast-featured-img":"","footer-sml-layout":"","ast-disable-related-posts":"","theme-transparent-header-meta":"default","adv-header-id-meta":"","stick-header-meta":"","header-above-stick-meta":"","header-main-stick-meta":"","header-below-stick-meta":"","astra-migrate-meta-layouts":"set","ast-page-background-enabled":"default","ast-page-background-meta":{"desktop":{"background-color":"var(--ast-global-color-5)","background-image":"","background-repeat":"repeat","background-position":"center center","background-size":"auto","background-attachment":"scroll","background-type":"","background-media":"","overlay-type":"","overlay-color":"","overlay-opacity":"","overlay-gradient":""},"tablet":{"background-color":"","background-image":"","background-repeat":"repeat","background-position":"center center","background-size":"auto","background-attachment":"scroll","background-type":"","background-media":"","overlay-type":"","overlay-color":"","overlay-opacity":"","overlay-gradient":""},"mobile":{"background-color":"","background-image":"","background-repeat":"repeat","background-position":"center center","background-size":"auto","background-attachment":"scroll","background-type":"","background-media":"","overlay-type":"","overlay-color":"","overlay-opacity":"","overlay-gradient":""}},"ast-content-background-meta":{"desktop":{"background-color":"var(--ast-global-color-4)","background-image":"","background-repeat":"repeat","background-position":"center center","background-size":"auto","background-attachment":"scroll","background-type":"","background-media":"","overlay-type":"","overlay-color":"","overlay-opacity":"","overlay-gradient":""},"tablet":{"background-color":"var(--ast-global-color-4)","background-image":"","background-repeat":"repeat","background-position":"center center","background-size":"auto","background-attachment":"scroll","background-type":"","background-media":"","overlay-type":"","overlay-color":"","overlay-opacity":"","overlay-gradient":""},"mobile":{"background-color":"var(--ast-global-color-4)","background-image":"","background-repeat":"repeat","background-position":"center center","background-size":"auto","background-attachment":"scroll","background-type":"","background-media":"","overlay-type":"","overlay-color":"","overlay-opacity":"","overlay-gradient":""}}},"product_brand":[],"product_cat":[4220,7417,7532,4218,7531],"product_tag":[],"class_list":{"0":"post-32564","1":"product","2":"type-product","3":"status-publish","4":"has-post-thumbnail","6":"product_cat-cabos-de-fibra-optica","7":"product_cat-fibra-multimodo-pt-pt","8":"product_cat-fibra-om3","9":"product_cat-fibra-optica-pt-pt","10":"product_cat-om3-multimodo-50-125-m-pt-pt","11":"desktop-align-left","12":"tablet-align-left","13":"mobile-align-left","15":"first","16":"instock","17":"shipping-taxable","18":"product-type-simple"},"_links":{"self":[{"href":"https:\/\/gtlan.com\/pt-pt\/wp-json\/wp\/v2\/product\/32564","targetHints":{"allow":["GET"]}}],"collection":[{"href":"https:\/\/gtlan.com\/pt-pt\/wp-json\/wp\/v2\/product"}],"about":[{"href":"https:\/\/gtlan.com\/pt-pt\/wp-json\/wp\/v2\/types\/product"}],"wp:featuredmedia":[{"embeddable":true,"href":"https:\/\/gtlan.com\/pt-pt\/wp-json\/wp\/v2\/media\/32567"}],"wp:attachment":[{"href":"https:\/\/gtlan.com\/pt-pt\/wp-json\/wp\/v2\/media?parent=32564"}],"wp:term":[{"taxonomy":"product_brand","embeddable":true,"href":"https:\/\/gtlan.com\/pt-pt\/wp-json\/wp\/v2\/product_brand?post=32564"},{"taxonomy":"product_cat","embeddable":true,"href":"https:\/\/gtlan.com\/pt-pt\/wp-json\/wp\/v2\/product_cat?post=32564"},{"taxonomy":"product_tag","embeddable":true,"href":"https:\/\/gtlan.com\/pt-pt\/wp-json\/wp\/v2\/product_tag?post=32564"}],"curies":[{"name":"wp","href":"https:\/\/api.w.org\/{rel}","templated":true}]}}