{"id":32968,"date":"2025-09-24T12:27:12","date_gmt":"2025-09-24T10:27:12","guid":{"rendered":"https:\/\/gtlan.com\/?post_type=product&#038;p=32968"},"modified":"2025-09-30T09:22:19","modified_gmt":"2025-09-30T07:22:19","slug":"certificador-de-cablagem-c-5-utp-e-c-6-copia","status":"publish","type":"product","link":"https:\/\/gtlan.com\/pt-pt\/producto\/certificador-de-cablagem-c-5-utp-e-c-6-copia\/","title":{"rendered":"Certificador de cablagem Cat3 a Cat8.1"},"content":{"rendered":"<p data-start=\"568\" data-end=\"1009\">O <strong data-start=\"571\" data-end=\"623\">Kit AEM TESTPRO-K50E<\/strong> \u00e9 uma solu\u00e7\u00e3o avan\u00e7ada para a <strong data-start=\"657\" data-end=\"706\">certifica\u00e7\u00e3o profissional de liga\u00e7\u00f5es de cobre<\/strong> em infra-estruturas de rede. Este kit inclui o equipamento <strong data-start=\"762\" data-end=\"779\">TestPro CV100<\/strong>, um equipamento de \u00faltima gera\u00e7\u00e3o que permite a realiza\u00e7\u00e3o de testes de certifica\u00e7\u00e3o de forma r\u00e1pida, precisa e simples, cumprindo as principais normas internacionais de cablagem estruturada (como TIA\/EIA e ISO\/IEC). <\/p>\n<p data-start=\"1011\" data-end=\"1237\">A TESTPRO-K50E foi concebida para t\u00e9cnicos e instaladores que procuram assegurar o desempenho e a conformidade das suas instala\u00e7\u00f5es de rede, quer em ambientes empresariais, centros de dados ou projectos de telecomunica\u00e7\u00f5es.<\/p>\n<p data-start=\"1239\" data-end=\"1251\"><strong data-start=\"1239\" data-end=\"1251\">Inclui:<\/strong><\/p>\n<ul data-start=\"1252\" data-end=\"1372\">\n<li data-start=\"1252\" data-end=\"1286\">\n<p data-start=\"1254\" data-end=\"1286\">TestPro CV100 (unidade principal)<\/p>\n<\/li>\n<li data-start=\"1287\" data-end=\"1315\">\n<p data-start=\"1289\" data-end=\"1315\">M\u00f3dulos de teste de cobre<\/p>\n<\/li>\n<li data-start=\"1316\" data-end=\"1348\">\n<p data-start=\"1318\" data-end=\"1348\">Cabos e acess\u00f3rios necess\u00e1rios<\/p>\n<\/li>\n<li data-start=\"1349\" data-end=\"1372\">\n<p data-start=\"1351\" data-end=\"1372\">Mala de transporte<\/p>\n<\/li>\n<\/ul>\n<p data-start=\"1374\" data-end=\"1520\">Compat\u00edvel com as solu\u00e7\u00f5es <strong data-start=\"1403\" data-end=\"1434\">de cablagem estruturada GTlan<\/strong>, este kit \u00e9 a ferramenta ideal para levar as tuas certifica\u00e7\u00f5es para o pr\u00f3ximo n\u00edvel.<\/p>\n<div class=\"ast-oembed-container \" style=\"height: 100%;\"><iframe title=\"TestPro | El mejor Certificador de Redes Multifunci\u00f3n para Cobre y Fibra | Distribuidor Gote\" width=\"500\" height=\"281\" src=\"https:\/\/www.youtube.com\/embed\/zl0wPq90lOg?list=PLH9BHd01aRQlpAjlyN2KK53tUXMp2sRmA\" frameborder=\"0\" allow=\"accelerometer; autoplay; clipboard-write; encrypted-media; gyroscope; picture-in-picture; web-share\" referrerpolicy=\"strict-origin-when-cross-origin\" allowfullscreen><\/iframe><\/div>\n","protected":false},"excerpt":{"rendered":"<h6>O kit de certifica\u00e7\u00e3o de cobre TESTPRO-K50E da AEM, ideal para a certifica\u00e7\u00e3o de liga\u00e7\u00f5es de cobre em instala\u00e7\u00f5es de rede. Inclui o TestPro CV100 e os acess\u00f3rios necess\u00e1rios para testes r\u00e1pidos, precisos e em conformidade com as normas internacionais. <\/h6>\n<h6>Informa\u00e7\u00f5es <a href=\"https:\/\/aem-test.com\/products\/testpro-cv100\/product-kits-accessories\/#\" target=\"_blank\" rel=\"noopener\">do fabricante AEM<\/a><\/h6>\n<h6><a href=\"https:\/\/gtlan.com\/wp-content\/uploads\/ftgtlan\/22GTTESTPROK50E.pdf\" target=\"_blank\" rel=\"noopener\"><strong>\u21e9 Dados t\u00e9cnicos <\/strong><strong>\u21e9<\/strong><\/a><\/h6>\n","protected":false},"featured_media":32985,"template":"","meta":{"site-sidebar-layout":"default","site-content-layout":"","ast-site-content-layout":"default","site-content-style":"default","site-sidebar-style":"default","ast-global-header-display":"","ast-banner-title-visibility":"","ast-main-header-display":"","ast-hfb-above-header-display":"","ast-hfb-below-header-display":"","ast-hfb-mobile-header-display":"","site-post-title":"","ast-breadcrumbs-content":"","ast-featured-img":"","footer-sml-layout":"","ast-disable-related-posts":"","theme-transparent-header-meta":"default","adv-header-id-meta":"","stick-header-meta":"","header-above-stick-meta":"","header-main-stick-meta":"","header-below-stick-meta":"","astra-migrate-meta-layouts":"set","ast-page-background-enabled":"default","ast-page-background-meta":{"desktop":{"background-color":"var(--ast-global-color-5)","background-image":"","background-repeat":"repeat","background-position":"center center","background-size":"auto","background-attachment":"scroll","background-type":"","background-media":"","overlay-type":"","overlay-color":"","overlay-opacity":"","overlay-gradient":""},"tablet":{"background-color":"","background-image":"","background-repeat":"repeat","background-position":"center center","background-size":"auto","background-attachment":"scroll","background-type":"","background-media":"","overlay-type":"","overlay-color":"","overlay-opacity":"","overlay-gradient":""},"mobile":{"background-color":"","background-image":"","background-repeat":"repeat","background-position":"center center","background-size":"auto","background-attachment":"scroll","background-type":"","background-media":"","overlay-type":"","overlay-color":"","overlay-opacity":"","overlay-gradient":""}},"ast-content-background-meta":{"desktop":{"background-color":"var(--ast-global-color-4)","background-image":"","background-repeat":"repeat","background-position":"center center","background-size":"auto","background-attachment":"scroll","background-type":"","background-media":"","overlay-type":"","overlay-color":"","overlay-opacity":"","overlay-gradient":""},"tablet":{"background-color":"var(--ast-global-color-4)","background-image":"","background-repeat":"repeat","background-position":"center center","background-size":"auto","background-attachment":"scroll","background-type":"","background-media":"","overlay-type":"","overlay-color":"","overlay-opacity":"","overlay-gradient":""},"mobile":{"background-color":"var(--ast-global-color-4)","background-image":"","background-repeat":"repeat","background-position":"center center","background-size":"auto","background-attachment":"scroll","background-type":"","background-media":"","overlay-type":"","overlay-color":"","overlay-opacity":"","overlay-gradient":""}}},"product_brand":[],"product_cat":[4212,8377,8378,4226,8195],"product_tag":[],"class_list":{"0":"post-32968","1":"product","2":"type-product","3":"status-publish","4":"has-post-thumbnail","6":"product_cat-cabeamento-de-rede","7":"product_cat-certificador-pt-pt","8":"product_cat-certificador-de-rede","9":"product_cat-rede-de-par-trancado-de-cobre","10":"product_cat-verificacao-das-ferramentas-de-instalacao-pt-pt","11":"desktop-align-left","12":"tablet-align-left","13":"mobile-align-left","15":"first","16":"instock","17":"shipping-taxable","18":"product-type-simple"},"_links":{"self":[{"href":"https:\/\/gtlan.com\/pt-pt\/wp-json\/wp\/v2\/product\/32968","targetHints":{"allow":["GET"]}}],"collection":[{"href":"https:\/\/gtlan.com\/pt-pt\/wp-json\/wp\/v2\/product"}],"about":[{"href":"https:\/\/gtlan.com\/pt-pt\/wp-json\/wp\/v2\/types\/product"}],"wp:featuredmedia":[{"embeddable":true,"href":"https:\/\/gtlan.com\/pt-pt\/wp-json\/wp\/v2\/media\/32985"}],"wp:attachment":[{"href":"https:\/\/gtlan.com\/pt-pt\/wp-json\/wp\/v2\/media?parent=32968"}],"wp:term":[{"taxonomy":"product_brand","embeddable":true,"href":"https:\/\/gtlan.com\/pt-pt\/wp-json\/wp\/v2\/product_brand?post=32968"},{"taxonomy":"product_cat","embeddable":true,"href":"https:\/\/gtlan.com\/pt-pt\/wp-json\/wp\/v2\/product_cat?post=32968"},{"taxonomy":"product_tag","embeddable":true,"href":"https:\/\/gtlan.com\/pt-pt\/wp-json\/wp\/v2\/product_tag?post=32968"}],"curies":[{"name":"wp","href":"https:\/\/api.w.org\/{rel}","templated":true}]}}