{"id":33026,"date":"2025-10-02T13:50:38","date_gmt":"2025-10-02T11:50:38","guid":{"rendered":"https:\/\/gtlan.com\/?post_type=product&#038;p=33026"},"modified":"2025-10-02T13:55:30","modified_gmt":"2025-10-02T11:55:30","slug":"armario-para-rack-de-chao-de-19-global-pro-serie-27u-profundidade-600-mm-largura-600-mm-com-acessorios-copia","status":"publish","type":"product","link":"https:\/\/gtlan.com\/pt-pt\/producto\/armario-para-rack-de-chao-de-19-global-pro-serie-27u-profundidade-600-mm-largura-600-mm-com-acessorios-copia\/","title":{"rendered":"Arm\u00e1rio para rack de ch\u00e3o de 19&#8243; S\u00e9rie GLOBAL PRO 32U, profundidade 600 mm, largura 600 mm, com acess\u00f3rios"},"content":{"rendered":"<p data-start=\"523\" data-end=\"886\">O <strong data-start=\"526\" data-end=\"567\">Arm\u00e1rio Rack 19&#8243; S\u00e9rie GLOBAL PRO 32U<\/strong> da <strong data-start=\"588\" data-end=\"597\">GTlan<\/strong> (Ref. 31GTP3266) foi concebido para oferecer a m\u00e1xima seguran\u00e7a, efici\u00eancia e organiza\u00e7\u00e3o em instala\u00e7\u00f5es <strong data-start=\"689\" data-end=\"750\">de telecomunica\u00e7\u00f5es, redes de dados, ambientes industriais<\/strong> e <strong data-start=\"753\" data-end=\"773\">centros de dados<\/strong>. A sua estrutura <strong data-start=\"792\" data-end=\"842\">em a\u00e7o SPCC laminado a frio, com 2mm de espessura<\/strong>, confere-lhe grande resist\u00eancia e durabilidade. <\/p>\n<p data-start=\"888\" data-end=\"1210\">Com um formato de <strong data-start=\"906\" data-end=\"925\">600 mm de profundidade<\/strong> e <strong data-start=\"928\" data-end=\"947\">600 mm de largura<\/strong>, esta estante permite uma gest\u00e3o \u00f3ptima dos cabos e da ventila\u00e7\u00e3o do equipamento. Vem <strong data-start=\"1037\" data-end=\"1062\">totalmente montada<\/strong> e pronta a utilizar, com uma capacidade at\u00e9 <strong data-start=\"1105\" data-end=\"1115\">800 kg<\/strong> e um acabamento profissional em <strong data-start=\"1144\" data-end=\"1168\">preto RAL 9004<\/strong> com revestimento em p\u00f3 de gr\u00e3o fino. <\/p>\n<p data-start=\"1212\" data-end=\"1289\"><strong data-start=\"1212\" data-end=\"1255\">Inclui todos os acess\u00f3rios necess\u00e1rios<\/strong> para uma instala\u00e7\u00e3o profissional:<\/p>\n<ul data-start=\"1290\" data-end=\"1450\">\n<li data-start=\"1290\" data-end=\"1306\">\n<p data-start=\"1292\" data-end=\"1306\">1 tabuleiro fixo<\/p>\n<\/li>\n<li data-start=\"1307\" data-end=\"1338\">\n<p data-start=\"1309\" data-end=\"1338\">1 r\u00e9gua de tomadas de 19<\/p>\n<\/li>\n<li data-start=\"1339\" data-end=\"1364\">\n<p data-start=\"1341\" data-end=\"1364\">2 ventoinhas de teto<\/p>\n<\/li>\n<li data-start=\"1365\" data-end=\"1398\">\n<p data-start=\"1367\" data-end=\"1398\">1 conjunto de 25 porcas e parafusos<\/p>\n<\/li>\n<li data-start=\"1399\" data-end=\"1418\">\n<p data-start=\"1401\" data-end=\"1418\">1 conjunto de 4 rodas<\/p>\n<\/li>\n<li data-start=\"1419\" data-end=\"1450\">\n<p data-start=\"1421\" data-end=\"1450\">1 conjunto de 4 p\u00e9s niveladores<\/p>\n<\/li>\n<\/ul>\n<p data-start=\"1452\" data-end=\"1716\">Este arm\u00e1rio para bastidor possui uma <strong data-start=\"1481\" data-end=\"1529\">porta frontal perfurada<\/strong> e <strong data-start=\"1481\" data-end=\"1529\">curvada com<\/strong> fecho, uma <strong data-start=\"1531\" data-end=\"1554\">porta traseira lisa<\/strong> e <strong data-start=\"1558\" data-end=\"1592\">pain\u00e9is laterais amov\u00edveis<\/strong>, proporcionando um acesso f\u00e1cil ao equipamento. <strong data-start=\"1631\" data-end=\"1663\">Os<\/strong> seus <strong data-start=\"1631\" data-end=\"1663\">perfis deslizantes em forma de U<\/strong> permitem uma adapta\u00e7\u00e3o precisa dos dispositivos. <\/p>\n<p data-start=\"1718\" data-end=\"1901\">Cumpre as normas internacionais <strong data-start=\"1760\" data-end=\"1777\">EIA\/ECA-310-E<\/strong> e <strong data-start=\"1780\" data-end=\"1799\">IEC 60297-3-100<\/strong>, e tem certifica\u00e7\u00e3o <strong data-start=\"1830\" data-end=\"1836\">CE<\/strong> e <strong data-start=\"1839\" data-end=\"1847\">RoHS<\/strong>, garantindo compatibilidade e sustentabilidade.<\/p>\n<p data-start=\"1903\" data-end=\"2061\">Ideal para projectos que requerem uma <strong data-start=\"1942\" data-end=\"1987\">infraestrutura robusta, modular e fi\u00e1vel<\/strong>, com a garantia de qualidade da <strong data-start=\"2019\" data-end=\"2028\">GTlan<\/strong>, especialista em telecomunica\u00e7\u00f5es.<\/p>\n","protected":false},"excerpt":{"rendered":"<h6>Arm\u00e1rio Rack GLOBAL PRO 32U 19&#8243;, profundidade 600 mm e largura 600 mm. Fabricado em a\u00e7o SPCC de alta resist\u00eancia, inclui ventiladores, filtro de linha, bandeja fixa, rod\u00edzios e p\u00e9s niveladores. Solu\u00e7\u00e3o robusta para ambientes de TI, telecomunica\u00e7\u00f5es e centros de dados.  <\/h6>\n<h6><a href=\"https:\/\/gtlan.com\/wp-content\/uploads\/ftgtlan\/31GTP3266.pdf\" target=\"_blank\" rel=\"noopener\"><strong>\u21e9 Dados t\u00e9cnicos <\/strong><strong>\u21e9 <\/strong> <\/a><\/h6>\n<h6><\/h6>\n<h6><\/h6>\n","protected":false},"featured_media":33029,"template":"","meta":{"site-sidebar-layout":"default","site-content-layout":"","ast-site-content-layout":"default","site-content-style":"default","site-sidebar-style":"default","ast-global-header-display":"","ast-banner-title-visibility":"","ast-main-header-display":"","ast-hfb-above-header-display":"","ast-hfb-below-header-display":"","ast-hfb-mobile-header-display":"","site-post-title":"","ast-breadcrumbs-content":"","ast-featured-img":"","footer-sml-layout":"","ast-disable-related-posts":"","theme-transparent-header-meta":"default","adv-header-id-meta":"","stick-header-meta":"","header-above-stick-meta":"","header-main-stick-meta":"","header-below-stick-meta":"","astra-migrate-meta-layouts":"set","ast-page-background-enabled":"default","ast-page-background-meta":{"desktop":{"background-color":"var(--ast-global-color-5)","background-image":"","background-repeat":"repeat","background-position":"center center","background-size":"auto","background-attachment":"scroll","background-type":"","background-media":"","overlay-type":"","overlay-color":"","overlay-opacity":"","overlay-gradient":""},"tablet":{"background-color":"","background-image":"","background-repeat":"repeat","background-position":"center center","background-size":"auto","background-attachment":"scroll","background-type":"","background-media":"","overlay-type":"","overlay-color":"","overlay-opacity":"","overlay-gradient":""},"mobile":{"background-color":"","background-image":"","background-repeat":"repeat","background-position":"center center","background-size":"auto","background-attachment":"scroll","background-type":"","background-media":"","overlay-type":"","overlay-color":"","overlay-opacity":"","overlay-gradient":""}},"ast-content-background-meta":{"desktop":{"background-color":"var(--ast-global-color-4)","background-image":"","background-repeat":"repeat","background-position":"center center","background-size":"auto","background-attachment":"scroll","background-type":"","background-media":"","overlay-type":"","overlay-color":"","overlay-opacity":"","overlay-gradient":""},"tablet":{"background-color":"var(--ast-global-color-4)","background-image":"","background-repeat":"repeat","background-position":"center center","background-size":"auto","background-attachment":"scroll","background-type":"","background-media":"","overlay-type":"","overlay-color":"","overlay-opacity":"","overlay-gradient":""},"mobile":{"background-color":"var(--ast-global-color-4)","background-image":"","background-repeat":"repeat","background-position":"center center","background-size":"auto","background-attachment":"scroll","background-type":"","background-media":"","overlay-type":"","overlay-color":"","overlay-opacity":"","overlay-gradient":""}}},"product_brand":[],"product_cat":[6573,6638,6572,4230],"product_tag":[4295,4293,4294,4298,4296,4297],"class_list":{"0":"post-33026","1":"product","2":"type-product","3":"status-publish","4":"has-post-thumbnail","6":"product_cat-armario-para-estantes-de-chao","7":"product_cat-armario-rack-32u","8":"product_cat-armarios-para-estantes-de-chao-de-19","9":"product_cat-armarios-rack-pt-pt","10":"product_tag-armario-de-parede","11":"product_tag-armario-de-rack","12":"product_tag-armario-rack-de-19","13":"product_tag-armario-rack-gtlan-pt-pt","14":"product_tag-armario-rack-para-computador","15":"product_tag-preco-do-armario-rack","16":"desktop-align-left","17":"tablet-align-left","18":"mobile-align-left","20":"first","21":"instock","22":"shipping-taxable","23":"product-type-simple"},"_links":{"self":[{"href":"https:\/\/gtlan.com\/pt-pt\/wp-json\/wp\/v2\/product\/33026","targetHints":{"allow":["GET"]}}],"collection":[{"href":"https:\/\/gtlan.com\/pt-pt\/wp-json\/wp\/v2\/product"}],"about":[{"href":"https:\/\/gtlan.com\/pt-pt\/wp-json\/wp\/v2\/types\/product"}],"wp:featuredmedia":[{"embeddable":true,"href":"https:\/\/gtlan.com\/pt-pt\/wp-json\/wp\/v2\/media\/33029"}],"wp:attachment":[{"href":"https:\/\/gtlan.com\/pt-pt\/wp-json\/wp\/v2\/media?parent=33026"}],"wp:term":[{"taxonomy":"product_brand","embeddable":true,"href":"https:\/\/gtlan.com\/pt-pt\/wp-json\/wp\/v2\/product_brand?post=33026"},{"taxonomy":"product_cat","embeddable":true,"href":"https:\/\/gtlan.com\/pt-pt\/wp-json\/wp\/v2\/product_cat?post=33026"},{"taxonomy":"product_tag","embeddable":true,"href":"https:\/\/gtlan.com\/pt-pt\/wp-json\/wp\/v2\/product_tag?post=33026"}],"curies":[{"name":"wp","href":"https:\/\/api.w.org\/{rel}","templated":true}]}}