{"id":33086,"date":"2025-10-07T11:26:32","date_gmt":"2025-10-07T09:26:32","guid":{"rendered":"https:\/\/gtlan.com\/?post_type=product&#038;p=33086"},"modified":"2025-10-07T11:33:46","modified_gmt":"2025-10-07T09:33:46","slug":"ferramenta-de-purga-do-cabo-o-f-copia","status":"publish","type":"product","link":"https:\/\/gtlan.com\/pt-pt\/producto\/ferramenta-de-purga-do-cabo-o-f-copia\/","title":{"rendered":"M\u00e1quina de sangramento\/descascamento longitudinal e transversal para tubos e tripas at\u00e9 3,2 mm"},"content":{"rendered":"<p data-start=\"478\" data-end=\"906\">A <strong data-start=\"481\" data-end=\"553\">m\u00e1quina de decapagem longitudinal e transversal GTLAN (Ref. 34GTSPFO)<\/strong> \u00e9 uma ferramenta profissional concebida para a decapagem r\u00e1pida, precisa e segura de cabos, tubos e bainhas at\u00e9 <strong data-start=\"672\" data-end=\"689\">3,2 mm (1\/8&#8243;)<\/strong> de di\u00e2metro. Gra\u00e7as ao seu sistema de <strong data-start=\"727\" data-end=\"751\">l\u00e2minas regul\u00e1veis<\/strong> e aos seus diferentes modos de corte &#8211; longitudinal<strong data-start=\"785\" data-end=\"829\">, transversal e tipo janela &#8211;<\/strong>permite efetuar trabalhos de alta precis\u00e3o em todos os tipos de instala\u00e7\u00f5es. <\/p>\n<p data-start=\"908\" data-end=\"1196\">Fabricada em <strong data-start=\"921\" data-end=\"961\">pl\u00e1stico t\u00e9cnico de alta resist\u00eancia<\/strong>, esta ferramenta leve e duradoura \u00e9 confort\u00e1vel de utilizar mesmo durante longos per\u00edodos de tempo. Est\u00e1 equipada com <strong data-start=\"1062\" data-end=\"1122\">2 l\u00e2minas laterais, 1 l\u00e2mina frontal oval e 1 l\u00e2mina sobresselente<\/strong>, o que garante um descasque eficiente e prolonga a vida \u00fatil do equipamento. <\/p>\n<p data-start=\"1198\" data-end=\"1479\">\u00c9 compat\u00edvel com uma grande variedade de cabos, incluindo <strong data-start=\"1257\" data-end=\"1325\">RG-174, RG-187, S, SO, SJO, par entran\u00e7ado blindado e tubos PBT<\/strong>, tornando-o uma ferramenta vers\u00e1til para <strong data-start=\"1380\" data-end=\"1478\">instala\u00e7\u00f5es coaxiais, redes CATV, sistemas de antenas, cablagem estruturada e fibra \u00f3tica<\/strong>.<\/p>\n<p data-start=\"1481\" data-end=\"1676\">Compacto e f\u00e1cil de transportar, o sangrador\/despolpador GTLAN \u00e9 a solu\u00e7\u00e3o ideal para os profissionais de telecomunica\u00e7\u00f5es que procuram precis\u00e3o, rapidez e fiabilidade no seu trabalho di\u00e1rio.<\/p>\n","protected":false},"excerpt":{"rendered":"<h6>Crimpador\/desencapador profissional para cabos, tubos e bainhas at\u00e9 <strong data-start=\"264\" data-end=\"274\">3,2 mm<\/strong>, com l\u00e2minas ajust\u00e1veis e modos de corte longitudinal, transversal e de janela. Ideal para instala\u00e7\u00f5es de cabos coaxiais, de fibra \u00f3tica e de cablagem estruturada. <\/h6>\n<h6><a href=\"https:\/\/gtlan.com\/wp-content\/uploads\/ftgtlan\/34GTSPFO.pdf\" target=\"_blank\" rel=\"noopener\"><strong>\u21e9 Dados t\u00e9cnicos <\/strong><strong>\u21e9 <\/strong> <\/a><\/h6>\n<h6><\/h6>\n<h6><\/h6>\n","protected":false},"featured_media":33089,"template":"","meta":{"site-sidebar-layout":"default","site-content-layout":"","ast-site-content-layout":"default","site-content-style":"default","site-sidebar-style":"default","ast-global-header-display":"","ast-banner-title-visibility":"","ast-main-header-display":"","ast-hfb-above-header-display":"","ast-hfb-below-header-display":"","ast-hfb-mobile-header-display":"","site-post-title":"","ast-breadcrumbs-content":"","ast-featured-img":"","footer-sml-layout":"","ast-disable-related-posts":"","theme-transparent-header-meta":"default","adv-header-id-meta":"","stick-header-meta":"","header-above-stick-meta":"","header-main-stick-meta":"","header-below-stick-meta":"","astra-migrate-meta-layouts":"set","ast-page-background-enabled":"default","ast-page-background-meta":{"desktop":{"background-color":"var(--ast-global-color-5)","background-image":"","background-repeat":"repeat","background-position":"center center","background-size":"auto","background-attachment":"scroll","background-type":"","background-media":"","overlay-type":"","overlay-color":"","overlay-opacity":"","overlay-gradient":""},"tablet":{"background-color":"","background-image":"","background-repeat":"repeat","background-position":"center center","background-size":"auto","background-attachment":"scroll","background-type":"","background-media":"","overlay-type":"","overlay-color":"","overlay-opacity":"","overlay-gradient":""},"mobile":{"background-color":"","background-image":"","background-repeat":"repeat","background-position":"center center","background-size":"auto","background-attachment":"scroll","background-type":"","background-media":"","overlay-type":"","overlay-color":"","overlay-opacity":"","overlay-gradient":""}},"ast-content-background-meta":{"desktop":{"background-color":"var(--ast-global-color-4)","background-image":"","background-repeat":"repeat","background-position":"center center","background-size":"auto","background-attachment":"scroll","background-type":"","background-media":"","overlay-type":"","overlay-color":"","overlay-opacity":"","overlay-gradient":""},"tablet":{"background-color":"var(--ast-global-color-4)","background-image":"","background-repeat":"repeat","background-position":"center center","background-size":"auto","background-attachment":"scroll","background-type":"","background-media":"","overlay-type":"","overlay-color":"","overlay-opacity":"","overlay-gradient":""},"mobile":{"background-color":"var(--ast-global-color-4)","background-image":"","background-repeat":"repeat","background-position":"center center","background-size":"auto","background-attachment":"scroll","background-type":"","background-media":"","overlay-type":"","overlay-color":"","overlay-opacity":"","overlay-gradient":""}}},"product_brand":[],"product_cat":[4224,4218,7821,7640],"product_tag":[],"class_list":{"0":"post-33086","1":"product","2":"type-product","3":"status-publish","4":"has-post-thumbnail","6":"product_cat-ferramentas-de-fibra-optica","7":"product_cat-fibra-optica-pt-pt","8":"product_cat-outras-ferramentas-de-fibra-otica","9":"product_cat-verificacao-das-ferramentas-de-instalacao","10":"desktop-align-left","11":"tablet-align-left","12":"mobile-align-left","14":"first","15":"instock","16":"shipping-taxable","17":"product-type-simple"},"_links":{"self":[{"href":"https:\/\/gtlan.com\/pt-pt\/wp-json\/wp\/v2\/product\/33086","targetHints":{"allow":["GET"]}}],"collection":[{"href":"https:\/\/gtlan.com\/pt-pt\/wp-json\/wp\/v2\/product"}],"about":[{"href":"https:\/\/gtlan.com\/pt-pt\/wp-json\/wp\/v2\/types\/product"}],"wp:featuredmedia":[{"embeddable":true,"href":"https:\/\/gtlan.com\/pt-pt\/wp-json\/wp\/v2\/media\/33089"}],"wp:attachment":[{"href":"https:\/\/gtlan.com\/pt-pt\/wp-json\/wp\/v2\/media?parent=33086"}],"wp:term":[{"taxonomy":"product_brand","embeddable":true,"href":"https:\/\/gtlan.com\/pt-pt\/wp-json\/wp\/v2\/product_brand?post=33086"},{"taxonomy":"product_cat","embeddable":true,"href":"https:\/\/gtlan.com\/pt-pt\/wp-json\/wp\/v2\/product_cat?post=33086"},{"taxonomy":"product_tag","embeddable":true,"href":"https:\/\/gtlan.com\/pt-pt\/wp-json\/wp\/v2\/product_tag?post=33086"}],"curies":[{"name":"wp","href":"https:\/\/api.w.org\/{rel}","templated":true}]}}