{"id":33248,"date":"2025-11-10T13:00:25","date_gmt":"2025-11-10T12:00:25","guid":{"rendered":"https:\/\/gtlan.com\/?post_type=product&#038;p=33248"},"modified":"2026-01-21T10:43:25","modified_gmt":"2026-01-21T09:43:25","slug":"cabo-de-ligacao-rj45-c-6a-utp-lszh-5-m-copia","status":"publish","type":"product","link":"https:\/\/gtlan.com\/pt-pt\/producto\/cabo-de-ligacao-rj45-c-6a-utp-lszh-5-m-copia\/","title":{"rendered":"Cabo de liga\u00e7\u00e3o fino RJ45 C-6A U\/UTP, LSZH"},"content":{"rendered":"<p data-start=\"428\" data-end=\"668\"><strong data-start=\"431\" data-end=\"482\">O cabo de liga\u00e7\u00e3o RJ45 Cat 6A U\/UTP LSZH Slim RJ45 da GTlan<\/strong> \u00e9 a escolha ideal para ambientes onde o espa\u00e7o e a gest\u00e3o de cablagem s\u00e3o cr\u00edticos, como centros de dados de alta densidade, bastidores empresariais ou instala\u00e7\u00f5es profissionais.<\/p>\n<p data-start=\"670\" data-end=\"994\">O seu design ultrafino (\u00d8 3,7 mm) permite poupar at\u00e9 25% de espa\u00e7o em compara\u00e7\u00e3o com os patch cords normais, melhorando o fluxo de ar e a gest\u00e3o dos cabos. Fabricado com condutores AWG28 100% de cobre e conectores RJ45 banhados a ouro de 50\u00b5, garante uma transmiss\u00e3o est\u00e1vel e de elevado desempenho (at\u00e9 10 Gbps). <\/p>\n<p data-start=\"996\" data-end=\"1259\">Apresenta um inv\u00f3lucro <strong data-start=\"1016\" data-end=\"1024\">LSZH<\/strong> (Low Smoke Zero Halogen), ideal para ambientes onde a seguran\u00e7a contra inc\u00eandios \u00e9 fundamental. Al\u00e9m disso, a sua tampa de prote\u00e7\u00e3o anti-entalamento facilita a instala\u00e7\u00e3o e aumenta a durabilidade do conetor (at\u00e9 750 ciclos de liga\u00e7\u00e3o). <\/p>\n<p data-start=\"1261\" data-end=\"1437\">Dispon\u00edvel em comprimentos de 0,25 m a 10 m e em cinco cores (cinzento, azul, vermelho, amarelo, amarelo, verde).<br data-start=\"1358\" data-end=\"1361\">Certifica\u00e7\u00f5es: ANSI\/TIA 568.2-E, ISO\/IEC 11801, IEC 60332-1-2, RoHS, CE.<\/p>\n","protected":false},"excerpt":{"rendered":"<h6>Cabo de liga\u00e7\u00e3o RJ45 Cat 6A Slim RJ45 com revestimento LSZH. Design compacto para centros de dados de alta densidade. 100% cobre, AWG28, at\u00e9 10 Gbps. Dispon\u00edvel em v\u00e1rias cores e comprimentos.   <\/h6>\n<h6><a href=\"https:\/\/gtlan.com\/wp-content\/uploads\/ftgtlan\/50U6AxxxxS.pdf\" target=\"_blank\" rel=\"noopener\"><strong>\u21e9 Dados t\u00e9cnicos <\/strong><strong>\u21e9 <\/strong> <\/a><\/h6>\n<h6><\/h6>\n<h6><\/h6>\n","protected":false},"featured_media":33257,"template":"","meta":{"site-sidebar-layout":"default","site-content-layout":"","ast-site-content-layout":"default","site-content-style":"default","site-sidebar-style":"default","ast-global-header-display":"","ast-banner-title-visibility":"","ast-main-header-display":"","ast-hfb-above-header-display":"","ast-hfb-below-header-display":"","ast-hfb-mobile-header-display":"","site-post-title":"","ast-breadcrumbs-content":"","ast-featured-img":"","footer-sml-layout":"","ast-disable-related-posts":"","theme-transparent-header-meta":"default","adv-header-id-meta":"","stick-header-meta":"","header-above-stick-meta":"","header-main-stick-meta":"","header-below-stick-meta":"","astra-migrate-meta-layouts":"set","ast-page-background-enabled":"default","ast-page-background-meta":{"desktop":{"background-color":"var(--ast-global-color-5)","background-image":"","background-repeat":"repeat","background-position":"center center","background-size":"auto","background-attachment":"scroll","background-type":"","background-media":"","overlay-type":"","overlay-color":"","overlay-opacity":"","overlay-gradient":""},"tablet":{"background-color":"","background-image":"","background-repeat":"repeat","background-position":"center center","background-size":"auto","background-attachment":"scroll","background-type":"","background-media":"","overlay-type":"","overlay-color":"","overlay-opacity":"","overlay-gradient":""},"mobile":{"background-color":"","background-image":"","background-repeat":"repeat","background-position":"center center","background-size":"auto","background-attachment":"scroll","background-type":"","background-media":"","overlay-type":"","overlay-color":"","overlay-opacity":"","overlay-gradient":""}},"ast-content-background-meta":{"desktop":{"background-color":"var(--ast-global-color-4)","background-image":"","background-repeat":"repeat","background-position":"center center","background-size":"auto","background-attachment":"scroll","background-type":"","background-media":"","overlay-type":"","overlay-color":"","overlay-opacity":"","overlay-gradient":""},"tablet":{"background-color":"var(--ast-global-color-4)","background-image":"","background-repeat":"repeat","background-position":"center center","background-size":"auto","background-attachment":"scroll","background-type":"","background-media":"","overlay-type":"","overlay-color":"","overlay-opacity":"","overlay-gradient":""},"mobile":{"background-color":"var(--ast-global-color-4)","background-image":"","background-repeat":"repeat","background-position":"center center","background-size":"auto","background-attachment":"scroll","background-type":"","background-media":"","overlay-type":"","overlay-color":"","overlay-opacity":"","overlay-gradient":""}}},"product_brand":[],"product_cat":[4212,8480,8563,4226],"product_tag":[],"class_list":{"0":"post-33248","1":"product","2":"type-product","3":"status-publish","4":"has-post-thumbnail","6":"product_cat-cabeamento-de-rede","7":"product_cat-cabos-de-ligacao-rj45","8":"product_cat-categoria-6a-utp-pt-pt","9":"product_cat-rede-de-par-trancado-de-cobre","10":"desktop-align-left","11":"tablet-align-left","12":"mobile-align-left","14":"first","15":"instock","16":"shipping-taxable","17":"product-type-simple"},"_links":{"self":[{"href":"https:\/\/gtlan.com\/pt-pt\/wp-json\/wp\/v2\/product\/33248","targetHints":{"allow":["GET"]}}],"collection":[{"href":"https:\/\/gtlan.com\/pt-pt\/wp-json\/wp\/v2\/product"}],"about":[{"href":"https:\/\/gtlan.com\/pt-pt\/wp-json\/wp\/v2\/types\/product"}],"wp:featuredmedia":[{"embeddable":true,"href":"https:\/\/gtlan.com\/pt-pt\/wp-json\/wp\/v2\/media\/33257"}],"wp:attachment":[{"href":"https:\/\/gtlan.com\/pt-pt\/wp-json\/wp\/v2\/media?parent=33248"}],"wp:term":[{"taxonomy":"product_brand","embeddable":true,"href":"https:\/\/gtlan.com\/pt-pt\/wp-json\/wp\/v2\/product_brand?post=33248"},{"taxonomy":"product_cat","embeddable":true,"href":"https:\/\/gtlan.com\/pt-pt\/wp-json\/wp\/v2\/product_cat?post=33248"},{"taxonomy":"product_tag","embeddable":true,"href":"https:\/\/gtlan.com\/pt-pt\/wp-json\/wp\/v2\/product_tag?post=33248"}],"curies":[{"name":"wp","href":"https:\/\/api.w.org\/{rel}","templated":true}]}}